{"id":6253,"date":"2023-07-29T10:18:38","date_gmt":"2023-07-29T08:18:38","guid":{"rendered":"https:\/\/www.reinodeleon.com\/?page_id=6253"},"modified":"2024-06-17T13:48:46","modified_gmt":"2024-06-17T11:48:46","slug":"contact-us","status":"publish","type":"page","link":"https:\/\/www.reinodeleon.com\/en\/contact-us\/","title":{"rendered":"Contact us"},"content":{"rendered":"<div id=\"fws_69ecb7195442a\"  data-column-margin=\"default\" data-midnight=\"dark\"  class=\"wpb_row vc_row-fluid vc_row full-width-section vc_row-o-equal-height vc_row-flex vc_row-o-content-middle\"  style=\"padding-top: 0px; padding-bottom: 0px; \"><div class=\"row-bg-wrap\" data-bg-animation=\"none\" data-bg-animation-delay=\"\" data-bg-overlay=\"true\"><div class=\"inner-wrap row-bg-layer using-image\" ><div class=\"row-bg viewport-desktop using-image\"  style=\"background-image: url(https:\/\/www.reinodeleon.com\/wp-content\/uploads\/2023\/06\/bgwoodwhite.webp); background-position: left top; background-repeat: no-repeat; \"><\/div><\/div><div class=\"row-bg-overlay row-bg-layer\" style=\"background-color:#5b0c0f;  opacity: 0.8; \"><\/div><\/div><div class=\"row_col_wrap_12 col span_12 dark left\">\n\t<div  class=\"vc_col-sm-6 wpb_column column_container vc_column_container col padding-7-percent inherit_tablet inherit_phone\"  data-padding-pos=\"all\" data-has-bg-color=\"false\" data-bg-color=\"\" data-bg-opacity=\"1\" data-animation=\"\" data-delay=\"0\" >\n\t\t<div class=\"vc_column-inner\" >\n\t\t\t<div class=\"wpb_wrapper\">\n\t\t\t\t\n<div class=\"wpb_text_column wpb_content_element\" >\n\t<div class=\"wpb_wrapper\">\n\t\t<h1><span style=\"color: #ffffff;\">Contact with Reino de Le\u00f3n<\/span><\/h1>\n<p><span style=\"color: #ffffff; font-size: 14pt;\">We are located at <strong>Calle Soguillo, 16<\/strong>, en San Pedro de las Due\u00f1as, 24248, Le\u00f3n, Espa\u00f1a.<\/span><\/p>\n<p><span style=\"font-size: 14pt; color: #ffffff;\">You can call us at <a style=\"color: #ffffff;\" href=\"tel:+34987132942\"><strong>987 13 29 42<\/strong><\/a> and <a style=\"color: #ffffff;\" href=\"tel:+34687872610\"><strong>687 87 26 10<\/strong><\/a> or fill out the form below. We will answer you as soon as possible.\u00a0<\/span><\/p>\n\t<\/div>\n<\/div>\n\n\n\n<a class=\"nectar-button large regular extra-color-1  regular-button\"  style=\"\" target=\"_blank\" href=\"https:\/\/wa.me\/34687872610\" data-color-override=\"false\" data-hover-color-override=\"false\" data-hover-text-color-override=\"#fff\"><span>Send Whatsapp<\/span><\/a>\n\t\t\t<\/div> \n\t\t<\/div>\n\t<\/div> \n\n\t<div  class=\"vc_col-sm-6 wpb_column column_container vc_column_container col padding-3-percent inherit_tablet inherit_phone\"  data-padding-pos=\"all\" data-has-bg-color=\"false\" data-bg-color=\"\" data-bg-opacity=\"1\" data-animation=\"\" data-delay=\"0\" >\n\t\t<div class=\"vc_column-inner\" >\n\t\t\t<div class=\"wpb_wrapper\">\n\t\t\t\t\n\t<div class=\"wpb_raw_code wpb_content_element wpb_raw_html\" >\n\t\t<div class=\"wpb_wrapper\">\n\t\t\t<div class=\"forminator-ui forminator-custom-form forminator-custom-form-6330 forminator-design--default  forminator_ajax\" data-forminator-render=\"0\" data-form=\"forminator-module-6330\" data-uid=\"69ecb71955576\"><br\/><\/div><form\n\t\t\t\tid=\"forminator-module-6330\"\n\t\t\t\tclass=\"forminator-ui forminator-custom-form forminator-custom-form-6330 forminator-design--default  forminator_ajax\"\n\t\t\t\tmethod=\"post\"\n\t\t\t\tdata-forminator-render=\"0\"\n\t\t\t\tdata-form-id=\"6330\"\n\t\t\t\t data-color-option=\"default\" data-design=\"default\" data-grid=\"open\" style=\"display: none;\"\n\t\t\t\tdata-uid=\"69ecb71955576\" action=\"\"\n\t\t\t><div role=\"alert\" aria-live=\"polite\" class=\"forminator-response-message forminator-error\" aria-hidden=\"true\"><\/div><div class=\"forminator-row\"><div id=\"name-1\" class=\"forminator-field-name forminator-col forminator-col-12\"><div class=\"forminator-field\"><label for=\"forminator-field-name-1_69ecb71955576\" id=\"forminator-field-name-1_69ecb71955576-label\" class=\"forminator-label\">Name <span class=\"forminator-required\">*<\/span><\/label><input type=\"text\" name=\"name-1\" value=\"\" placeholder=\"\" id=\"forminator-field-name-1_69ecb71955576\" class=\"forminator-input forminator-name--field\" aria-required=\"true\" autocomplete=\"name\" \/><\/div><\/div><\/div><div class=\"forminator-row\"><div id=\"email-1\" class=\"forminator-field-email forminator-col forminator-col-12\"><div class=\"forminator-field\"><label for=\"forminator-field-email-1_69ecb71955576\" id=\"forminator-field-email-1_69ecb71955576-label\" class=\"forminator-label\">Email <span class=\"forminator-required\">*<\/span><\/label><input type=\"email\" name=\"email-1\" value=\"\" placeholder=\"\" id=\"forminator-field-email-1_69ecb71955576\" class=\"forminator-input forminator-email--field\" data-required=\"true\" aria-required=\"true\" autocomplete=\"email\" \/><\/div><\/div><\/div><div class=\"forminator-row\"><div id=\"phone-1\" class=\"forminator-field-phone forminator-col forminator-col-12\"><div class=\"forminator-field\"><label for=\"forminator-field-phone-1_69ecb71955576\" id=\"forminator-field-phone-1_69ecb71955576-label\" class=\"forminator-label\">Telephone<\/label><input type=\"text\" name=\"phone-1\" value=\"\" placeholder=\"\" id=\"forminator-field-phone-1_69ecb71955576\" class=\"forminator-input forminator-field--phone\" data-required=\"\" aria-required=\"false\" autocomplete=\"off\" \/><\/div><\/div><\/div><div class=\"forminator-row\"><div id=\"textarea-1\" class=\"forminator-field-textarea forminator-col forminator-col-12\"><div class=\"forminator-field\"><label for=\"forminator-field-textarea-1_69ecb71955576\" id=\"forminator-field-textarea-1_69ecb71955576-label\" class=\"forminator-label\">Your message<\/label><textarea name=\"textarea-1\" placeholder=\"\" id=\"forminator-field-textarea-1_69ecb71955576\" class=\"forminator-textarea\" rows=\"6\" style=\"--forminator-textarea-min-height:140px;\" maxlength=\"180\" ><\/textarea><span id=\"forminator-field-textarea-1_69ecb71955576-description\" class=\"forminator-description\"><span data-limit=\"180\" data-type=\"characters\" data-editor=\"\">0 \/ 180<\/span><\/span><\/div><\/div><\/div><input type=\"hidden\" name=\"referer_url\" value=\"\" \/><div class=\"forminator-row forminator-row-last\"><div class=\"forminator-col\"><div class=\"forminator-field\"><button class=\"forminator-button forminator-button-submit\">Send message<\/button><\/div><\/div><\/div><input type=\"hidden\" id=\"forminator_nonce\" name=\"forminator_nonce\" value=\"11e560672c\" \/><input type=\"hidden\" name=\"_wp_http_referer\" value=\"\/en\/wp-json\/wp\/v2\/pages\/6253\" \/><input type=\"hidden\" name=\"form_id\" value=\"6330\"><input type=\"hidden\" name=\"page_id\" value=\"6253\"><input type=\"hidden\" name=\"form_type\" value=\"default\"><input type=\"hidden\" name=\"current_url\" value=\"https:\/\/www.reinodeleon.com\/en\/contact-us\/\"><input type=\"hidden\" name=\"render_id\" value=\"0\"><input type=\"hidden\" name=\"action\" value=\"forminator_submit_form_custom-forms\"><input type=\"hidden\" name=\"trp-form-language\" value=\"en\"\/><\/form>\n\t\t<\/div>\n\t<\/div>\n\n\t\t\t<\/div> \n\t\t<\/div>\n\t<\/div> \n<\/div><\/div>\n\t\t<div id=\"fws_69ecb71959df6\"  data-column-margin=\"default\" data-midnight=\"dark\"  class=\"wpb_row vc_row-fluid vc_row full-width-section  bottom_margin_0px\"  style=\"padding-top: 0px; padding-bottom: 0px; \"><div class=\"row-bg-wrap\" data-bg-animation=\"none\" data-bg-animation-delay=\"\" data-bg-overlay=\"true\"><div class=\"inner-wrap row-bg-layer using-image\" ><div class=\"row-bg viewport-desktop using-image\"  style=\"background-image: url(https:\/\/www.reinodeleon.com\/wp-content\/uploads\/2023\/06\/bgwoodwhite.webp); background-position: left top; background-repeat: no-repeat; \"><\/div><\/div><div class=\"row-bg-overlay row-bg-layer\" style=\"background-color:#5b0c0f;  opacity: 0.8; \"><\/div><\/div><div class=\"row_col_wrap_12 col span_12 dark left\">\n\t<div  class=\"vc_col-sm-12 wpb_column column_container vc_column_container col no-extra-padding inherit_tablet inherit_phone\"  data-padding-pos=\"all\" data-has-bg-color=\"false\" data-bg-color=\"\" data-bg-opacity=\"1\" data-animation=\"\" data-delay=\"0\" >\n\t\t<div class=\"vc_column-inner\" >\n\t\t\t<div class=\"wpb_wrapper\">\n\t\t\t\t<div class=\"img-with-aniamtion-wrap center\" data-max-width=\"100%\" data-max-width-mobile=\"default\" data-shadow=\"none\" data-animation=\"none\" >\n      <div class=\"inner\">\n        <div class=\"hover-wrap\"> \n          <div class=\"hover-wrap-inner\">\n            <img loading=\"lazy\" decoding=\"async\" class=\"img-with-animation skip-lazy\" data-delay=\"0\" height=\"218\" width=\"400\" data-animation=\"none\" src=\"https:\/\/www.reinodeleon.com\/wp-content\/uploads\/2023\/07\/LOGO_REINODELEON_EDITABLE_V2023.webp\" alt=\"LOGO_REINODELEON_EDITABLE_V2023\" srcset=\"https:\/\/www.reinodeleon.com\/wp-content\/uploads\/2023\/07\/LOGO_REINODELEON_EDITABLE_V2023.webp 400w, https:\/\/www.reinodeleon.com\/wp-content\/uploads\/2023\/07\/LOGO_REINODELEON_EDITABLE_V2023-300x164.webp 300w\" sizes=\"(max-width: 400px) 100vw, 400px\" \/>\n          <\/div>\n        <\/div>\n      <\/div>\n    <\/div>\n\t\t\t<\/div> \n\t\t<\/div>\n\t<\/div> \n<\/div><\/div>\n\t\t<div id=\"fws_69ecb7195af75\"  data-column-margin=\"default\" data-midnight=\"dark\"  class=\"wpb_row vc_row-fluid vc_row full-width-content vc_row-o-equal-height vc_row-flex vc_row-o-content-top\"  style=\"padding-top: 0px; padding-bottom: 0px; \"><div class=\"row-bg-wrap\" data-bg-animation=\"none\" data-bg-animation-delay=\"\" data-bg-overlay=\"false\"><div class=\"inner-wrap row-bg-layer\" ><div class=\"row-bg viewport-desktop using-bg-color\"  style=\"background-color: #eff0f4; \"><\/div><\/div><\/div><div class=\"row_col_wrap_12 col span_12 dark left\">\n\t<div  class=\"vc_col-sm-12 wpb_column column_container vc_column_container col no-extra-padding inherit_tablet inherit_phone\"  data-padding-pos=\"all\" data-has-bg-color=\"false\" data-bg-color=\"\" data-bg-opacity=\"1\" data-animation=\"\" data-delay=\"0\" >\n\t\t<div class=\"vc_column-inner\" >\n\t\t\t<div class=\"wpb_wrapper\">\n\t\t\t\t\n\t<div class=\"wpb_raw_code wpb_content_element wpb_raw_html\" >\n\t\t<div class=\"wpb_wrapper\">\n\t\t\t<iframe loading=\"lazy\" style=\"border: 0;\" src=\"https:\/\/www.google.com\/maps\/embed?pb=!1m14!1m8!1m3!1d11803.17427595917!2d-5.75495!3d42.30427!3m2!1i1024!2i768!4f13.1!3m3!1m2!1s0x0%3A0x1c1e17134ecd35dc!2sReino+De+Le%C3%B3n+Exclusivas+Y+Distribuciones!5e0!3m2!1ses!2ses!4v1493826106898\" width=\"100%\" height=\"450\" frameborder=\"0\" allowfullscreen=\"allowfullscreen\"><\/iframe>\n\t\t<\/div>\n\t<\/div>\n\n\t\t\t<\/div> \n\t\t<\/div>\n\t<\/div> \n<\/div><\/div>\n\t\t<div id=\"fws_69ecb7195b4ef\"  data-column-margin=\"default\" data-midnight=\"dark\"  class=\"wpb_row vc_row-fluid vc_row\"  style=\"padding-top: 50px; padding-bottom: 50px; \"><div class=\"row-bg-wrap\" data-bg-animation=\"none\" data-bg-animation-delay=\"\" data-bg-overlay=\"false\"><div class=\"inner-wrap row-bg-layer\" ><div class=\"row-bg viewport-desktop\"  style=\"\"><\/div><\/div><\/div><div class=\"row_col_wrap_12 col span_12 dark left\">\n\t<div  class=\"vc_col-sm-12 wpb_column column_container vc_column_container col no-extra-padding inherit_tablet inherit_phone\"  data-padding-pos=\"all\" data-has-bg-color=\"false\" data-bg-color=\"\" data-bg-opacity=\"1\" data-animation=\"\" data-delay=\"0\" >\n\t\t<div class=\"vc_column-inner\" >\n\t\t\t<div class=\"wpb_wrapper\">\n\t\t\t\t\n<div class=\"wpb_text_column wpb_content_element\" >\n\t<div class=\"wpb_wrapper\">\n\t\t<h2 style=\"text-align: center;\">Follow us on social networks!<\/h2>\n\t<\/div>\n<\/div>\n\n\n\n<div id=\"fws_69ecb7195bab2\" data-midnight=\"\" data-column-margin=\"default\" class=\"wpb_row vc_row-fluid vc_row inner_row\"  style=\"\"><div class=\"row-bg-wrap\"> <div class=\"row-bg\" ><\/div> <\/div><div class=\"row_col_wrap_12_inner col span_12  left\">\n\t<div  class=\"vc_col-sm-2 vc_hidden-xs wpb_column column_container vc_column_container col child_column no-extra-padding inherit_tablet inherit_phone\"   data-padding-pos=\"all\" data-has-bg-color=\"false\" data-bg-color=\"\" data-bg-opacity=\"1\" data-animation=\"\" data-delay=\"0\" >\n\t\t<div class=\"vc_column-inner\" >\n\t\t<div class=\"wpb_wrapper\">\n\t\t\t\n\t\t<\/div> \n\t<\/div>\n\t<\/div> \n\n\t<div  class=\"vc_col-sm-2 vc_col-xs-3 wpb_column column_container vc_column_container col child_column no-extra-padding inherit_tablet inherit_phone\"   data-padding-pos=\"all\" data-has-bg-color=\"false\" data-bg-color=\"\" data-bg-opacity=\"1\" data-animation=\"\" data-delay=\"0\" >\n\t\t<div class=\"vc_column-inner\" >\n\t\t<div class=\"wpb_wrapper\">\n\t\t\t<div class=\"img-with-aniamtion-wrap center\" data-max-width=\"100%\" data-max-width-mobile=\"default\" data-shadow=\"none\" data-animation=\"none\" >\n      <div class=\"inner\">\n        <div class=\"hover-wrap\"> \n          <div class=\"hover-wrap-inner\">\n            <a href=\"https:\/\/www.facebook.com\/ReinodLeon\/\" target=\"_blank\" class=\"center\">\n              <img loading=\"lazy\" decoding=\"async\" class=\"img-with-animation skip-lazy\" data-delay=\"0\" height=\"128\" width=\"128\" data-animation=\"none\" src=\"https:\/\/www.reinodeleon.com\/wp-content\/uploads\/2023\/07\/contac_reino_fb.png\" alt=\"logo facebook\" srcset=\"https:\/\/www.reinodeleon.com\/wp-content\/uploads\/2023\/07\/contac_reino_fb.png 128w, https:\/\/www.reinodeleon.com\/wp-content\/uploads\/2023\/07\/contac_reino_fb-100x100.png 100w\" sizes=\"(max-width: 128px) 100vw, 128px\" \/>\n            <\/a>\n          <\/div>\n        <\/div>\n      <\/div>\n      <\/div>\n\t\t<\/div> \n\t<\/div>\n\t<\/div> \n\n\t<div  class=\"vc_col-sm-2 vc_col-xs-3 wpb_column column_container vc_column_container col child_column no-extra-padding inherit_tablet inherit_phone\"   data-padding-pos=\"all\" data-has-bg-color=\"false\" data-bg-color=\"\" data-bg-opacity=\"1\" data-animation=\"\" data-delay=\"0\" >\n\t\t<div class=\"vc_column-inner\" >\n\t\t<div class=\"wpb_wrapper\">\n\t\t\t<div class=\"img-with-aniamtion-wrap center\" data-max-width=\"100%\" data-max-width-mobile=\"default\" data-shadow=\"none\" data-animation=\"none\" >\n      <div class=\"inner\">\n        <div class=\"hover-wrap\"> \n          <div class=\"hover-wrap-inner\">\n            <a href=\"https:\/\/www.instagram.com\/reinodeleon\" target=\"_blank\" class=\"center\">\n              <img loading=\"lazy\" decoding=\"async\" class=\"img-with-animation skip-lazy\" data-delay=\"0\" height=\"128\" width=\"128\" data-animation=\"none\" src=\"https:\/\/www.reinodeleon.com\/wp-content\/uploads\/2023\/07\/contac_reino_ig.png\" alt=\"logo instagram\" srcset=\"https:\/\/www.reinodeleon.com\/wp-content\/uploads\/2023\/07\/contac_reino_ig.png 128w, https:\/\/www.reinodeleon.com\/wp-content\/uploads\/2023\/07\/contac_reino_ig-100x100.png 100w\" sizes=\"(max-width: 128px) 100vw, 128px\" \/>\n            <\/a>\n          <\/div>\n        <\/div>\n      <\/div>\n      <\/div>\n\t\t<\/div> \n\t<\/div>\n\t<\/div> \n\n\t<div  class=\"vc_col-sm-2 vc_col-xs-3 wpb_column column_container vc_column_container col child_column no-extra-padding inherit_tablet inherit_phone\"   data-padding-pos=\"all\" data-has-bg-color=\"false\" data-bg-color=\"\" data-bg-opacity=\"1\" data-animation=\"\" data-delay=\"0\" >\n\t\t<div class=\"vc_column-inner\" >\n\t\t<div class=\"wpb_wrapper\">\n\t\t\t<div class=\"img-with-aniamtion-wrap center\" data-max-width=\"100%\" data-max-width-mobile=\"default\" data-shadow=\"none\" data-animation=\"none\" >\n      <div class=\"inner\">\n        <div class=\"hover-wrap\"> \n          <div class=\"hover-wrap-inner\">\n            <a href=\"https:\/\/www.linkedin.com\/company\/reino-de-leon\" target=\"_blank\" class=\"center\">\n              <img loading=\"lazy\" decoding=\"async\" class=\"img-with-animation skip-lazy\" data-delay=\"0\" height=\"128\" width=\"128\" data-animation=\"none\" src=\"https:\/\/www.reinodeleon.com\/wp-content\/uploads\/2023\/07\/contac_reino_lin.png\" alt=\"logo linkedin\" srcset=\"https:\/\/www.reinodeleon.com\/wp-content\/uploads\/2023\/07\/contac_reino_lin.png 128w, https:\/\/www.reinodeleon.com\/wp-content\/uploads\/2023\/07\/contac_reino_lin-100x100.png 100w\" sizes=\"(max-width: 128px) 100vw, 128px\" \/>\n            <\/a>\n          <\/div>\n        <\/div>\n      <\/div>\n      <\/div>\n\t\t<\/div> \n\t<\/div>\n\t<\/div> \n\n\t<div  class=\"vc_col-sm-2 vc_col-xs-3 wpb_column column_container vc_column_container col child_column no-extra-padding inherit_tablet inherit_phone\"   data-padding-pos=\"all\" data-has-bg-color=\"false\" data-bg-color=\"\" data-bg-opacity=\"1\" data-animation=\"\" data-delay=\"0\" >\n\t\t<div class=\"vc_column-inner\" >\n\t\t<div class=\"wpb_wrapper\">\n\t\t\t<div class=\"img-with-aniamtion-wrap center\" data-max-width=\"100%\" data-max-width-mobile=\"default\" data-shadow=\"none\" data-animation=\"none\" >\n      <div class=\"inner\">\n        <div class=\"hover-wrap\"> \n          <div class=\"hover-wrap-inner\">\n            <a href=\"https:\/\/www.tiktok.com\/@reinodeleon_\" target=\"_blank\" class=\"center\">\n              <img loading=\"lazy\" decoding=\"async\" class=\"img-with-animation skip-lazy\" data-delay=\"0\" height=\"128\" width=\"128\" data-animation=\"none\" src=\"https:\/\/www.reinodeleon.com\/wp-content\/uploads\/2023\/07\/contac_reino_tiktok.png\" alt=\"logo tiktok\" srcset=\"https:\/\/www.reinodeleon.com\/wp-content\/uploads\/2023\/07\/contac_reino_tiktok.png 128w, https:\/\/www.reinodeleon.com\/wp-content\/uploads\/2023\/07\/contac_reino_tiktok-100x100.png 100w\" sizes=\"(max-width: 128px) 100vw, 128px\" \/>\n            <\/a>\n          <\/div>\n        <\/div>\n      <\/div>\n      <\/div>\n\t\t<\/div> \n\t<\/div>\n\t<\/div> \n\n\t<div  class=\"vc_col-sm-2 vc_hidden-xs wpb_column column_container vc_column_container col child_column no-extra-padding inherit_tablet inherit_phone\"   data-padding-pos=\"all\" data-has-bg-color=\"false\" data-bg-color=\"\" data-bg-opacity=\"1\" data-animation=\"\" data-delay=\"0\" >\n\t\t<div class=\"vc_column-inner\" >\n\t\t<div class=\"wpb_wrapper\">\n\t\t\t\n\t\t<\/div> \n\t<\/div>\n\t<\/div> \n<\/div><\/div>\n\t\t\t<\/div> \n\t\t<\/div>\n\t<\/div> \n<\/div><\/div>","protected":false},"excerpt":{"rendered":"Contact with Reino de Le\u00f3n We are located at Calle Soguillo, 16, en San Pedro de las Due\u00f1as, 24248, Le\u00f3n, Espa\u00f1a. You can call us at 987 13 29 42...","protected":false},"author":1,"featured_media":0,"parent":0,"menu_order":0,"comment_status":"closed","ping_status":"closed","template":"","meta":{"_monsterinsights_skip_tracking":false,"_monsterinsights_sitenote_active":false,"_monsterinsights_sitenote_note":"","_monsterinsights_sitenote_category":0,"footnotes":""},"class_list":["post-6253","page","type-page","status-publish"],"yoast_head":"<!-- This site is optimized with the Yoast SEO plugin v25.6 - https:\/\/yoast.com\/wordpress\/plugins\/seo\/ -->\n<title>Contact us - Reino de Le\u00f3n<\/title>\n<meta name=\"description\" content=\"Discover Reino de Le\u00f3n, a family-owned business offering high-quality gourmet products like cheese bites in oil and artisanal jams, reflecting the authenticity and tradition of our region.\" \/>\n<meta name=\"robots\" content=\"index, follow, max-snippet:-1, max-image-preview:large, max-video-preview:-1\" \/>\n<link rel=\"canonical\" href=\"https:\/\/www.reinodeleon.com\/en\/contact-us\/\" \/>\n<meta property=\"og:locale\" content=\"en_GB\" \/>\n<meta property=\"og:type\" content=\"article\" \/>\n<meta property=\"og:title\" content=\"Contact us - Reino de Le\u00f3n\" \/>\n<meta property=\"og:description\" content=\"Discover Reino de Le\u00f3n, a family-owned business offering high-quality gourmet products like cheese bites in oil and artisanal jams, reflecting the authenticity and tradition of our region.\" \/>\n<meta property=\"og:url\" content=\"https:\/\/www.reinodeleon.com\/en\/contact-us\/\" \/>\n<meta property=\"og:site_name\" content=\"Reino de Le\u00f3n\" \/>\n<meta property=\"article:publisher\" content=\"https:\/\/www.facebook.com\/ReinodLeon\" \/>\n<meta property=\"article:modified_time\" content=\"2024-06-17T11:48:46+00:00\" \/>\n<meta name=\"twitter:card\" content=\"summary_large_image\" \/>\n<meta name=\"twitter:label1\" content=\"Estimated reading time\" \/>\n\t<meta name=\"twitter:data1\" content=\"9 minutes\" \/>\n<script type=\"application\/ld+json\" class=\"yoast-schema-graph\">{\"@context\":\"https:\/\/schema.org\",\"@graph\":[{\"@type\":\"WebPage\",\"@id\":\"https:\/\/www.reinodeleon.com\/en\/contact-us\/\",\"url\":\"https:\/\/www.reinodeleon.com\/en\/contact-us\/\",\"name\":\"Contact us - Reino de Le\u00f3n\",\"isPartOf\":{\"@id\":\"https:\/\/www.reinodeleon.com\/en\/#website\"},\"datePublished\":\"2023-07-29T08:18:38+00:00\",\"dateModified\":\"2024-06-17T11:48:46+00:00\",\"description\":\"Discover Reino de Le\u00f3n, a family-owned business offering high-quality gourmet products like cheese bites in oil and artisanal jams, reflecting the authenticity and tradition of our region.\",\"breadcrumb\":{\"@id\":\"https:\/\/www.reinodeleon.com\/en\/contact-us\/#breadcrumb\"},\"inLanguage\":\"en-GB\",\"potentialAction\":[{\"@type\":\"ReadAction\",\"target\":[\"https:\/\/www.reinodeleon.com\/en\/contact-us\/\"]}]},{\"@type\":\"BreadcrumbList\",\"@id\":\"https:\/\/www.reinodeleon.com\/en\/contact-us\/#breadcrumb\",\"itemListElement\":[{\"@type\":\"ListItem\",\"position\":1,\"name\":\"Portada\",\"item\":\"https:\/\/www.reinodeleon.com\/\"},{\"@type\":\"ListItem\",\"position\":2,\"name\":\"Contact us\"}]},{\"@type\":\"WebSite\",\"@id\":\"https:\/\/www.reinodeleon.com\/en\/#website\",\"url\":\"https:\/\/www.reinodeleon.com\/en\/\",\"name\":\"Reino de Le\u00f3n\",\"description\":\"Web de productos del reino de Le\u00f3n t\u00edpicos regionales\",\"potentialAction\":[{\"@type\":\"SearchAction\",\"target\":{\"@type\":\"EntryPoint\",\"urlTemplate\":\"https:\/\/www.reinodeleon.com\/en\/?s={search_term_string}\"},\"query-input\":{\"@type\":\"PropertyValueSpecification\",\"valueRequired\":true,\"valueName\":\"search_term_string\"}}],\"inLanguage\":\"en-GB\"}]}<\/script>\n<!-- \/ Yoast SEO plugin. -->","yoast_head_json":{"title":"Contact us - Reino de Le\u00f3n","description":"Discover Reino de Le\u00f3n, a family-owned business offering high-quality gourmet products like cheese bites in oil and artisanal jams, reflecting the authenticity and tradition of our region.","robots":{"index":"index","follow":"follow","max-snippet":"max-snippet:-1","max-image-preview":"max-image-preview:large","max-video-preview":"max-video-preview:-1"},"canonical":"https:\/\/www.reinodeleon.com\/en\/contact-us\/","og_locale":"en_GB","og_type":"article","og_title":"Contact us - Reino de Le\u00f3n","og_description":"Discover Reino de Le\u00f3n, a family-owned business offering high-quality gourmet products like cheese bites in oil and artisanal jams, reflecting the authenticity and tradition of our region.","og_url":"https:\/\/www.reinodeleon.com\/en\/contact-us\/","og_site_name":"Reino de Le\u00f3n","article_publisher":"https:\/\/www.facebook.com\/ReinodLeon","article_modified_time":"2024-06-17T11:48:46+00:00","twitter_card":"summary_large_image","twitter_misc":{"Estimated reading time":"9 minutes"},"schema":{"@context":"https:\/\/schema.org","@graph":[{"@type":"WebPage","@id":"https:\/\/www.reinodeleon.com\/en\/contact-us\/","url":"https:\/\/www.reinodeleon.com\/en\/contact-us\/","name":"Contact us - Reino de Le\u00f3n","isPartOf":{"@id":"https:\/\/www.reinodeleon.com\/en\/#website"},"datePublished":"2023-07-29T08:18:38+00:00","dateModified":"2024-06-17T11:48:46+00:00","description":"Discover Reino de Le\u00f3n, a family-owned business offering high-quality gourmet products like cheese bites in oil and artisanal jams, reflecting the authenticity and tradition of our region.","breadcrumb":{"@id":"https:\/\/www.reinodeleon.com\/en\/contact-us\/#breadcrumb"},"inLanguage":"en-GB","potentialAction":[{"@type":"ReadAction","target":["https:\/\/www.reinodeleon.com\/en\/contact-us\/"]}]},{"@type":"BreadcrumbList","@id":"https:\/\/www.reinodeleon.com\/en\/contact-us\/#breadcrumb","itemListElement":[{"@type":"ListItem","position":1,"name":"Portada","item":"https:\/\/www.reinodeleon.com\/"},{"@type":"ListItem","position":2,"name":"Contact us"}]},{"@type":"WebSite","@id":"https:\/\/www.reinodeleon.com\/en\/#website","url":"https:\/\/www.reinodeleon.com\/en\/","name":"Reino de Le\u00f3n","description":"Web de productos del reino de Le\u00f3n t\u00edpicos regionales","potentialAction":[{"@type":"SearchAction","target":{"@type":"EntryPoint","urlTemplate":"https:\/\/www.reinodeleon.com\/en\/?s={search_term_string}"},"query-input":{"@type":"PropertyValueSpecification","valueRequired":true,"valueName":"search_term_string"}}],"inLanguage":"en-GB"}]}},"_links":{"self":[{"href":"https:\/\/www.reinodeleon.com\/en\/wp-json\/wp\/v2\/pages\/6253"}],"collection":[{"href":"https:\/\/www.reinodeleon.com\/en\/wp-json\/wp\/v2\/pages"}],"about":[{"href":"https:\/\/www.reinodeleon.com\/en\/wp-json\/wp\/v2\/types\/page"}],"author":[{"embeddable":true,"href":"https:\/\/www.reinodeleon.com\/en\/wp-json\/wp\/v2\/users\/1"}],"replies":[{"embeddable":true,"href":"https:\/\/www.reinodeleon.com\/en\/wp-json\/wp\/v2\/comments?post=6253"}],"version-history":[{"count":8,"href":"https:\/\/www.reinodeleon.com\/en\/wp-json\/wp\/v2\/pages\/6253\/revisions"}],"predecessor-version":[{"id":6683,"href":"https:\/\/www.reinodeleon.com\/en\/wp-json\/wp\/v2\/pages\/6253\/revisions\/6683"}],"wp:attachment":[{"href":"https:\/\/www.reinodeleon.com\/en\/wp-json\/wp\/v2\/media?parent=6253"}],"curies":[{"name":"wp","href":"https:\/\/api.w.org\/{rel}","templated":true}]}}