{"id":429,"date":"2018-08-30T10:21:50","date_gmt":"2018-08-30T08:21:50","guid":{"rendered":"http:\/\/reinodeleon.com\/?post_type=product&#038;p=429"},"modified":"2025-11-11T17:22:03","modified_gmt":"2025-11-11T16:22:03","slug":"figs-in-syrup","status":"publish","type":"product","link":"https:\/\/www.reinodeleon.com\/en\/product\/figs-in-syrup\/","title":{"rendered":"Figs in Syrup"},"content":{"rendered":"<p><strong>Ingredients:<\/strong> figs, sugar and water.<br \/>\nMade with 65 g of fruit per 100 g.<br \/>\nTotal sugar content: 48 g per 100 g.<\/p>\n<p><strong>Nutritional information<\/strong> 100 g. Energy value 780 kJ \/187 kcal. Fats &lt;0,1 g of which saturated 0 g. Carbohydrates\u00a0 41,6 g of which 32 g sugars. Proteins 0,8 g. Salt &lt;0,1 g.<\/p>\n<p>100% natural.<br \/>\nHandmade with fresh seasonal fruit.<\/p>\n<p><strong>Additives free. Gluten free.<\/strong><br \/>\n<strong>No preservatives or coloring agents.<\/strong><\/p>\n<p>Once opened, keep refrigerated.<\/p>\n<p>Health registration number: 26.019106-le<\/p>","protected":false},"excerpt":{"rendered":"<p>Figs in syrup are a delight for the most discerning palates. Not only are they the perfect ingredient to make delicious desserts, but they are also an easy and great way to enjoy seasonal fruit all year round.<\/p>\n<p>Net Weight 510 g<\/p>\n<p>Drained Weight 300 g<\/p>","protected":false},"featured_media":6153,"template":"","meta":{"_monsterinsights_skip_tracking":false,"_monsterinsights_sitenote_active":false,"_monsterinsights_sitenote_note":"","_monsterinsights_sitenote_category":0},"product_brand":[],"product_cat":[67],"product_tag":[],"class_list":{"0":"post-429","1":"product","2":"type-product","3":"status-publish","4":"has-post-thumbnail","6":"product_cat-others","8":"first","9":"instock","10":"taxable","11":"shipping-taxable","12":"purchasable","13":"product-type-simple"},"yoast_head":"<!-- This site is optimized with the Yoast SEO plugin v25.6 - https:\/\/yoast.com\/wordpress\/plugins\/seo\/ -->\n<title>Figs in Syrup - Reino de Le\u00f3n<\/title>\n<meta name=\"description\" content=\"Experience the exquisite Reino de Le\u00f3n figs in syrup. Savor its unique and authentic flavor, perfect for enhancing your breakfasts and desserts.\" \/>\n<meta name=\"robots\" content=\"index, follow, max-snippet:-1, max-image-preview:large, max-video-preview:-1\" \/>\n<link rel=\"canonical\" href=\"https:\/\/www.reinodeleon.com\/en\/product\/figs-in-syrup\/\" \/>\n<meta property=\"og:locale\" content=\"en_GB\" \/>\n<meta property=\"og:type\" content=\"article\" \/>\n<meta property=\"og:title\" content=\"Figs in Syrup - Reino de Le\u00f3n\" \/>\n<meta property=\"og:description\" content=\"Experience the exquisite Reino de Le\u00f3n figs in syrup. Savor its unique and authentic flavor, perfect for enhancing your breakfasts and desserts.\" \/>\n<meta property=\"og:url\" content=\"https:\/\/www.reinodeleon.com\/en\/product\/figs-in-syrup\/\" \/>\n<meta property=\"og:site_name\" content=\"Reino de Le\u00f3n\" \/>\n<meta property=\"article:publisher\" content=\"https:\/\/www.facebook.com\/ReinodLeon\" \/>\n<meta property=\"article:modified_time\" content=\"2025-11-11T16:22:03+00:00\" \/>\n<meta property=\"og:image\" content=\"https:\/\/www.reinodeleon.com\/wp-content\/uploads\/2018\/08\/HIGOS_Almibar-scaled.jpg\" \/>\n\t<meta property=\"og:image:width\" content=\"2560\" \/>\n\t<meta property=\"og:image:height\" content=\"2560\" \/>\n\t<meta property=\"og:image:type\" content=\"image\/jpeg\" \/>\n<meta name=\"twitter:card\" content=\"summary_large_image\" \/>\n<script type=\"application\/ld+json\" class=\"yoast-schema-graph\">{\"@context\":\"https:\/\/schema.org\",\"@graph\":[{\"@type\":\"WebPage\",\"@id\":\"https:\/\/www.reinodeleon.com\/en\/product\/figs-in-syrup\/\",\"url\":\"https:\/\/www.reinodeleon.com\/en\/product\/figs-in-syrup\/\",\"name\":\"Figs in Syrup - Reino de Le\u00f3n\",\"isPartOf\":{\"@id\":\"https:\/\/www.reinodeleon.com\/en\/#website\"},\"primaryImageOfPage\":{\"@id\":\"https:\/\/www.reinodeleon.com\/en\/product\/figs-in-syrup\/#primaryimage\"},\"image\":{\"@id\":\"https:\/\/www.reinodeleon.com\/en\/product\/figs-in-syrup\/#primaryimage\"},\"thumbnailUrl\":\"https:\/\/www.reinodeleon.com\/wp-content\/uploads\/2018\/08\/HIGOS_Almibar-scaled.jpg\",\"datePublished\":\"2018-08-30T08:21:50+00:00\",\"dateModified\":\"2025-11-11T16:22:03+00:00\",\"description\":\"Experience the exquisite Reino de Le\u00f3n figs in syrup. Savor its unique and authentic flavor, perfect for enhancing your breakfasts and desserts.\",\"breadcrumb\":{\"@id\":\"https:\/\/www.reinodeleon.com\/en\/product\/figs-in-syrup\/#breadcrumb\"},\"inLanguage\":\"en-GB\",\"potentialAction\":[{\"@type\":\"ReadAction\",\"target\":[\"https:\/\/www.reinodeleon.com\/en\/product\/figs-in-syrup\/\"]}]},{\"@type\":\"ImageObject\",\"inLanguage\":\"en-GB\",\"@id\":\"https:\/\/www.reinodeleon.com\/en\/product\/figs-in-syrup\/#primaryimage\",\"url\":\"https:\/\/www.reinodeleon.com\/wp-content\/uploads\/2018\/08\/HIGOS_Almibar-scaled.jpg\",\"contentUrl\":\"https:\/\/www.reinodeleon.com\/wp-content\/uploads\/2018\/08\/HIGOS_Almibar-scaled.jpg\",\"width\":2560,\"height\":2560},{\"@type\":\"BreadcrumbList\",\"@id\":\"https:\/\/www.reinodeleon.com\/en\/product\/figs-in-syrup\/#breadcrumb\",\"itemListElement\":[{\"@type\":\"ListItem\",\"position\":1,\"name\":\"Portada\",\"item\":\"https:\/\/www.reinodeleon.com\/\"},{\"@type\":\"ListItem\",\"position\":2,\"name\":\"Shop\",\"item\":\"https:\/\/www.reinodeleon.com\/en\/shop\/\"},{\"@type\":\"ListItem\",\"position\":3,\"name\":\"Figs in Syrup\"}]},{\"@type\":\"WebSite\",\"@id\":\"https:\/\/www.reinodeleon.com\/en\/#website\",\"url\":\"https:\/\/www.reinodeleon.com\/en\/\",\"name\":\"Reino de Le\u00f3n\",\"description\":\"Web de productos del reino de Le\u00f3n t\u00edpicos regionales\",\"potentialAction\":[{\"@type\":\"SearchAction\",\"target\":{\"@type\":\"EntryPoint\",\"urlTemplate\":\"https:\/\/www.reinodeleon.com\/en\/?s={search_term_string}\"},\"query-input\":{\"@type\":\"PropertyValueSpecification\",\"valueRequired\":true,\"valueName\":\"search_term_string\"}}],\"inLanguage\":\"en-GB\"}]}<\/script>\n<!-- \/ Yoast SEO plugin. -->","yoast_head_json":{"title":"Figs in Syrup - Reino de Le\u00f3n","description":"Experience the exquisite Reino de Le\u00f3n figs in syrup. Savor its unique and authentic flavor, perfect for enhancing your breakfasts and desserts.","robots":{"index":"index","follow":"follow","max-snippet":"max-snippet:-1","max-image-preview":"max-image-preview:large","max-video-preview":"max-video-preview:-1"},"canonical":"https:\/\/www.reinodeleon.com\/en\/product\/figs-in-syrup\/","og_locale":"en_GB","og_type":"article","og_title":"Figs in Syrup - Reino de Le\u00f3n","og_description":"Experience the exquisite Reino de Le\u00f3n figs in syrup. Savor its unique and authentic flavor, perfect for enhancing your breakfasts and desserts.","og_url":"https:\/\/www.reinodeleon.com\/en\/product\/figs-in-syrup\/","og_site_name":"Reino de Le\u00f3n","article_publisher":"https:\/\/www.facebook.com\/ReinodLeon","article_modified_time":"2025-11-11T16:22:03+00:00","og_image":[{"width":2560,"height":2560,"url":"https:\/\/www.reinodeleon.com\/wp-content\/uploads\/2018\/08\/HIGOS_Almibar-scaled.jpg","type":"image\/jpeg"}],"twitter_card":"summary_large_image","schema":{"@context":"https:\/\/schema.org","@graph":[{"@type":"WebPage","@id":"https:\/\/www.reinodeleon.com\/en\/product\/figs-in-syrup\/","url":"https:\/\/www.reinodeleon.com\/en\/product\/figs-in-syrup\/","name":"Figs in Syrup - Reino de Le\u00f3n","isPartOf":{"@id":"https:\/\/www.reinodeleon.com\/en\/#website"},"primaryImageOfPage":{"@id":"https:\/\/www.reinodeleon.com\/en\/product\/figs-in-syrup\/#primaryimage"},"image":{"@id":"https:\/\/www.reinodeleon.com\/en\/product\/figs-in-syrup\/#primaryimage"},"thumbnailUrl":"https:\/\/www.reinodeleon.com\/wp-content\/uploads\/2018\/08\/HIGOS_Almibar-scaled.jpg","datePublished":"2018-08-30T08:21:50+00:00","dateModified":"2025-11-11T16:22:03+00:00","description":"Experience the exquisite Reino de Le\u00f3n figs in syrup. Savor its unique and authentic flavor, perfect for enhancing your breakfasts and desserts.","breadcrumb":{"@id":"https:\/\/www.reinodeleon.com\/en\/product\/figs-in-syrup\/#breadcrumb"},"inLanguage":"en-GB","potentialAction":[{"@type":"ReadAction","target":["https:\/\/www.reinodeleon.com\/en\/product\/figs-in-syrup\/"]}]},{"@type":"ImageObject","inLanguage":"en-GB","@id":"https:\/\/www.reinodeleon.com\/en\/product\/figs-in-syrup\/#primaryimage","url":"https:\/\/www.reinodeleon.com\/wp-content\/uploads\/2018\/08\/HIGOS_Almibar-scaled.jpg","contentUrl":"https:\/\/www.reinodeleon.com\/wp-content\/uploads\/2018\/08\/HIGOS_Almibar-scaled.jpg","width":2560,"height":2560},{"@type":"BreadcrumbList","@id":"https:\/\/www.reinodeleon.com\/en\/product\/figs-in-syrup\/#breadcrumb","itemListElement":[{"@type":"ListItem","position":1,"name":"Portada","item":"https:\/\/www.reinodeleon.com\/"},{"@type":"ListItem","position":2,"name":"Shop","item":"https:\/\/www.reinodeleon.com\/en\/shop\/"},{"@type":"ListItem","position":3,"name":"Figs in Syrup"}]},{"@type":"WebSite","@id":"https:\/\/www.reinodeleon.com\/en\/#website","url":"https:\/\/www.reinodeleon.com\/en\/","name":"Reino de Le\u00f3n","description":"Web de productos del reino de Le\u00f3n t\u00edpicos regionales","potentialAction":[{"@type":"SearchAction","target":{"@type":"EntryPoint","urlTemplate":"https:\/\/www.reinodeleon.com\/en\/?s={search_term_string}"},"query-input":{"@type":"PropertyValueSpecification","valueRequired":true,"valueName":"search_term_string"}}],"inLanguage":"en-GB"}]}},"_links":{"self":[{"href":"https:\/\/www.reinodeleon.com\/en\/wp-json\/wp\/v2\/product\/429"}],"collection":[{"href":"https:\/\/www.reinodeleon.com\/en\/wp-json\/wp\/v2\/product"}],"about":[{"href":"https:\/\/www.reinodeleon.com\/en\/wp-json\/wp\/v2\/types\/product"}],"wp:featuredmedia":[{"embeddable":true,"href":"https:\/\/www.reinodeleon.com\/en\/wp-json\/wp\/v2\/media\/6153"}],"wp:attachment":[{"href":"https:\/\/www.reinodeleon.com\/en\/wp-json\/wp\/v2\/media?parent=429"}],"wp:term":[{"taxonomy":"product_brand","embeddable":true,"href":"https:\/\/www.reinodeleon.com\/en\/wp-json\/wp\/v2\/product_brand?post=429"},{"taxonomy":"product_cat","embeddable":true,"href":"https:\/\/www.reinodeleon.com\/en\/wp-json\/wp\/v2\/product_cat?post=429"},{"taxonomy":"product_tag","embeddable":true,"href":"https:\/\/www.reinodeleon.com\/en\/wp-json\/wp\/v2\/product_tag?post=429"}],"curies":[{"name":"wp","href":"https:\/\/api.w.org\/{rel}","templated":true}]}}