{"id":433,"date":"2018-08-30T10:54:01","date_gmt":"2018-08-30T08:54:01","guid":{"rendered":"http:\/\/reinodeleon.com\/?post_type=product&#038;p=433"},"modified":"2025-11-11T17:20:54","modified_gmt":"2025-11-11T16:20:54","slug":"sugar-free-plum-jam","status":"publish","type":"product","link":"https:\/\/www.reinodeleon.com\/en\/product\/sugar-free-plum-jam\/","title":{"rendered":"Sugar-free Plum Jam"},"content":{"rendered":"<p><strong>Ingredients:<\/strong> plum (65%), maltilol (35%).<br \/>\nPrepared with 65 g of fruit per 100 g.<br \/>\nTotal sugar content: 44,7 g per 100 g.<\/p>\n<p><strong>Nutrition facts<\/strong> 100 g. Energy 506 kJ\/121 kcal. Fats &lt;0,1 g of which saturates 0 g. Carbohydrates 39,6 g of which sugars 13 g. Proteins 0,5 g. Salt 0 g.<\/p>\n<p>100% natural.<br \/>\nHandmade with fresh seasonal fruit.<\/p>\n<p><strong>Additives free. Gluten free.<\/strong><br \/>\n<strong>No preservatives or coloring agents.<\/strong><br \/>\n<strong>With sweetener. Contains natural sugars.<\/strong><\/p>\n<p>Once opened, keep refrigerated.<\/p>\n<p>Health registration number: 26.019106-le<\/p>","protected":false},"excerpt":{"rendered":"<ul>\n<li>Ingredients: 65% plum, 35% maltitol.<\/li>\n<li>Additive and Artificial Colour free. Gluten free.<\/li>\n<li>Packaging: glass jar with 280 g.<\/li>\n<\/ul>","protected":false},"featured_media":6109,"template":"","meta":{"_monsterinsights_skip_tracking":false,"_monsterinsights_sitenote_active":false,"_monsterinsights_sitenote_note":"","_monsterinsights_sitenote_category":0},"product_brand":[],"product_cat":[73],"product_tag":[],"class_list":{"0":"post-433","1":"product","2":"type-product","3":"status-publish","4":"has-post-thumbnail","6":"product_cat-sugar-free-extra-jam","8":"first","9":"instock","10":"taxable","11":"shipping-taxable","12":"purchasable","13":"product-type-simple"},"yoast_head":"<!-- This site is optimized with the Yoast SEO plugin v25.6 - https:\/\/yoast.com\/wordpress\/plugins\/seo\/ -->\n<title>Sugar-free Plum Jam - Reino de Le\u00f3n<\/title>\n<meta name=\"description\" content=\"Try Reino de Le\u00f3n&#039;s sugar-free plum jam, made with fresh and natural fruits. Enjoy its authentic and healthy flavor, perfect for your breakfasts and desserts.\" \/>\n<meta name=\"robots\" content=\"index, follow, max-snippet:-1, max-image-preview:large, max-video-preview:-1\" \/>\n<link rel=\"canonical\" href=\"https:\/\/www.reinodeleon.com\/en\/product\/sugar-free-plum-jam\/\" \/>\n<meta property=\"og:locale\" content=\"en_GB\" \/>\n<meta property=\"og:type\" content=\"article\" \/>\n<meta property=\"og:title\" content=\"Sugar-free Plum Jam - Reino de Le\u00f3n\" \/>\n<meta property=\"og:description\" content=\"Try Reino de Le\u00f3n&#039;s sugar-free plum jam, made with fresh and natural fruits. Enjoy its authentic and healthy flavor, perfect for your breakfasts and desserts.\" \/>\n<meta property=\"og:url\" content=\"https:\/\/www.reinodeleon.com\/en\/product\/sugar-free-plum-jam\/\" \/>\n<meta property=\"og:site_name\" content=\"Reino de Le\u00f3n\" \/>\n<meta property=\"article:publisher\" content=\"https:\/\/www.facebook.com\/ReinodLeon\" \/>\n<meta property=\"article:modified_time\" content=\"2025-11-11T16:20:54+00:00\" \/>\n<meta property=\"og:image\" content=\"https:\/\/www.reinodeleon.com\/wp-content\/uploads\/2018\/09\/MERMELADAS_LIGHT_ciruela.jpg\" \/>\n\t<meta property=\"og:image:width\" content=\"1066\" \/>\n\t<meta property=\"og:image:height\" content=\"1066\" \/>\n\t<meta property=\"og:image:type\" content=\"image\/jpeg\" \/>\n<meta name=\"twitter:card\" content=\"summary_large_image\" \/>\n<script type=\"application\/ld+json\" class=\"yoast-schema-graph\">{\"@context\":\"https:\/\/schema.org\",\"@graph\":[{\"@type\":\"WebPage\",\"@id\":\"https:\/\/www.reinodeleon.com\/en\/product\/sugar-free-plum-jam\/\",\"url\":\"https:\/\/www.reinodeleon.com\/en\/product\/sugar-free-plum-jam\/\",\"name\":\"Sugar-free Plum Jam - Reino de Le\u00f3n\",\"isPartOf\":{\"@id\":\"https:\/\/www.reinodeleon.com\/en\/#website\"},\"primaryImageOfPage\":{\"@id\":\"https:\/\/www.reinodeleon.com\/en\/product\/sugar-free-plum-jam\/#primaryimage\"},\"image\":{\"@id\":\"https:\/\/www.reinodeleon.com\/en\/product\/sugar-free-plum-jam\/#primaryimage\"},\"thumbnailUrl\":\"https:\/\/www.reinodeleon.com\/wp-content\/uploads\/2018\/09\/MERMELADAS_LIGHT_ciruela.jpg\",\"datePublished\":\"2018-08-30T08:54:01+00:00\",\"dateModified\":\"2025-11-11T16:20:54+00:00\",\"description\":\"Try Reino de Le\u00f3n's sugar-free plum jam, made with fresh and natural fruits. Enjoy its authentic and healthy flavor, perfect for your breakfasts and desserts.\",\"breadcrumb\":{\"@id\":\"https:\/\/www.reinodeleon.com\/en\/product\/sugar-free-plum-jam\/#breadcrumb\"},\"inLanguage\":\"en-GB\",\"potentialAction\":[{\"@type\":\"ReadAction\",\"target\":[\"https:\/\/www.reinodeleon.com\/en\/product\/sugar-free-plum-jam\/\"]}]},{\"@type\":\"ImageObject\",\"inLanguage\":\"en-GB\",\"@id\":\"https:\/\/www.reinodeleon.com\/en\/product\/sugar-free-plum-jam\/#primaryimage\",\"url\":\"https:\/\/www.reinodeleon.com\/wp-content\/uploads\/2018\/09\/MERMELADAS_LIGHT_ciruela.jpg\",\"contentUrl\":\"https:\/\/www.reinodeleon.com\/wp-content\/uploads\/2018\/09\/MERMELADAS_LIGHT_ciruela.jpg\",\"width\":1066,\"height\":1066,\"caption\":\"MERMELADAS_LIGHT_ciruela\"},{\"@type\":\"BreadcrumbList\",\"@id\":\"https:\/\/www.reinodeleon.com\/en\/product\/sugar-free-plum-jam\/#breadcrumb\",\"itemListElement\":[{\"@type\":\"ListItem\",\"position\":1,\"name\":\"Portada\",\"item\":\"https:\/\/www.reinodeleon.com\/\"},{\"@type\":\"ListItem\",\"position\":2,\"name\":\"Shop\",\"item\":\"https:\/\/www.reinodeleon.com\/en\/shop\/\"},{\"@type\":\"ListItem\",\"position\":3,\"name\":\"Sugar-free Plum Jam\"}]},{\"@type\":\"WebSite\",\"@id\":\"https:\/\/www.reinodeleon.com\/en\/#website\",\"url\":\"https:\/\/www.reinodeleon.com\/en\/\",\"name\":\"Reino de Le\u00f3n\",\"description\":\"Web de productos del reino de Le\u00f3n t\u00edpicos regionales\",\"potentialAction\":[{\"@type\":\"SearchAction\",\"target\":{\"@type\":\"EntryPoint\",\"urlTemplate\":\"https:\/\/www.reinodeleon.com\/en\/?s={search_term_string}\"},\"query-input\":{\"@type\":\"PropertyValueSpecification\",\"valueRequired\":true,\"valueName\":\"search_term_string\"}}],\"inLanguage\":\"en-GB\"}]}<\/script>\n<!-- \/ Yoast SEO plugin. -->","yoast_head_json":{"title":"Sugar-free Plum Jam - Reino de Le\u00f3n","description":"Try Reino de Le\u00f3n's sugar-free plum jam, made with fresh and natural fruits. Enjoy its authentic and healthy flavor, perfect for your breakfasts and desserts.","robots":{"index":"index","follow":"follow","max-snippet":"max-snippet:-1","max-image-preview":"max-image-preview:large","max-video-preview":"max-video-preview:-1"},"canonical":"https:\/\/www.reinodeleon.com\/en\/product\/sugar-free-plum-jam\/","og_locale":"en_GB","og_type":"article","og_title":"Sugar-free Plum Jam - Reino de Le\u00f3n","og_description":"Try Reino de Le\u00f3n's sugar-free plum jam, made with fresh and natural fruits. Enjoy its authentic and healthy flavor, perfect for your breakfasts and desserts.","og_url":"https:\/\/www.reinodeleon.com\/en\/product\/sugar-free-plum-jam\/","og_site_name":"Reino de Le\u00f3n","article_publisher":"https:\/\/www.facebook.com\/ReinodLeon","article_modified_time":"2025-11-11T16:20:54+00:00","og_image":[{"width":1066,"height":1066,"url":"https:\/\/www.reinodeleon.com\/wp-content\/uploads\/2018\/09\/MERMELADAS_LIGHT_ciruela.jpg","type":"image\/jpeg"}],"twitter_card":"summary_large_image","schema":{"@context":"https:\/\/schema.org","@graph":[{"@type":"WebPage","@id":"https:\/\/www.reinodeleon.com\/en\/product\/sugar-free-plum-jam\/","url":"https:\/\/www.reinodeleon.com\/en\/product\/sugar-free-plum-jam\/","name":"Sugar-free Plum Jam - Reino de Le\u00f3n","isPartOf":{"@id":"https:\/\/www.reinodeleon.com\/en\/#website"},"primaryImageOfPage":{"@id":"https:\/\/www.reinodeleon.com\/en\/product\/sugar-free-plum-jam\/#primaryimage"},"image":{"@id":"https:\/\/www.reinodeleon.com\/en\/product\/sugar-free-plum-jam\/#primaryimage"},"thumbnailUrl":"https:\/\/www.reinodeleon.com\/wp-content\/uploads\/2018\/09\/MERMELADAS_LIGHT_ciruela.jpg","datePublished":"2018-08-30T08:54:01+00:00","dateModified":"2025-11-11T16:20:54+00:00","description":"Try Reino de Le\u00f3n's sugar-free plum jam, made with fresh and natural fruits. Enjoy its authentic and healthy flavor, perfect for your breakfasts and desserts.","breadcrumb":{"@id":"https:\/\/www.reinodeleon.com\/en\/product\/sugar-free-plum-jam\/#breadcrumb"},"inLanguage":"en-GB","potentialAction":[{"@type":"ReadAction","target":["https:\/\/www.reinodeleon.com\/en\/product\/sugar-free-plum-jam\/"]}]},{"@type":"ImageObject","inLanguage":"en-GB","@id":"https:\/\/www.reinodeleon.com\/en\/product\/sugar-free-plum-jam\/#primaryimage","url":"https:\/\/www.reinodeleon.com\/wp-content\/uploads\/2018\/09\/MERMELADAS_LIGHT_ciruela.jpg","contentUrl":"https:\/\/www.reinodeleon.com\/wp-content\/uploads\/2018\/09\/MERMELADAS_LIGHT_ciruela.jpg","width":1066,"height":1066,"caption":"MERMELADAS_LIGHT_ciruela"},{"@type":"BreadcrumbList","@id":"https:\/\/www.reinodeleon.com\/en\/product\/sugar-free-plum-jam\/#breadcrumb","itemListElement":[{"@type":"ListItem","position":1,"name":"Portada","item":"https:\/\/www.reinodeleon.com\/"},{"@type":"ListItem","position":2,"name":"Shop","item":"https:\/\/www.reinodeleon.com\/en\/shop\/"},{"@type":"ListItem","position":3,"name":"Sugar-free Plum Jam"}]},{"@type":"WebSite","@id":"https:\/\/www.reinodeleon.com\/en\/#website","url":"https:\/\/www.reinodeleon.com\/en\/","name":"Reino de Le\u00f3n","description":"Web de productos del reino de Le\u00f3n t\u00edpicos regionales","potentialAction":[{"@type":"SearchAction","target":{"@type":"EntryPoint","urlTemplate":"https:\/\/www.reinodeleon.com\/en\/?s={search_term_string}"},"query-input":{"@type":"PropertyValueSpecification","valueRequired":true,"valueName":"search_term_string"}}],"inLanguage":"en-GB"}]}},"_links":{"self":[{"href":"https:\/\/www.reinodeleon.com\/en\/wp-json\/wp\/v2\/product\/433"}],"collection":[{"href":"https:\/\/www.reinodeleon.com\/en\/wp-json\/wp\/v2\/product"}],"about":[{"href":"https:\/\/www.reinodeleon.com\/en\/wp-json\/wp\/v2\/types\/product"}],"wp:featuredmedia":[{"embeddable":true,"href":"https:\/\/www.reinodeleon.com\/en\/wp-json\/wp\/v2\/media\/6109"}],"wp:attachment":[{"href":"https:\/\/www.reinodeleon.com\/en\/wp-json\/wp\/v2\/media?parent=433"}],"wp:term":[{"taxonomy":"product_brand","embeddable":true,"href":"https:\/\/www.reinodeleon.com\/en\/wp-json\/wp\/v2\/product_brand?post=433"},{"taxonomy":"product_cat","embeddable":true,"href":"https:\/\/www.reinodeleon.com\/en\/wp-json\/wp\/v2\/product_cat?post=433"},{"taxonomy":"product_tag","embeddable":true,"href":"https:\/\/www.reinodeleon.com\/en\/wp-json\/wp\/v2\/product_tag?post=433"}],"curies":[{"name":"wp","href":"https:\/\/api.w.org\/{rel}","templated":true}]}}