{"id":449,"date":"2018-09-04T11:21:21","date_gmt":"2018-09-04T09:21:21","guid":{"rendered":"http:\/\/reinodeleon.com\/?post_type=product&#038;p=449"},"modified":"2025-03-20T17:40:40","modified_gmt":"2025-03-20T16:40:40","slug":"mixed-milk-semicured-cheese","status":"publish","type":"product","link":"https:\/\/www.reinodeleon.com\/en\/product\/mixed-milk-semicured-cheese\/","title":{"rendered":"\u00abReino de Le\u00f3n\u00bb Mixed milk Semicured Cheese"},"content":{"rendered":"<p><strong>INGREDIENTS:<\/strong>Pasteurized cow&#8217;s milk (min. 65%). Sheep&#8217;s milk (min. 20%), salt, rennet, calcium and lactic ferments.<\/p>\n<p><strong>NUTRITIONAL INFORMATION<\/strong> per 100 g, Energy value: 1594kJ\/381kcal, Fats: 32 g, of which saturated: 26,63g, Carbohydrates: 1,2g, of which sugars: 0,5 g, Proteins: 21 g, Salt: 1,2 g.<\/p>\n<p><strong>STORAGE:<\/strong> 0\u00ba-8\u00ba Celsius.<\/p>\n<p><strong>ALLERGENS:<\/strong> Contains Milk. Gluten free.<\/p>","protected":false},"excerpt":{"rendered":"<p>This Semicured cheese made from whole cow\u2019s and ewe\u2019s milk has a mild palate with a soft earthy aroma, semi-firm texture, white colour and small and irregular eyes.<\/p>\n<p><strong>Aging time: over 90 days.<\/strong><\/p>\n<p>Full-fat cheese with 65% FDM and 50% M.G.M. s\/ES.<\/p>\n<p>We use refrigerated shipping with Integra2 to ensure the highest quality.<\/p>\n<p>&nbsp;<\/p>","protected":false},"featured_media":6127,"template":"","meta":{"_monsterinsights_skip_tracking":false,"_monsterinsights_sitenote_active":false,"_monsterinsights_sitenote_note":"","_monsterinsights_sitenote_category":0},"product_brand":[],"product_cat":[173],"product_tag":[],"class_list":{"0":"post-449","1":"product","2":"type-product","3":"status-publish","4":"has-post-thumbnail","6":"product_cat-cheese","8":"first","9":"instock","10":"taxable","11":"shipping-taxable","12":"purchasable","13":"product-type-variable"},"yoast_head":"<!-- This site is optimized with the Yoast SEO plugin v25.6 - https:\/\/yoast.com\/wordpress\/plugins\/seo\/ -->\n<title>&quot;Reino de Le\u00f3n&quot; Mixed milk Semicured Cheese<\/title>\n<meta name=\"description\" content=\"Savor the perfect blend of flavors and smooth texture with Reino de Le\u00f3n&#039;s Semi-Cured Mixed Cheese, delivering an unparalleled taste experience\" \/>\n<meta name=\"robots\" content=\"index, follow, max-snippet:-1, max-image-preview:large, max-video-preview:-1\" \/>\n<link rel=\"canonical\" href=\"https:\/\/www.reinodeleon.com\/en\/product\/mixed-milk-semicured-cheese\/\" \/>\n<meta property=\"og:locale\" content=\"en_GB\" \/>\n<meta property=\"og:type\" content=\"article\" \/>\n<meta property=\"og:title\" content=\"&quot;Reino de Le\u00f3n&quot; Mixed milk Semicured Cheese\" \/>\n<meta property=\"og:description\" content=\"Savor the perfect blend of flavors and smooth texture with Reino de Le\u00f3n&#039;s Semi-Cured Mixed Cheese, delivering an unparalleled taste experience\" \/>\n<meta property=\"og:url\" content=\"https:\/\/www.reinodeleon.com\/en\/product\/mixed-milk-semicured-cheese\/\" \/>\n<meta property=\"og:site_name\" content=\"Reino de Le\u00f3n\" \/>\n<meta property=\"article:publisher\" content=\"https:\/\/www.facebook.com\/ReinodLeon\" \/>\n<meta property=\"article:modified_time\" content=\"2025-03-20T16:40:40+00:00\" \/>\n<meta property=\"og:image\" content=\"https:\/\/www.reinodeleon.com\/wp-content\/uploads\/2018\/09\/quesomezcla-semicurado.jpg\" \/>\n\t<meta property=\"og:image:width\" content=\"1066\" \/>\n\t<meta property=\"og:image:height\" content=\"1066\" \/>\n\t<meta property=\"og:image:type\" content=\"image\/jpeg\" \/>\n<meta name=\"twitter:card\" content=\"summary_large_image\" \/>\n<script type=\"application\/ld+json\" class=\"yoast-schema-graph\">{\"@context\":\"https:\/\/schema.org\",\"@graph\":[{\"@type\":\"WebPage\",\"@id\":\"https:\/\/www.reinodeleon.com\/en\/product\/mixed-milk-semicured-cheese\/\",\"url\":\"https:\/\/www.reinodeleon.com\/en\/product\/mixed-milk-semicured-cheese\/\",\"name\":\"\\\"Reino de Le\u00f3n\\\" Mixed milk Semicured Cheese\",\"isPartOf\":{\"@id\":\"https:\/\/www.reinodeleon.com\/en\/#website\"},\"primaryImageOfPage\":{\"@id\":\"https:\/\/www.reinodeleon.com\/en\/product\/mixed-milk-semicured-cheese\/#primaryimage\"},\"image\":{\"@id\":\"https:\/\/www.reinodeleon.com\/en\/product\/mixed-milk-semicured-cheese\/#primaryimage\"},\"thumbnailUrl\":\"https:\/\/www.reinodeleon.com\/wp-content\/uploads\/2018\/09\/quesomezcla-semicurado.jpg\",\"datePublished\":\"2018-09-04T09:21:21+00:00\",\"dateModified\":\"2025-03-20T16:40:40+00:00\",\"description\":\"Savor the perfect blend of flavors and smooth texture with Reino de Le\u00f3n's Semi-Cured Mixed Cheese, delivering an unparalleled taste experience\",\"breadcrumb\":{\"@id\":\"https:\/\/www.reinodeleon.com\/en\/product\/mixed-milk-semicured-cheese\/#breadcrumb\"},\"inLanguage\":\"en-GB\",\"potentialAction\":[{\"@type\":\"ReadAction\",\"target\":[\"https:\/\/www.reinodeleon.com\/en\/product\/mixed-milk-semicured-cheese\/\"]}]},{\"@type\":\"ImageObject\",\"inLanguage\":\"en-GB\",\"@id\":\"https:\/\/www.reinodeleon.com\/en\/product\/mixed-milk-semicured-cheese\/#primaryimage\",\"url\":\"https:\/\/www.reinodeleon.com\/wp-content\/uploads\/2018\/09\/quesomezcla-semicurado.jpg\",\"contentUrl\":\"https:\/\/www.reinodeleon.com\/wp-content\/uploads\/2018\/09\/quesomezcla-semicurado.jpg\",\"width\":1066,\"height\":1066,\"caption\":\"quesomezcla semicurado\"},{\"@type\":\"BreadcrumbList\",\"@id\":\"https:\/\/www.reinodeleon.com\/en\/product\/mixed-milk-semicured-cheese\/#breadcrumb\",\"itemListElement\":[{\"@type\":\"ListItem\",\"position\":1,\"name\":\"Portada\",\"item\":\"https:\/\/www.reinodeleon.com\/\"},{\"@type\":\"ListItem\",\"position\":2,\"name\":\"Shop\",\"item\":\"https:\/\/www.reinodeleon.com\/en\/shop\/\"},{\"@type\":\"ListItem\",\"position\":3,\"name\":\"\u00abReino de Le\u00f3n\u00bb Mixed milk Semicured Cheese\"}]},{\"@type\":\"WebSite\",\"@id\":\"https:\/\/www.reinodeleon.com\/en\/#website\",\"url\":\"https:\/\/www.reinodeleon.com\/en\/\",\"name\":\"Reino de Le\u00f3n\",\"description\":\"Web de productos del reino de Le\u00f3n t\u00edpicos regionales\",\"potentialAction\":[{\"@type\":\"SearchAction\",\"target\":{\"@type\":\"EntryPoint\",\"urlTemplate\":\"https:\/\/www.reinodeleon.com\/en\/?s={search_term_string}\"},\"query-input\":{\"@type\":\"PropertyValueSpecification\",\"valueRequired\":true,\"valueName\":\"search_term_string\"}}],\"inLanguage\":\"en-GB\"}]}<\/script>\n<!-- \/ Yoast SEO plugin. -->","yoast_head_json":{"title":"\"Reino de Le\u00f3n\" Mixed milk Semicured Cheese","description":"Savor the perfect blend of flavors and smooth texture with Reino de Le\u00f3n's Semi-Cured Mixed Cheese, delivering an unparalleled taste experience","robots":{"index":"index","follow":"follow","max-snippet":"max-snippet:-1","max-image-preview":"max-image-preview:large","max-video-preview":"max-video-preview:-1"},"canonical":"https:\/\/www.reinodeleon.com\/en\/product\/mixed-milk-semicured-cheese\/","og_locale":"en_GB","og_type":"article","og_title":"\"Reino de Le\u00f3n\" Mixed milk Semicured Cheese","og_description":"Savor the perfect blend of flavors and smooth texture with Reino de Le\u00f3n's Semi-Cured Mixed Cheese, delivering an unparalleled taste experience","og_url":"https:\/\/www.reinodeleon.com\/en\/product\/mixed-milk-semicured-cheese\/","og_site_name":"Reino de Le\u00f3n","article_publisher":"https:\/\/www.facebook.com\/ReinodLeon","article_modified_time":"2025-03-20T16:40:40+00:00","og_image":[{"width":1066,"height":1066,"url":"https:\/\/www.reinodeleon.com\/wp-content\/uploads\/2018\/09\/quesomezcla-semicurado.jpg","type":"image\/jpeg"}],"twitter_card":"summary_large_image","schema":{"@context":"https:\/\/schema.org","@graph":[{"@type":"WebPage","@id":"https:\/\/www.reinodeleon.com\/en\/product\/mixed-milk-semicured-cheese\/","url":"https:\/\/www.reinodeleon.com\/en\/product\/mixed-milk-semicured-cheese\/","name":"\"Reino de Le\u00f3n\" Mixed milk Semicured Cheese","isPartOf":{"@id":"https:\/\/www.reinodeleon.com\/en\/#website"},"primaryImageOfPage":{"@id":"https:\/\/www.reinodeleon.com\/en\/product\/mixed-milk-semicured-cheese\/#primaryimage"},"image":{"@id":"https:\/\/www.reinodeleon.com\/en\/product\/mixed-milk-semicured-cheese\/#primaryimage"},"thumbnailUrl":"https:\/\/www.reinodeleon.com\/wp-content\/uploads\/2018\/09\/quesomezcla-semicurado.jpg","datePublished":"2018-09-04T09:21:21+00:00","dateModified":"2025-03-20T16:40:40+00:00","description":"Savor the perfect blend of flavors and smooth texture with Reino de Le\u00f3n's Semi-Cured Mixed Cheese, delivering an unparalleled taste experience","breadcrumb":{"@id":"https:\/\/www.reinodeleon.com\/en\/product\/mixed-milk-semicured-cheese\/#breadcrumb"},"inLanguage":"en-GB","potentialAction":[{"@type":"ReadAction","target":["https:\/\/www.reinodeleon.com\/en\/product\/mixed-milk-semicured-cheese\/"]}]},{"@type":"ImageObject","inLanguage":"en-GB","@id":"https:\/\/www.reinodeleon.com\/en\/product\/mixed-milk-semicured-cheese\/#primaryimage","url":"https:\/\/www.reinodeleon.com\/wp-content\/uploads\/2018\/09\/quesomezcla-semicurado.jpg","contentUrl":"https:\/\/www.reinodeleon.com\/wp-content\/uploads\/2018\/09\/quesomezcla-semicurado.jpg","width":1066,"height":1066,"caption":"quesomezcla semicurado"},{"@type":"BreadcrumbList","@id":"https:\/\/www.reinodeleon.com\/en\/product\/mixed-milk-semicured-cheese\/#breadcrumb","itemListElement":[{"@type":"ListItem","position":1,"name":"Portada","item":"https:\/\/www.reinodeleon.com\/"},{"@type":"ListItem","position":2,"name":"Shop","item":"https:\/\/www.reinodeleon.com\/en\/shop\/"},{"@type":"ListItem","position":3,"name":"\u00abReino de Le\u00f3n\u00bb Mixed milk Semicured Cheese"}]},{"@type":"WebSite","@id":"https:\/\/www.reinodeleon.com\/en\/#website","url":"https:\/\/www.reinodeleon.com\/en\/","name":"Reino de Le\u00f3n","description":"Web de productos del reino de Le\u00f3n t\u00edpicos regionales","potentialAction":[{"@type":"SearchAction","target":{"@type":"EntryPoint","urlTemplate":"https:\/\/www.reinodeleon.com\/en\/?s={search_term_string}"},"query-input":{"@type":"PropertyValueSpecification","valueRequired":true,"valueName":"search_term_string"}}],"inLanguage":"en-GB"}]}},"_links":{"self":[{"href":"https:\/\/www.reinodeleon.com\/en\/wp-json\/wp\/v2\/product\/449"}],"collection":[{"href":"https:\/\/www.reinodeleon.com\/en\/wp-json\/wp\/v2\/product"}],"about":[{"href":"https:\/\/www.reinodeleon.com\/en\/wp-json\/wp\/v2\/types\/product"}],"wp:featuredmedia":[{"embeddable":true,"href":"https:\/\/www.reinodeleon.com\/en\/wp-json\/wp\/v2\/media\/6127"}],"wp:attachment":[{"href":"https:\/\/www.reinodeleon.com\/en\/wp-json\/wp\/v2\/media?parent=449"}],"wp:term":[{"taxonomy":"product_brand","embeddable":true,"href":"https:\/\/www.reinodeleon.com\/en\/wp-json\/wp\/v2\/product_brand?post=449"},{"taxonomy":"product_cat","embeddable":true,"href":"https:\/\/www.reinodeleon.com\/en\/wp-json\/wp\/v2\/product_cat?post=449"},{"taxonomy":"product_tag","embeddable":true,"href":"https:\/\/www.reinodeleon.com\/en\/wp-json\/wp\/v2\/product_tag?post=449"}],"curies":[{"name":"wp","href":"https:\/\/api.w.org\/{rel}","templated":true}]}}