{"id":454,"date":"2018-09-04T11:28:41","date_gmt":"2018-09-04T09:28:41","guid":{"rendered":"http:\/\/reinodeleon.com\/?post_type=product&#038;p=454"},"modified":"2025-03-20T17:35:29","modified_gmt":"2025-03-20T16:35:29","slug":"mixed-milk-low-fat-reduced-salt-semicured-cheese","status":"publish","type":"product","link":"https:\/\/www.reinodeleon.com\/en\/product\/mixed-milk-low-fat-reduced-salt-semicured-cheese\/","title":{"rendered":"Mixed milk Low-fat Reduced-salt Semicured Cheese"},"content":{"rendered":"<p><strong>INGREDIENTS: <\/strong>Pasteurized cow&#8217;s milk 82% min, sheep 3% min and goat 3% (origin Spain), Salt, Stabilizer E &#8211; 509 (calcium chloride), Rennet, Lactic ferments, Preservative E &#8211; 1105 (lysozyme, isolated from egg white), Inedible rind, Rind coating preservative E-235, Rind coloring E-172.<\/p>\n<p><strong>NUTRITIONAL INFORMATION<\/strong> per 100 g, Energy value: 1605kJ\/384kcal, Fats: 32 g, of which saturated: 23g, Carbohydrates: 1.5g, of which sugars: 1.5 g, Proteins: 23 g, Salt: 1.6 g.<\/p>\n<p><strong>STORAGE:<\/strong> 0\u00ba-8\u00ba Celsius.<\/p>\n<p><strong>ALLERGENS:<\/strong> Contains Milk. Contains Egg. Gluten free.<\/p>","protected":false},"excerpt":{"rendered":"<p>This Semicured cheese made from low-fat cow\u2019s, ewe\u2019s and goat\u2019s milk has a mild palate, white colour and large and irregular eyes.<\/p>\n<p><strong>Aging time: over 40 days.<\/strong><\/p>\n<p>We use refrigerated shipping with Integra2 to ensure the highest quality.<\/p>","protected":false},"featured_media":255,"template":"","meta":{"_monsterinsights_skip_tracking":false,"_monsterinsights_sitenote_active":false,"_monsterinsights_sitenote_note":"","_monsterinsights_sitenote_category":0},"product_brand":[],"product_cat":[173],"product_tag":[],"class_list":{"0":"post-454","1":"product","2":"type-product","3":"status-publish","4":"has-post-thumbnail","6":"product_cat-cheese","8":"first","9":"instock","10":"taxable","11":"shipping-taxable","12":"purchasable","13":"product-type-variable"},"yoast_head":"<!-- This site is optimized with the Yoast SEO plugin v25.6 - https:\/\/yoast.com\/wordpress\/plugins\/seo\/ -->\n<title>Mixed milk Low-fat Reduced-salt Semicured Cheese<\/title>\n<meta name=\"description\" content=\"Enjoy Reino de Le\u00f3n&#039;s Low-Fat, Low-Salt Semi-Cured Mixed Cheese, a healthy choice that retains all the flavor and quality.\" \/>\n<meta name=\"robots\" content=\"index, follow, max-snippet:-1, max-image-preview:large, max-video-preview:-1\" \/>\n<link rel=\"canonical\" href=\"https:\/\/www.reinodeleon.com\/en\/product\/mixed-milk-low-fat-reduced-salt-semicured-cheese\/\" \/>\n<meta property=\"og:locale\" content=\"en_GB\" \/>\n<meta property=\"og:type\" content=\"article\" \/>\n<meta property=\"og:title\" content=\"Mixed milk Low-fat Reduced-salt Semicured Cheese\" \/>\n<meta property=\"og:description\" content=\"Enjoy Reino de Le\u00f3n&#039;s Low-Fat, Low-Salt Semi-Cured Mixed Cheese, a healthy choice that retains all the flavor and quality.\" \/>\n<meta property=\"og:url\" content=\"https:\/\/www.reinodeleon.com\/en\/product\/mixed-milk-low-fat-reduced-salt-semicured-cheese\/\" \/>\n<meta property=\"og:site_name\" content=\"Reino de Le\u00f3n\" \/>\n<meta property=\"article:publisher\" content=\"https:\/\/www.facebook.com\/ReinodLeon\" \/>\n<meta property=\"article:modified_time\" content=\"2025-03-20T16:35:29+00:00\" \/>\n<meta property=\"og:image\" content=\"https:\/\/www.reinodeleon.com\/wp-content\/uploads\/2018\/03\/MG_6941.jpg\" \/>\n\t<meta property=\"og:image:width\" content=\"1000\" \/>\n\t<meta property=\"og:image:height\" content=\"637\" \/>\n\t<meta property=\"og:image:type\" content=\"image\/jpeg\" \/>\n<meta name=\"twitter:card\" content=\"summary_large_image\" \/>\n<script type=\"application\/ld+json\" class=\"yoast-schema-graph\">{\"@context\":\"https:\/\/schema.org\",\"@graph\":[{\"@type\":\"WebPage\",\"@id\":\"https:\/\/www.reinodeleon.com\/en\/product\/mixed-milk-low-fat-reduced-salt-semicured-cheese\/\",\"url\":\"https:\/\/www.reinodeleon.com\/en\/product\/mixed-milk-low-fat-reduced-salt-semicured-cheese\/\",\"name\":\"Mixed milk Low-fat Reduced-salt Semicured Cheese\",\"isPartOf\":{\"@id\":\"https:\/\/www.reinodeleon.com\/en\/#website\"},\"primaryImageOfPage\":{\"@id\":\"https:\/\/www.reinodeleon.com\/en\/product\/mixed-milk-low-fat-reduced-salt-semicured-cheese\/#primaryimage\"},\"image\":{\"@id\":\"https:\/\/www.reinodeleon.com\/en\/product\/mixed-milk-low-fat-reduced-salt-semicured-cheese\/#primaryimage\"},\"thumbnailUrl\":\"https:\/\/www.reinodeleon.com\/wp-content\/uploads\/2018\/03\/MG_6941.jpg\",\"datePublished\":\"2018-09-04T09:28:41+00:00\",\"dateModified\":\"2025-03-20T16:35:29+00:00\",\"description\":\"Enjoy Reino de Le\u00f3n's Low-Fat, Low-Salt Semi-Cured Mixed Cheese, a healthy choice that retains all the flavor and quality.\",\"breadcrumb\":{\"@id\":\"https:\/\/www.reinodeleon.com\/en\/product\/mixed-milk-low-fat-reduced-salt-semicured-cheese\/#breadcrumb\"},\"inLanguage\":\"en-GB\",\"potentialAction\":[{\"@type\":\"ReadAction\",\"target\":[\"https:\/\/www.reinodeleon.com\/en\/product\/mixed-milk-low-fat-reduced-salt-semicured-cheese\/\"]}]},{\"@type\":\"ImageObject\",\"inLanguage\":\"en-GB\",\"@id\":\"https:\/\/www.reinodeleon.com\/en\/product\/mixed-milk-low-fat-reduced-salt-semicured-cheese\/#primaryimage\",\"url\":\"https:\/\/www.reinodeleon.com\/wp-content\/uploads\/2018\/03\/MG_6941.jpg\",\"contentUrl\":\"https:\/\/www.reinodeleon.com\/wp-content\/uploads\/2018\/03\/MG_6941.jpg\",\"width\":1000,\"height\":637},{\"@type\":\"BreadcrumbList\",\"@id\":\"https:\/\/www.reinodeleon.com\/en\/product\/mixed-milk-low-fat-reduced-salt-semicured-cheese\/#breadcrumb\",\"itemListElement\":[{\"@type\":\"ListItem\",\"position\":1,\"name\":\"Portada\",\"item\":\"https:\/\/www.reinodeleon.com\/\"},{\"@type\":\"ListItem\",\"position\":2,\"name\":\"Shop\",\"item\":\"https:\/\/www.reinodeleon.com\/en\/shop\/\"},{\"@type\":\"ListItem\",\"position\":3,\"name\":\"Mixed milk Low-fat Reduced-salt Semicured Cheese\"}]},{\"@type\":\"WebSite\",\"@id\":\"https:\/\/www.reinodeleon.com\/en\/#website\",\"url\":\"https:\/\/www.reinodeleon.com\/en\/\",\"name\":\"Reino de Le\u00f3n\",\"description\":\"Web de productos del reino de Le\u00f3n t\u00edpicos regionales\",\"potentialAction\":[{\"@type\":\"SearchAction\",\"target\":{\"@type\":\"EntryPoint\",\"urlTemplate\":\"https:\/\/www.reinodeleon.com\/en\/?s={search_term_string}\"},\"query-input\":{\"@type\":\"PropertyValueSpecification\",\"valueRequired\":true,\"valueName\":\"search_term_string\"}}],\"inLanguage\":\"en-GB\"}]}<\/script>\n<!-- \/ Yoast SEO plugin. -->","yoast_head_json":{"title":"Mixed milk Low-fat Reduced-salt Semicured Cheese","description":"Enjoy Reino de Le\u00f3n's Low-Fat, Low-Salt Semi-Cured Mixed Cheese, a healthy choice that retains all the flavor and quality.","robots":{"index":"index","follow":"follow","max-snippet":"max-snippet:-1","max-image-preview":"max-image-preview:large","max-video-preview":"max-video-preview:-1"},"canonical":"https:\/\/www.reinodeleon.com\/en\/product\/mixed-milk-low-fat-reduced-salt-semicured-cheese\/","og_locale":"en_GB","og_type":"article","og_title":"Mixed milk Low-fat Reduced-salt Semicured Cheese","og_description":"Enjoy Reino de Le\u00f3n's Low-Fat, Low-Salt Semi-Cured Mixed Cheese, a healthy choice that retains all the flavor and quality.","og_url":"https:\/\/www.reinodeleon.com\/en\/product\/mixed-milk-low-fat-reduced-salt-semicured-cheese\/","og_site_name":"Reino de Le\u00f3n","article_publisher":"https:\/\/www.facebook.com\/ReinodLeon","article_modified_time":"2025-03-20T16:35:29+00:00","og_image":[{"width":1000,"height":637,"url":"https:\/\/www.reinodeleon.com\/wp-content\/uploads\/2018\/03\/MG_6941.jpg","type":"image\/jpeg"}],"twitter_card":"summary_large_image","schema":{"@context":"https:\/\/schema.org","@graph":[{"@type":"WebPage","@id":"https:\/\/www.reinodeleon.com\/en\/product\/mixed-milk-low-fat-reduced-salt-semicured-cheese\/","url":"https:\/\/www.reinodeleon.com\/en\/product\/mixed-milk-low-fat-reduced-salt-semicured-cheese\/","name":"Mixed milk Low-fat Reduced-salt Semicured Cheese","isPartOf":{"@id":"https:\/\/www.reinodeleon.com\/en\/#website"},"primaryImageOfPage":{"@id":"https:\/\/www.reinodeleon.com\/en\/product\/mixed-milk-low-fat-reduced-salt-semicured-cheese\/#primaryimage"},"image":{"@id":"https:\/\/www.reinodeleon.com\/en\/product\/mixed-milk-low-fat-reduced-salt-semicured-cheese\/#primaryimage"},"thumbnailUrl":"https:\/\/www.reinodeleon.com\/wp-content\/uploads\/2018\/03\/MG_6941.jpg","datePublished":"2018-09-04T09:28:41+00:00","dateModified":"2025-03-20T16:35:29+00:00","description":"Enjoy Reino de Le\u00f3n's Low-Fat, Low-Salt Semi-Cured Mixed Cheese, a healthy choice that retains all the flavor and quality.","breadcrumb":{"@id":"https:\/\/www.reinodeleon.com\/en\/product\/mixed-milk-low-fat-reduced-salt-semicured-cheese\/#breadcrumb"},"inLanguage":"en-GB","potentialAction":[{"@type":"ReadAction","target":["https:\/\/www.reinodeleon.com\/en\/product\/mixed-milk-low-fat-reduced-salt-semicured-cheese\/"]}]},{"@type":"ImageObject","inLanguage":"en-GB","@id":"https:\/\/www.reinodeleon.com\/en\/product\/mixed-milk-low-fat-reduced-salt-semicured-cheese\/#primaryimage","url":"https:\/\/www.reinodeleon.com\/wp-content\/uploads\/2018\/03\/MG_6941.jpg","contentUrl":"https:\/\/www.reinodeleon.com\/wp-content\/uploads\/2018\/03\/MG_6941.jpg","width":1000,"height":637},{"@type":"BreadcrumbList","@id":"https:\/\/www.reinodeleon.com\/en\/product\/mixed-milk-low-fat-reduced-salt-semicured-cheese\/#breadcrumb","itemListElement":[{"@type":"ListItem","position":1,"name":"Portada","item":"https:\/\/www.reinodeleon.com\/"},{"@type":"ListItem","position":2,"name":"Shop","item":"https:\/\/www.reinodeleon.com\/en\/shop\/"},{"@type":"ListItem","position":3,"name":"Mixed milk Low-fat Reduced-salt Semicured Cheese"}]},{"@type":"WebSite","@id":"https:\/\/www.reinodeleon.com\/en\/#website","url":"https:\/\/www.reinodeleon.com\/en\/","name":"Reino de Le\u00f3n","description":"Web de productos del reino de Le\u00f3n t\u00edpicos regionales","potentialAction":[{"@type":"SearchAction","target":{"@type":"EntryPoint","urlTemplate":"https:\/\/www.reinodeleon.com\/en\/?s={search_term_string}"},"query-input":{"@type":"PropertyValueSpecification","valueRequired":true,"valueName":"search_term_string"}}],"inLanguage":"en-GB"}]}},"_links":{"self":[{"href":"https:\/\/www.reinodeleon.com\/en\/wp-json\/wp\/v2\/product\/454"}],"collection":[{"href":"https:\/\/www.reinodeleon.com\/en\/wp-json\/wp\/v2\/product"}],"about":[{"href":"https:\/\/www.reinodeleon.com\/en\/wp-json\/wp\/v2\/types\/product"}],"wp:featuredmedia":[{"embeddable":true,"href":"https:\/\/www.reinodeleon.com\/en\/wp-json\/wp\/v2\/media\/255"}],"wp:attachment":[{"href":"https:\/\/www.reinodeleon.com\/en\/wp-json\/wp\/v2\/media?parent=454"}],"wp:term":[{"taxonomy":"product_brand","embeddable":true,"href":"https:\/\/www.reinodeleon.com\/en\/wp-json\/wp\/v2\/product_brand?post=454"},{"taxonomy":"product_cat","embeddable":true,"href":"https:\/\/www.reinodeleon.com\/en\/wp-json\/wp\/v2\/product_cat?post=454"},{"taxonomy":"product_tag","embeddable":true,"href":"https:\/\/www.reinodeleon.com\/en\/wp-json\/wp\/v2\/product_tag?post=454"}],"curies":[{"name":"wp","href":"https:\/\/api.w.org\/{rel}","templated":true}]}}