{"id":460,"date":"2018-09-04T11:34:01","date_gmt":"2018-09-04T09:34:01","guid":{"rendered":"http:\/\/reinodeleon.com\/?post_type=product&#038;p=460"},"modified":"2025-01-24T10:34:52","modified_gmt":"2025-01-24T09:34:52","slug":"goats-cheese-log","status":"publish","type":"product","link":"https:\/\/www.reinodeleon.com\/en\/product\/goats-cheese-log\/","title":{"rendered":"\u00abReino de Le\u00f3n\u201d Goat\u2019s Cheese Log"},"content":{"rendered":"<p class=\"p1\"><strong>CHARACTERISTICS: <\/strong>It is a soft goat cheese with penicillium and cylindrical shape. Its interior is soft, unctuous and of a uniform white color. It presents characteristic flavors of fresh goat cheese.<\/p>\n<p class=\"p1\"><strong>APPLICATIONS: <\/strong>Ideal for both hot and cold consumption (appetizers, cheese boards, empanadas, elaborate dishes, pizzas, savory pies, sandwiches, hamburgers, salads, etc).<\/p>\n<p><strong>INGREDIENTS: <\/strong>Pasteurized goat&#8217;s milk, lactic ferments, penicillium, rennet and salt<strong>.<\/strong><\/p>\n<p><strong>NUTRITIONAL INFORMATION<\/strong> per 100 g, Energy Value: 1364kJ\/329kcal, Fat: 28,5 g g, of which saturated: 20g, Carbohydrate: &lt;1 g, of which sugars: &lt;1 g, Protein: 17 g, Salt:1,1 g.<\/p>\n<p><strong>STORAGE:<\/strong> 0\u00ba-8\u00ba Celsius.<\/p>\n<p><strong>ALLERGENS:<\/strong> Contains Milk. Gluten free.<\/p>","protected":false},"excerpt":{"rendered":"<p>This goat\u2019s milk cheese log is the star ingredient in salads, grilled, au gratin, caramelised or simply in crumbs. This full-fat cheese deliciously enriches your dishes, combined with sweet ingredients such as crystallised onion, jams, marmalades or fruit coulis, wine and vinegard reductions, nuts, fresh fruit, etc&#8230;<\/p>\n<p>Made from whole pausterised goat\u2019s milk, milk ferments, penicillium, rennet and salt.<\/p>\n<p>****Contact us for pricing.<\/p>\n<p>We use refrigerated shipping with Integra2 to ensure the highest quality.<\/p>","protected":false},"featured_media":265,"template":"","meta":{"_monsterinsights_skip_tracking":false,"_monsterinsights_sitenote_active":false,"_monsterinsights_sitenote_note":"","_monsterinsights_sitenote_category":0},"product_brand":[],"product_cat":[173],"product_tag":[],"class_list":{"0":"post-460","1":"product","2":"type-product","3":"status-publish","4":"has-post-thumbnail","6":"product_cat-cheese","8":"first","9":"instock","10":"taxable","11":"shipping-taxable","12":"product-type-simple"},"yoast_head":"<!-- This site is optimized with the Yoast SEO plugin v25.6 - https:\/\/yoast.com\/wordpress\/plugins\/seo\/ -->\n<title>&quot;Reino de Le\u00f3n\u201d Goat\u2019s Cheese Log<\/title>\n<meta name=\"description\" content=\"Del\u00e9itate con la suavidad y el sabor distintivo del Rulo de Queso de Cabra de Reino de Le\u00f3n, ideal para realzar ensaladas y platos gourmet.\" \/>\n<meta name=\"robots\" content=\"index, follow, max-snippet:-1, max-image-preview:large, max-video-preview:-1\" \/>\n<link rel=\"canonical\" href=\"https:\/\/www.reinodeleon.com\/en\/product\/goats-cheese-log\/\" \/>\n<meta property=\"og:locale\" content=\"en_GB\" \/>\n<meta property=\"og:type\" content=\"article\" \/>\n<meta property=\"og:title\" content=\"&quot;Reino de Le\u00f3n\u201d Goat\u2019s Cheese Log\" \/>\n<meta property=\"og:description\" content=\"Del\u00e9itate con la suavidad y el sabor distintivo del Rulo de Queso de Cabra de Reino de Le\u00f3n, ideal para realzar ensaladas y platos gourmet.\" \/>\n<meta property=\"og:url\" content=\"https:\/\/www.reinodeleon.com\/en\/product\/goats-cheese-log\/\" \/>\n<meta property=\"og:site_name\" content=\"Reino de Le\u00f3n\" \/>\n<meta property=\"article:publisher\" content=\"https:\/\/www.facebook.com\/ReinodLeon\" \/>\n<meta property=\"article:modified_time\" content=\"2025-01-24T09:34:52+00:00\" \/>\n<meta property=\"og:image\" content=\"https:\/\/www.reinodeleon.com\/wp-content\/uploads\/2018\/03\/MG_6912.jpg\" \/>\n\t<meta property=\"og:image:width\" content=\"1000\" \/>\n\t<meta property=\"og:image:height\" content=\"666\" \/>\n\t<meta property=\"og:image:type\" content=\"image\/jpeg\" \/>\n<meta name=\"twitter:card\" content=\"summary_large_image\" \/>\n<script type=\"application\/ld+json\" class=\"yoast-schema-graph\">{\"@context\":\"https:\/\/schema.org\",\"@graph\":[{\"@type\":\"WebPage\",\"@id\":\"https:\/\/www.reinodeleon.com\/en\/product\/goats-cheese-log\/\",\"url\":\"https:\/\/www.reinodeleon.com\/en\/product\/goats-cheese-log\/\",\"name\":\"\\\"Reino de Le\u00f3n\u201d Goat\u2019s Cheese Log\",\"isPartOf\":{\"@id\":\"https:\/\/www.reinodeleon.com\/en\/#website\"},\"primaryImageOfPage\":{\"@id\":\"https:\/\/www.reinodeleon.com\/en\/product\/goats-cheese-log\/#primaryimage\"},\"image\":{\"@id\":\"https:\/\/www.reinodeleon.com\/en\/product\/goats-cheese-log\/#primaryimage\"},\"thumbnailUrl\":\"https:\/\/www.reinodeleon.com\/wp-content\/uploads\/2018\/03\/MG_6912.jpg\",\"datePublished\":\"2018-09-04T09:34:01+00:00\",\"dateModified\":\"2025-01-24T09:34:52+00:00\",\"description\":\"Del\u00e9itate con la suavidad y el sabor distintivo del Rulo de Queso de Cabra de Reino de Le\u00f3n, ideal para realzar ensaladas y platos gourmet.\",\"breadcrumb\":{\"@id\":\"https:\/\/www.reinodeleon.com\/en\/product\/goats-cheese-log\/#breadcrumb\"},\"inLanguage\":\"en-GB\",\"potentialAction\":[{\"@type\":\"ReadAction\",\"target\":[\"https:\/\/www.reinodeleon.com\/en\/product\/goats-cheese-log\/\"]}]},{\"@type\":\"ImageObject\",\"inLanguage\":\"en-GB\",\"@id\":\"https:\/\/www.reinodeleon.com\/en\/product\/goats-cheese-log\/#primaryimage\",\"url\":\"https:\/\/www.reinodeleon.com\/wp-content\/uploads\/2018\/03\/MG_6912.jpg\",\"contentUrl\":\"https:\/\/www.reinodeleon.com\/wp-content\/uploads\/2018\/03\/MG_6912.jpg\",\"width\":1000,\"height\":666},{\"@type\":\"BreadcrumbList\",\"@id\":\"https:\/\/www.reinodeleon.com\/en\/product\/goats-cheese-log\/#breadcrumb\",\"itemListElement\":[{\"@type\":\"ListItem\",\"position\":1,\"name\":\"Portada\",\"item\":\"https:\/\/www.reinodeleon.com\/\"},{\"@type\":\"ListItem\",\"position\":2,\"name\":\"Shop\",\"item\":\"https:\/\/www.reinodeleon.com\/en\/shop\/\"},{\"@type\":\"ListItem\",\"position\":3,\"name\":\"\u00abReino de Le\u00f3n\u201d Goat\u2019s Cheese Log\"}]},{\"@type\":\"WebSite\",\"@id\":\"https:\/\/www.reinodeleon.com\/en\/#website\",\"url\":\"https:\/\/www.reinodeleon.com\/en\/\",\"name\":\"Reino de Le\u00f3n\",\"description\":\"Web de productos del reino de Le\u00f3n t\u00edpicos regionales\",\"potentialAction\":[{\"@type\":\"SearchAction\",\"target\":{\"@type\":\"EntryPoint\",\"urlTemplate\":\"https:\/\/www.reinodeleon.com\/en\/?s={search_term_string}\"},\"query-input\":{\"@type\":\"PropertyValueSpecification\",\"valueRequired\":true,\"valueName\":\"search_term_string\"}}],\"inLanguage\":\"en-GB\"}]}<\/script>\n<!-- \/ Yoast SEO plugin. -->","yoast_head_json":{"title":"\"Reino de Le\u00f3n\u201d Goat\u2019s Cheese Log","description":"Del\u00e9itate con la suavidad y el sabor distintivo del Rulo de Queso de Cabra de Reino de Le\u00f3n, ideal para realzar ensaladas y platos gourmet.","robots":{"index":"index","follow":"follow","max-snippet":"max-snippet:-1","max-image-preview":"max-image-preview:large","max-video-preview":"max-video-preview:-1"},"canonical":"https:\/\/www.reinodeleon.com\/en\/product\/goats-cheese-log\/","og_locale":"en_GB","og_type":"article","og_title":"\"Reino de Le\u00f3n\u201d Goat\u2019s Cheese Log","og_description":"Del\u00e9itate con la suavidad y el sabor distintivo del Rulo de Queso de Cabra de Reino de Le\u00f3n, ideal para realzar ensaladas y platos gourmet.","og_url":"https:\/\/www.reinodeleon.com\/en\/product\/goats-cheese-log\/","og_site_name":"Reino de Le\u00f3n","article_publisher":"https:\/\/www.facebook.com\/ReinodLeon","article_modified_time":"2025-01-24T09:34:52+00:00","og_image":[{"width":1000,"height":666,"url":"https:\/\/www.reinodeleon.com\/wp-content\/uploads\/2018\/03\/MG_6912.jpg","type":"image\/jpeg"}],"twitter_card":"summary_large_image","schema":{"@context":"https:\/\/schema.org","@graph":[{"@type":"WebPage","@id":"https:\/\/www.reinodeleon.com\/en\/product\/goats-cheese-log\/","url":"https:\/\/www.reinodeleon.com\/en\/product\/goats-cheese-log\/","name":"\"Reino de Le\u00f3n\u201d Goat\u2019s Cheese Log","isPartOf":{"@id":"https:\/\/www.reinodeleon.com\/en\/#website"},"primaryImageOfPage":{"@id":"https:\/\/www.reinodeleon.com\/en\/product\/goats-cheese-log\/#primaryimage"},"image":{"@id":"https:\/\/www.reinodeleon.com\/en\/product\/goats-cheese-log\/#primaryimage"},"thumbnailUrl":"https:\/\/www.reinodeleon.com\/wp-content\/uploads\/2018\/03\/MG_6912.jpg","datePublished":"2018-09-04T09:34:01+00:00","dateModified":"2025-01-24T09:34:52+00:00","description":"Del\u00e9itate con la suavidad y el sabor distintivo del Rulo de Queso de Cabra de Reino de Le\u00f3n, ideal para realzar ensaladas y platos gourmet.","breadcrumb":{"@id":"https:\/\/www.reinodeleon.com\/en\/product\/goats-cheese-log\/#breadcrumb"},"inLanguage":"en-GB","potentialAction":[{"@type":"ReadAction","target":["https:\/\/www.reinodeleon.com\/en\/product\/goats-cheese-log\/"]}]},{"@type":"ImageObject","inLanguage":"en-GB","@id":"https:\/\/www.reinodeleon.com\/en\/product\/goats-cheese-log\/#primaryimage","url":"https:\/\/www.reinodeleon.com\/wp-content\/uploads\/2018\/03\/MG_6912.jpg","contentUrl":"https:\/\/www.reinodeleon.com\/wp-content\/uploads\/2018\/03\/MG_6912.jpg","width":1000,"height":666},{"@type":"BreadcrumbList","@id":"https:\/\/www.reinodeleon.com\/en\/product\/goats-cheese-log\/#breadcrumb","itemListElement":[{"@type":"ListItem","position":1,"name":"Portada","item":"https:\/\/www.reinodeleon.com\/"},{"@type":"ListItem","position":2,"name":"Shop","item":"https:\/\/www.reinodeleon.com\/en\/shop\/"},{"@type":"ListItem","position":3,"name":"\u00abReino de Le\u00f3n\u201d Goat\u2019s Cheese Log"}]},{"@type":"WebSite","@id":"https:\/\/www.reinodeleon.com\/en\/#website","url":"https:\/\/www.reinodeleon.com\/en\/","name":"Reino de Le\u00f3n","description":"Web de productos del reino de Le\u00f3n t\u00edpicos regionales","potentialAction":[{"@type":"SearchAction","target":{"@type":"EntryPoint","urlTemplate":"https:\/\/www.reinodeleon.com\/en\/?s={search_term_string}"},"query-input":{"@type":"PropertyValueSpecification","valueRequired":true,"valueName":"search_term_string"}}],"inLanguage":"en-GB"}]}},"_links":{"self":[{"href":"https:\/\/www.reinodeleon.com\/en\/wp-json\/wp\/v2\/product\/460"}],"collection":[{"href":"https:\/\/www.reinodeleon.com\/en\/wp-json\/wp\/v2\/product"}],"about":[{"href":"https:\/\/www.reinodeleon.com\/en\/wp-json\/wp\/v2\/types\/product"}],"wp:featuredmedia":[{"embeddable":true,"href":"https:\/\/www.reinodeleon.com\/en\/wp-json\/wp\/v2\/media\/265"}],"wp:attachment":[{"href":"https:\/\/www.reinodeleon.com\/en\/wp-json\/wp\/v2\/media?parent=460"}],"wp:term":[{"taxonomy":"product_brand","embeddable":true,"href":"https:\/\/www.reinodeleon.com\/en\/wp-json\/wp\/v2\/product_brand?post=460"},{"taxonomy":"product_cat","embeddable":true,"href":"https:\/\/www.reinodeleon.com\/en\/wp-json\/wp\/v2\/product_cat?post=460"},{"taxonomy":"product_tag","embeddable":true,"href":"https:\/\/www.reinodeleon.com\/en\/wp-json\/wp\/v2\/product_tag?post=460"}],"curies":[{"name":"wp","href":"https:\/\/api.w.org\/{rel}","templated":true}]}}