{"id":6350,"date":"2023-09-25T18:07:10","date_gmt":"2023-09-25T16:07:10","guid":{"rendered":"https:\/\/www.reinodeleon.com\/?post_type=product&#038;p=6350"},"modified":"2025-01-24T10:33:47","modified_gmt":"2025-01-24T09:33:47","slug":"natural-sheep-cheese-cream","status":"publish","type":"product","link":"https:\/\/www.reinodeleon.com\/en\/product\/natural-sheep-cheese-cream\/","title":{"rendered":"Natural Sheep Cheese Cream"},"content":{"rendered":"<p>A delicious cream made with selected sheep cheese and oil.<br \/>\nOur original natural sheep cheese cream makes you feel the grainy texture of the cheese with the flavor of the oil.<br \/>\nIts creaminess makes this product an exquisite delicacy to accompany toasts, meats, risottos, sauces&#8230;..<\/p>\n<p>Also combined with a sweet touch make the cream a spectacle of flavors, try it with our jams of bell pepper, blueberries&#8230;.<\/p>\n<p><strong>Ingredients:<\/strong> Pasteurized Sheep&#8217;s Milk Cheese, Extra Virgin Olive Oil, Sunflower Oil.<\/p>\n<p><strong>Nutritional Information:<\/strong>(Average value per 100g ) Energy value 2866\/685Kcal, Fat 69g of which saturated 35g, Carbohydrate 0,2g of which Sugars 0,1g, Protein 16g, Salt 1,26g.<\/p>\n<p><strong>Format:<\/strong> Glass Jar 120 g Net Weight<\/p>\n<p><strong>Conservation:<\/strong> Between 4\u00ba and 8\u00ba C.<\/p>\n<p>Consume at room temperature.<\/p>\n<p><strong>Allergens:<\/strong> Contains Milk. Gluten free.<\/p>\n<p><strong>Health Registration Number:<\/strong> 26.019106-LE<\/p>","protected":false},"excerpt":{"rendered":"<p>Discover the smoothness and authentic flavor of Reino de Le\u00f3n Sheep Cream Cheese. This cream is perfect to spread on bread, accompany your favorite dishes or enjoy alone.<\/p>\n<ul>\n<li><strong>Ingredients:<\/strong> Pasteurized Sheep&#8217;s MILK cheese, Extra Virgin Olive Oil, and Sunflower Oil.<\/li>\n<li><strong>Net Weight:<\/strong> 120 g<\/li>\n<\/ul>\n<p>We use refrigerated shipping with Integra2 to ensure the highest quality.<\/p>","protected":false},"featured_media":799,"template":"","meta":{"_monsterinsights_skip_tracking":false,"_monsterinsights_sitenote_active":false,"_monsterinsights_sitenote_note":"","_monsterinsights_sitenote_category":0},"product_brand":[],"product_cat":[173],"product_tag":[],"class_list":{"0":"post-6350","1":"product","2":"type-product","3":"status-publish","4":"has-post-thumbnail","6":"product_cat-cheese","8":"first","9":"instock","10":"taxable","11":"shipping-taxable","12":"purchasable","13":"product-type-simple"},"yoast_head":"<!-- This site is optimized with the Yoast SEO plugin v25.6 - https:\/\/yoast.com\/wordpress\/plugins\/seo\/ -->\n<title>Natural Sheep Cheese Cream - Reino de Le\u00f3n<\/title>\n<meta name=\"description\" content=\"Discover the softness of sheep cheese in our Reino de Le\u00f3n Natural Cream. Perfect to enjoy alone or spread on any occasion.\" \/>\n<meta name=\"robots\" content=\"index, follow, max-snippet:-1, max-image-preview:large, max-video-preview:-1\" \/>\n<link rel=\"canonical\" href=\"https:\/\/www.reinodeleon.com\/en\/product\/natural-sheep-cheese-cream\/\" \/>\n<meta property=\"og:locale\" content=\"en_GB\" \/>\n<meta property=\"og:type\" content=\"article\" \/>\n<meta property=\"og:title\" content=\"Natural Sheep Cheese Cream - Reino de Le\u00f3n\" \/>\n<meta property=\"og:description\" content=\"Discover the softness of sheep cheese in our Reino de Le\u00f3n Natural Cream. Perfect to enjoy alone or spread on any occasion.\" \/>\n<meta property=\"og:url\" content=\"https:\/\/www.reinodeleon.com\/en\/product\/natural-sheep-cheese-cream\/\" \/>\n<meta property=\"og:site_name\" content=\"Reino de Le\u00f3n\" \/>\n<meta property=\"article:publisher\" content=\"https:\/\/www.facebook.com\/ReinodLeon\" \/>\n<meta property=\"article:modified_time\" content=\"2025-01-24T09:33:47+00:00\" \/>\n<meta property=\"og:image\" content=\"https:\/\/www.reinodeleon.com\/wp-content\/uploads\/2022\/06\/Crema_nuevos500x500px_web.jpg\" \/>\n\t<meta property=\"og:image:width\" content=\"500\" \/>\n\t<meta property=\"og:image:height\" content=\"500\" \/>\n\t<meta property=\"og:image:type\" content=\"image\/jpeg\" \/>\n<meta name=\"twitter:card\" content=\"summary_large_image\" \/>\n<meta name=\"twitter:label1\" content=\"Estimated reading time\" \/>\n\t<meta name=\"twitter:data1\" content=\"1 minute\" \/>\n<script type=\"application\/ld+json\" class=\"yoast-schema-graph\">{\"@context\":\"https:\/\/schema.org\",\"@graph\":[{\"@type\":\"WebPage\",\"@id\":\"https:\/\/www.reinodeleon.com\/en\/product\/natural-sheep-cheese-cream\/\",\"url\":\"https:\/\/www.reinodeleon.com\/en\/product\/natural-sheep-cheese-cream\/\",\"name\":\"Natural Sheep Cheese Cream - Reino de Le\u00f3n\",\"isPartOf\":{\"@id\":\"https:\/\/www.reinodeleon.com\/en\/#website\"},\"primaryImageOfPage\":{\"@id\":\"https:\/\/www.reinodeleon.com\/en\/product\/natural-sheep-cheese-cream\/#primaryimage\"},\"image\":{\"@id\":\"https:\/\/www.reinodeleon.com\/en\/product\/natural-sheep-cheese-cream\/#primaryimage\"},\"thumbnailUrl\":\"https:\/\/www.reinodeleon.com\/wp-content\/uploads\/2022\/06\/Crema_nuevos500x500px_web.jpg\",\"datePublished\":\"2023-09-25T16:07:10+00:00\",\"dateModified\":\"2025-01-24T09:33:47+00:00\",\"description\":\"Discover the softness of sheep cheese in our Reino de Le\u00f3n Natural Cream. Perfect to enjoy alone or spread on any occasion.\",\"breadcrumb\":{\"@id\":\"https:\/\/www.reinodeleon.com\/en\/product\/natural-sheep-cheese-cream\/#breadcrumb\"},\"inLanguage\":\"en-GB\",\"potentialAction\":[{\"@type\":\"ReadAction\",\"target\":[\"https:\/\/www.reinodeleon.com\/en\/product\/natural-sheep-cheese-cream\/\"]}]},{\"@type\":\"ImageObject\",\"inLanguage\":\"en-GB\",\"@id\":\"https:\/\/www.reinodeleon.com\/en\/product\/natural-sheep-cheese-cream\/#primaryimage\",\"url\":\"https:\/\/www.reinodeleon.com\/wp-content\/uploads\/2022\/06\/Crema_nuevos500x500px_web.jpg\",\"contentUrl\":\"https:\/\/www.reinodeleon.com\/wp-content\/uploads\/2022\/06\/Crema_nuevos500x500px_web.jpg\",\"width\":500,\"height\":500},{\"@type\":\"BreadcrumbList\",\"@id\":\"https:\/\/www.reinodeleon.com\/en\/product\/natural-sheep-cheese-cream\/#breadcrumb\",\"itemListElement\":[{\"@type\":\"ListItem\",\"position\":1,\"name\":\"Portada\",\"item\":\"https:\/\/www.reinodeleon.com\/\"},{\"@type\":\"ListItem\",\"position\":2,\"name\":\"Shop\",\"item\":\"https:\/\/www.reinodeleon.com\/en\/shop\/\"},{\"@type\":\"ListItem\",\"position\":3,\"name\":\"Natural Sheep Cheese Cream\"}]},{\"@type\":\"WebSite\",\"@id\":\"https:\/\/www.reinodeleon.com\/en\/#website\",\"url\":\"https:\/\/www.reinodeleon.com\/en\/\",\"name\":\"Reino de Le\u00f3n\",\"description\":\"Web de productos del reino de Le\u00f3n t\u00edpicos regionales\",\"potentialAction\":[{\"@type\":\"SearchAction\",\"target\":{\"@type\":\"EntryPoint\",\"urlTemplate\":\"https:\/\/www.reinodeleon.com\/en\/?s={search_term_string}\"},\"query-input\":{\"@type\":\"PropertyValueSpecification\",\"valueRequired\":true,\"valueName\":\"search_term_string\"}}],\"inLanguage\":\"en-GB\"}]}<\/script>\n<!-- \/ Yoast SEO plugin. -->","yoast_head_json":{"title":"Natural Sheep Cheese Cream - Reino de Le\u00f3n","description":"Discover the softness of sheep cheese in our Reino de Le\u00f3n Natural Cream. Perfect to enjoy alone or spread on any occasion.","robots":{"index":"index","follow":"follow","max-snippet":"max-snippet:-1","max-image-preview":"max-image-preview:large","max-video-preview":"max-video-preview:-1"},"canonical":"https:\/\/www.reinodeleon.com\/en\/product\/natural-sheep-cheese-cream\/","og_locale":"en_GB","og_type":"article","og_title":"Natural Sheep Cheese Cream - Reino de Le\u00f3n","og_description":"Discover the softness of sheep cheese in our Reino de Le\u00f3n Natural Cream. Perfect to enjoy alone or spread on any occasion.","og_url":"https:\/\/www.reinodeleon.com\/en\/product\/natural-sheep-cheese-cream\/","og_site_name":"Reino de Le\u00f3n","article_publisher":"https:\/\/www.facebook.com\/ReinodLeon","article_modified_time":"2025-01-24T09:33:47+00:00","og_image":[{"width":500,"height":500,"url":"https:\/\/www.reinodeleon.com\/wp-content\/uploads\/2022\/06\/Crema_nuevos500x500px_web.jpg","type":"image\/jpeg"}],"twitter_card":"summary_large_image","twitter_misc":{"Estimated reading time":"1 minute"},"schema":{"@context":"https:\/\/schema.org","@graph":[{"@type":"WebPage","@id":"https:\/\/www.reinodeleon.com\/en\/product\/natural-sheep-cheese-cream\/","url":"https:\/\/www.reinodeleon.com\/en\/product\/natural-sheep-cheese-cream\/","name":"Natural Sheep Cheese Cream - Reino de Le\u00f3n","isPartOf":{"@id":"https:\/\/www.reinodeleon.com\/en\/#website"},"primaryImageOfPage":{"@id":"https:\/\/www.reinodeleon.com\/en\/product\/natural-sheep-cheese-cream\/#primaryimage"},"image":{"@id":"https:\/\/www.reinodeleon.com\/en\/product\/natural-sheep-cheese-cream\/#primaryimage"},"thumbnailUrl":"https:\/\/www.reinodeleon.com\/wp-content\/uploads\/2022\/06\/Crema_nuevos500x500px_web.jpg","datePublished":"2023-09-25T16:07:10+00:00","dateModified":"2025-01-24T09:33:47+00:00","description":"Discover the softness of sheep cheese in our Reino de Le\u00f3n Natural Cream. Perfect to enjoy alone or spread on any occasion.","breadcrumb":{"@id":"https:\/\/www.reinodeleon.com\/en\/product\/natural-sheep-cheese-cream\/#breadcrumb"},"inLanguage":"en-GB","potentialAction":[{"@type":"ReadAction","target":["https:\/\/www.reinodeleon.com\/en\/product\/natural-sheep-cheese-cream\/"]}]},{"@type":"ImageObject","inLanguage":"en-GB","@id":"https:\/\/www.reinodeleon.com\/en\/product\/natural-sheep-cheese-cream\/#primaryimage","url":"https:\/\/www.reinodeleon.com\/wp-content\/uploads\/2022\/06\/Crema_nuevos500x500px_web.jpg","contentUrl":"https:\/\/www.reinodeleon.com\/wp-content\/uploads\/2022\/06\/Crema_nuevos500x500px_web.jpg","width":500,"height":500},{"@type":"BreadcrumbList","@id":"https:\/\/www.reinodeleon.com\/en\/product\/natural-sheep-cheese-cream\/#breadcrumb","itemListElement":[{"@type":"ListItem","position":1,"name":"Portada","item":"https:\/\/www.reinodeleon.com\/"},{"@type":"ListItem","position":2,"name":"Shop","item":"https:\/\/www.reinodeleon.com\/en\/shop\/"},{"@type":"ListItem","position":3,"name":"Natural Sheep Cheese Cream"}]},{"@type":"WebSite","@id":"https:\/\/www.reinodeleon.com\/en\/#website","url":"https:\/\/www.reinodeleon.com\/en\/","name":"Reino de Le\u00f3n","description":"Web de productos del reino de Le\u00f3n t\u00edpicos regionales","potentialAction":[{"@type":"SearchAction","target":{"@type":"EntryPoint","urlTemplate":"https:\/\/www.reinodeleon.com\/en\/?s={search_term_string}"},"query-input":{"@type":"PropertyValueSpecification","valueRequired":true,"valueName":"search_term_string"}}],"inLanguage":"en-GB"}]}},"_links":{"self":[{"href":"https:\/\/www.reinodeleon.com\/en\/wp-json\/wp\/v2\/product\/6350"}],"collection":[{"href":"https:\/\/www.reinodeleon.com\/en\/wp-json\/wp\/v2\/product"}],"about":[{"href":"https:\/\/www.reinodeleon.com\/en\/wp-json\/wp\/v2\/types\/product"}],"wp:featuredmedia":[{"embeddable":true,"href":"https:\/\/www.reinodeleon.com\/en\/wp-json\/wp\/v2\/media\/799"}],"wp:attachment":[{"href":"https:\/\/www.reinodeleon.com\/en\/wp-json\/wp\/v2\/media?parent=6350"}],"wp:term":[{"taxonomy":"product_brand","embeddable":true,"href":"https:\/\/www.reinodeleon.com\/en\/wp-json\/wp\/v2\/product_brand?post=6350"},{"taxonomy":"product_cat","embeddable":true,"href":"https:\/\/www.reinodeleon.com\/en\/wp-json\/wp\/v2\/product_cat?post=6350"},{"taxonomy":"product_tag","embeddable":true,"href":"https:\/\/www.reinodeleon.com\/en\/wp-json\/wp\/v2\/product_tag?post=6350"}],"curies":[{"name":"wp","href":"https:\/\/api.w.org\/{rel}","templated":true}]}}