{"id":6352,"date":"2023-09-25T18:16:32","date_gmt":"2023-09-25T16:16:32","guid":{"rendered":"https:\/\/www.reinodeleon.com\/?post_type=product&#038;p=6352"},"modified":"2026-01-26T13:52:37","modified_gmt":"2026-01-26T12:52:37","slug":"cream-of-sheep-cheese-with-cecina","status":"publish","type":"product","link":"https:\/\/www.reinodeleon.com\/en\/product\/cream-of-sheep-cheese-with-cecina\/","title":{"rendered":"Cream of Sheep Cheese with Cecina"},"content":{"rendered":"<p>A delicious cream cheese, a product 100% elaborated with first quality raw materials, with that touch of pure sheep cheese and the unique flavor of Cecina de Le\u00f3n.<\/p>\n<p>The combination achieved results in a unique product, its creamy texture and smoothness make this cream cheese an exquisite delicacy to accompany toasts, meats, risottos and endless possibilities.<\/p>\n<p><strong>Ingredients:<\/strong><br \/>\nPasteurized sheep&#8217;s milk cheese, beef jerky 15%, extra virgin olive oil, sunflower oil.<\/p>\n<p><strong>Nutritional Information:<\/strong>(Average value per 100g) Energy value 2866\/685Kcal, Fat 69g of which saturated 35g, Carbohydrate 0,2g of which Sugars 0,1g, Protein 16g, Salt 2,2g.<\/p>\n<p><strong>Format:<\/strong> Glass Jar 120 g Net Weight<\/p>\n<p><strong>Conservation:<\/strong> Between 4\u00ba and 8\u00ba C.<\/p>\n<p>Consume at room temperature.<\/p>\n<p><strong>Allergens:<\/strong> Contains Milk. Gluten free.<\/p>\n<p><strong>Health Registration Number:<\/strong> 26.019106-LE<\/p>","protected":false},"excerpt":{"rendered":"<p>Discover the Cream Cheese with Cecina Reino de Le\u00f3n. Made with high quality sheep&#8217;s milk and authentic jerky, it offers a creamy texture and a unique flavor. Perfect as a spread or to enjoy on its own &#8211; a gourmet pleasure from Le\u00f3n!<\/p>\n<ul>\n<li><strong>Ingredients:<\/strong> Pasteurized Sheep&#8217;s MILK Cheese, Cow Cecina 15%, Extra Virgin Olive Oil, Sunflower Oil and Salt.<\/li>\n<li><strong>Net Weight:<\/strong> 120 g<\/li>\n<\/ul>\n<p>We use refrigerated shipping with Integra2 to ensure the highest quality.<\/p>","protected":false},"featured_media":798,"template":"","meta":{"_monsterinsights_skip_tracking":false,"_monsterinsights_sitenote_active":false,"_monsterinsights_sitenote_note":"","_monsterinsights_sitenote_category":0},"product_brand":[],"product_cat":[173],"product_tag":[],"class_list":{"0":"post-6352","1":"product","2":"type-product","3":"status-publish","4":"has-post-thumbnail","6":"product_cat-cheese","8":"first","9":"instock","10":"taxable","11":"shipping-taxable","12":"purchasable","13":"product-type-simple"},"yoast_head":"<!-- This site is optimized with the Yoast SEO plugin v25.6 - https:\/\/yoast.com\/wordpress\/plugins\/seo\/ -->\n<title>Cream of Sheep Cheese with Cecina - Reino de Le\u00f3n<\/title>\n<meta name=\"description\" content=\"Experience the unique combination of sheep cheese and authentic jerky in our Cream cheese. Ideal for demanding palates.\" \/>\n<meta name=\"robots\" content=\"index, follow, max-snippet:-1, max-image-preview:large, max-video-preview:-1\" \/>\n<link rel=\"canonical\" href=\"https:\/\/www.reinodeleon.com\/en\/product\/cream-of-sheep-cheese-with-cecina\/\" \/>\n<meta property=\"og:locale\" content=\"en_GB\" \/>\n<meta property=\"og:type\" content=\"article\" \/>\n<meta property=\"og:title\" content=\"Cream of Sheep Cheese with Cecina - Reino de Le\u00f3n\" \/>\n<meta property=\"og:description\" content=\"Experience the unique combination of sheep cheese and authentic jerky in our Cream cheese. Ideal for demanding palates.\" \/>\n<meta property=\"og:url\" content=\"https:\/\/www.reinodeleon.com\/en\/product\/cream-of-sheep-cheese-with-cecina\/\" \/>\n<meta property=\"og:site_name\" content=\"Reino de Le\u00f3n\" \/>\n<meta property=\"article:publisher\" content=\"https:\/\/www.facebook.com\/ReinodLeon\" \/>\n<meta property=\"article:modified_time\" content=\"2026-01-26T12:52:37+00:00\" \/>\n<meta property=\"og:image\" content=\"https:\/\/www.reinodeleon.com\/wp-content\/uploads\/2022\/06\/Crema_cecina_nuevos500x500px_web.jpg\" \/>\n\t<meta property=\"og:image:width\" content=\"500\" \/>\n\t<meta property=\"og:image:height\" content=\"500\" \/>\n\t<meta property=\"og:image:type\" content=\"image\/jpeg\" \/>\n<meta name=\"twitter:card\" content=\"summary_large_image\" \/>\n<meta name=\"twitter:label1\" content=\"Estimated reading time\" \/>\n\t<meta name=\"twitter:data1\" content=\"1 minute\" \/>\n<script type=\"application\/ld+json\" class=\"yoast-schema-graph\">{\"@context\":\"https:\/\/schema.org\",\"@graph\":[{\"@type\":\"WebPage\",\"@id\":\"https:\/\/www.reinodeleon.com\/en\/product\/cream-of-sheep-cheese-with-cecina\/\",\"url\":\"https:\/\/www.reinodeleon.com\/en\/product\/cream-of-sheep-cheese-with-cecina\/\",\"name\":\"Cream of Sheep Cheese with Cecina - Reino de Le\u00f3n\",\"isPartOf\":{\"@id\":\"https:\/\/www.reinodeleon.com\/en\/#website\"},\"primaryImageOfPage\":{\"@id\":\"https:\/\/www.reinodeleon.com\/en\/product\/cream-of-sheep-cheese-with-cecina\/#primaryimage\"},\"image\":{\"@id\":\"https:\/\/www.reinodeleon.com\/en\/product\/cream-of-sheep-cheese-with-cecina\/#primaryimage\"},\"thumbnailUrl\":\"https:\/\/www.reinodeleon.com\/wp-content\/uploads\/2022\/06\/Crema_cecina_nuevos500x500px_web.jpg\",\"datePublished\":\"2023-09-25T16:16:32+00:00\",\"dateModified\":\"2026-01-26T12:52:37+00:00\",\"description\":\"Experience the unique combination of sheep cheese and authentic jerky in our Cream cheese. Ideal for demanding palates.\",\"breadcrumb\":{\"@id\":\"https:\/\/www.reinodeleon.com\/en\/product\/cream-of-sheep-cheese-with-cecina\/#breadcrumb\"},\"inLanguage\":\"en-GB\",\"potentialAction\":[{\"@type\":\"ReadAction\",\"target\":[\"https:\/\/www.reinodeleon.com\/en\/product\/cream-of-sheep-cheese-with-cecina\/\"]}]},{\"@type\":\"ImageObject\",\"inLanguage\":\"en-GB\",\"@id\":\"https:\/\/www.reinodeleon.com\/en\/product\/cream-of-sheep-cheese-with-cecina\/#primaryimage\",\"url\":\"https:\/\/www.reinodeleon.com\/wp-content\/uploads\/2022\/06\/Crema_cecina_nuevos500x500px_web.jpg\",\"contentUrl\":\"https:\/\/www.reinodeleon.com\/wp-content\/uploads\/2022\/06\/Crema_cecina_nuevos500x500px_web.jpg\",\"width\":500,\"height\":500},{\"@type\":\"BreadcrumbList\",\"@id\":\"https:\/\/www.reinodeleon.com\/en\/product\/cream-of-sheep-cheese-with-cecina\/#breadcrumb\",\"itemListElement\":[{\"@type\":\"ListItem\",\"position\":1,\"name\":\"Portada\",\"item\":\"https:\/\/www.reinodeleon.com\/\"},{\"@type\":\"ListItem\",\"position\":2,\"name\":\"Shop\",\"item\":\"https:\/\/www.reinodeleon.com\/en\/shop\/\"},{\"@type\":\"ListItem\",\"position\":3,\"name\":\"Cream of Sheep Cheese with Cecina\"}]},{\"@type\":\"WebSite\",\"@id\":\"https:\/\/www.reinodeleon.com\/en\/#website\",\"url\":\"https:\/\/www.reinodeleon.com\/en\/\",\"name\":\"Reino de Le\u00f3n\",\"description\":\"Web de productos del reino de Le\u00f3n t\u00edpicos regionales\",\"potentialAction\":[{\"@type\":\"SearchAction\",\"target\":{\"@type\":\"EntryPoint\",\"urlTemplate\":\"https:\/\/www.reinodeleon.com\/en\/?s={search_term_string}\"},\"query-input\":{\"@type\":\"PropertyValueSpecification\",\"valueRequired\":true,\"valueName\":\"search_term_string\"}}],\"inLanguage\":\"en-GB\"}]}<\/script>\n<!-- \/ Yoast SEO plugin. -->","yoast_head_json":{"title":"Cream of Sheep Cheese with Cecina - Reino de Le\u00f3n","description":"Experience the unique combination of sheep cheese and authentic jerky in our Cream cheese. Ideal for demanding palates.","robots":{"index":"index","follow":"follow","max-snippet":"max-snippet:-1","max-image-preview":"max-image-preview:large","max-video-preview":"max-video-preview:-1"},"canonical":"https:\/\/www.reinodeleon.com\/en\/product\/cream-of-sheep-cheese-with-cecina\/","og_locale":"en_GB","og_type":"article","og_title":"Cream of Sheep Cheese with Cecina - Reino de Le\u00f3n","og_description":"Experience the unique combination of sheep cheese and authentic jerky in our Cream cheese. Ideal for demanding palates.","og_url":"https:\/\/www.reinodeleon.com\/en\/product\/cream-of-sheep-cheese-with-cecina\/","og_site_name":"Reino de Le\u00f3n","article_publisher":"https:\/\/www.facebook.com\/ReinodLeon","article_modified_time":"2026-01-26T12:52:37+00:00","og_image":[{"width":500,"height":500,"url":"https:\/\/www.reinodeleon.com\/wp-content\/uploads\/2022\/06\/Crema_cecina_nuevos500x500px_web.jpg","type":"image\/jpeg"}],"twitter_card":"summary_large_image","twitter_misc":{"Estimated reading time":"1 minute"},"schema":{"@context":"https:\/\/schema.org","@graph":[{"@type":"WebPage","@id":"https:\/\/www.reinodeleon.com\/en\/product\/cream-of-sheep-cheese-with-cecina\/","url":"https:\/\/www.reinodeleon.com\/en\/product\/cream-of-sheep-cheese-with-cecina\/","name":"Cream of Sheep Cheese with Cecina - Reino de Le\u00f3n","isPartOf":{"@id":"https:\/\/www.reinodeleon.com\/en\/#website"},"primaryImageOfPage":{"@id":"https:\/\/www.reinodeleon.com\/en\/product\/cream-of-sheep-cheese-with-cecina\/#primaryimage"},"image":{"@id":"https:\/\/www.reinodeleon.com\/en\/product\/cream-of-sheep-cheese-with-cecina\/#primaryimage"},"thumbnailUrl":"https:\/\/www.reinodeleon.com\/wp-content\/uploads\/2022\/06\/Crema_cecina_nuevos500x500px_web.jpg","datePublished":"2023-09-25T16:16:32+00:00","dateModified":"2026-01-26T12:52:37+00:00","description":"Experience the unique combination of sheep cheese and authentic jerky in our Cream cheese. Ideal for demanding palates.","breadcrumb":{"@id":"https:\/\/www.reinodeleon.com\/en\/product\/cream-of-sheep-cheese-with-cecina\/#breadcrumb"},"inLanguage":"en-GB","potentialAction":[{"@type":"ReadAction","target":["https:\/\/www.reinodeleon.com\/en\/product\/cream-of-sheep-cheese-with-cecina\/"]}]},{"@type":"ImageObject","inLanguage":"en-GB","@id":"https:\/\/www.reinodeleon.com\/en\/product\/cream-of-sheep-cheese-with-cecina\/#primaryimage","url":"https:\/\/www.reinodeleon.com\/wp-content\/uploads\/2022\/06\/Crema_cecina_nuevos500x500px_web.jpg","contentUrl":"https:\/\/www.reinodeleon.com\/wp-content\/uploads\/2022\/06\/Crema_cecina_nuevos500x500px_web.jpg","width":500,"height":500},{"@type":"BreadcrumbList","@id":"https:\/\/www.reinodeleon.com\/en\/product\/cream-of-sheep-cheese-with-cecina\/#breadcrumb","itemListElement":[{"@type":"ListItem","position":1,"name":"Portada","item":"https:\/\/www.reinodeleon.com\/"},{"@type":"ListItem","position":2,"name":"Shop","item":"https:\/\/www.reinodeleon.com\/en\/shop\/"},{"@type":"ListItem","position":3,"name":"Cream of Sheep Cheese with Cecina"}]},{"@type":"WebSite","@id":"https:\/\/www.reinodeleon.com\/en\/#website","url":"https:\/\/www.reinodeleon.com\/en\/","name":"Reino de Le\u00f3n","description":"Web de productos del reino de Le\u00f3n t\u00edpicos regionales","potentialAction":[{"@type":"SearchAction","target":{"@type":"EntryPoint","urlTemplate":"https:\/\/www.reinodeleon.com\/en\/?s={search_term_string}"},"query-input":{"@type":"PropertyValueSpecification","valueRequired":true,"valueName":"search_term_string"}}],"inLanguage":"en-GB"}]}},"_links":{"self":[{"href":"https:\/\/www.reinodeleon.com\/en\/wp-json\/wp\/v2\/product\/6352"}],"collection":[{"href":"https:\/\/www.reinodeleon.com\/en\/wp-json\/wp\/v2\/product"}],"about":[{"href":"https:\/\/www.reinodeleon.com\/en\/wp-json\/wp\/v2\/types\/product"}],"wp:featuredmedia":[{"embeddable":true,"href":"https:\/\/www.reinodeleon.com\/en\/wp-json\/wp\/v2\/media\/798"}],"wp:attachment":[{"href":"https:\/\/www.reinodeleon.com\/en\/wp-json\/wp\/v2\/media?parent=6352"}],"wp:term":[{"taxonomy":"product_brand","embeddable":true,"href":"https:\/\/www.reinodeleon.com\/en\/wp-json\/wp\/v2\/product_brand?post=6352"},{"taxonomy":"product_cat","embeddable":true,"href":"https:\/\/www.reinodeleon.com\/en\/wp-json\/wp\/v2\/product_cat?post=6352"},{"taxonomy":"product_tag","embeddable":true,"href":"https:\/\/www.reinodeleon.com\/en\/wp-json\/wp\/v2\/product_tag?post=6352"}],"curies":[{"name":"wp","href":"https:\/\/api.w.org\/{rel}","templated":true}]}}