{"id":6353,"date":"2023-09-25T18:20:19","date_gmt":"2023-09-25T16:20:19","guid":{"rendered":"https:\/\/www.reinodeleon.com\/?post_type=product&#038;p=6353"},"modified":"2026-04-01T16:06:28","modified_gmt":"2026-04-01T14:06:28","slug":"sheeps-cheese-in-spicy-oil","status":"publish","type":"product","link":"https:\/\/www.reinodeleon.com\/en\/product\/sheeps-cheese-in-spicy-oil\/","title":{"rendered":"Sheep&#8217;s Cheese in Spicy Oil"},"content":{"rendered":"<p>These sheep&#8217;s cheese cubes are perfect to give us a tribute. It is a hand-cut cheese with a lot of care, packed with our best oils and mixed with a mild spicy touch of cayenne.<\/p>\n<p>The moderate combination results in an exceptional product with a slight spicy touch at the end of the tasting.<\/p>\n<p>Designed to be enjoyed alone or in the company of family or friends. Without complications. Just open and ready to taste.<\/p>\n<p>Ideal to take as an appetizer, in salads, in pasta dishes,&#8230; Don&#8217;t forget to use the oil itself to dress salads, fish, vegetables, etc.<\/p>\n<p><strong>Ingredients: <\/strong>Pasteurized Sheep Milk Cheese, Extra Virgin Olive Oil, Sunflower Oil, Cayenne and Salt.<\/p>\n<p><strong>Nutritional Information:<\/strong> (Average value per 100g) Energy value 1913\/457Kcal, Fat 39g of which saturated 28g, Carbohydrate 0,10g of which Sugars 0,1g, Protein 26g, Salt 2,1g.<\/p>\n<p><strong>Format: <\/strong>Glass Jar 155 g Net Weight &#8211; 100 g Drained Weight.<\/p>\n<p><strong>Conservation:<\/strong> Between 4\u00ba and 8\u00ba C.<\/p>\n<p>Consume at room temperature.<\/p>\n<p><strong>Allergens:<\/strong> Contains Milk. Gluten free.<\/p>\n<p><strong>Health Registration Number:<\/strong> 26.019106-LE<\/p>","protected":false},"excerpt":{"rendered":"<p>Enjoy our Sheep Cheese Tacos in Oil with Spicy Sauce. Diced sheep cheese dipped in oil with a spicy touch, perfect for gourmet appetizers.<\/p>\n<ul>\n<li><strong>Ingredients:<\/strong> Pasteurized Sheep&#8217;s MILK cheese, Extra Virgin Olive Oil, Sunflower Oil, Cayenne and Salt.<\/li>\n<li><strong>Net Weight<\/strong> 155 g<\/li>\n<li><strong>Drained Weight<\/strong> 100 g<\/li>\n<\/ul>\n<p>We use refrigerated shipping with Integra2 to ensure the highest quality.<\/p>","protected":false},"featured_media":791,"template":"","meta":{"_monsterinsights_skip_tracking":false,"_monsterinsights_sitenote_active":false,"_monsterinsights_sitenote_note":"","_monsterinsights_sitenote_category":0},"product_brand":[],"product_cat":[173],"product_tag":[],"class_list":{"0":"post-6353","1":"product","2":"type-product","3":"status-publish","4":"has-post-thumbnail","6":"product_cat-cheese","8":"first","9":"outofstock","10":"taxable","11":"shipping-taxable","12":"purchasable","13":"product-type-simple"},"yoast_head":"<!-- This site is optimized with the Yoast SEO plugin v25.6 - https:\/\/yoast.com\/wordpress\/plugins\/seo\/ -->\n<title>Sheep&#039;s Cheese in Spicy Oil - Reino de Le\u00f3n<\/title>\n<meta name=\"description\" content=\"Discover our Diced Sheep Cheese in Oil with Spicy Sauce, an irresistible combination of sheep cheese with a touch of spice. Perfect for appetizers and gourmet cheese boards.\" \/>\n<meta name=\"robots\" content=\"index, follow, max-snippet:-1, max-image-preview:large, max-video-preview:-1\" \/>\n<link rel=\"canonical\" href=\"https:\/\/www.reinodeleon.com\/en\/product\/sheeps-cheese-in-spicy-oil\/\" \/>\n<meta property=\"og:locale\" content=\"en_GB\" \/>\n<meta property=\"og:type\" content=\"article\" \/>\n<meta property=\"og:title\" content=\"Sheep&#039;s Cheese in Spicy Oil - Reino de Le\u00f3n\" \/>\n<meta property=\"og:description\" content=\"Discover our Diced Sheep Cheese in Oil with Spicy Sauce, an irresistible combination of sheep cheese with a touch of spice. Perfect for appetizers and gourmet cheese boards.\" \/>\n<meta property=\"og:url\" content=\"https:\/\/www.reinodeleon.com\/en\/product\/sheeps-cheese-in-spicy-oil\/\" \/>\n<meta property=\"og:site_name\" content=\"Reino de Le\u00f3n\" \/>\n<meta property=\"article:publisher\" content=\"https:\/\/www.facebook.com\/ReinodLeon\" \/>\n<meta property=\"article:modified_time\" content=\"2026-04-01T14:06:28+00:00\" \/>\n<meta property=\"og:image\" content=\"https:\/\/www.reinodeleon.com\/wp-content\/uploads\/2022\/06\/Quesoenaceite_picante_nuevos500x500px_web.jpg\" \/>\n\t<meta property=\"og:image:width\" content=\"500\" \/>\n\t<meta property=\"og:image:height\" content=\"500\" \/>\n\t<meta property=\"og:image:type\" content=\"image\/jpeg\" \/>\n<meta name=\"twitter:card\" content=\"summary_large_image\" \/>\n<meta name=\"twitter:label1\" content=\"Estimated reading time\" \/>\n\t<meta name=\"twitter:data1\" content=\"1 minute\" \/>\n<script type=\"application\/ld+json\" class=\"yoast-schema-graph\">{\"@context\":\"https:\/\/schema.org\",\"@graph\":[{\"@type\":\"WebPage\",\"@id\":\"https:\/\/www.reinodeleon.com\/en\/product\/sheeps-cheese-in-spicy-oil\/\",\"url\":\"https:\/\/www.reinodeleon.com\/en\/product\/sheeps-cheese-in-spicy-oil\/\",\"name\":\"Sheep's Cheese in Spicy Oil - Reino de Le\u00f3n\",\"isPartOf\":{\"@id\":\"https:\/\/www.reinodeleon.com\/en\/#website\"},\"primaryImageOfPage\":{\"@id\":\"https:\/\/www.reinodeleon.com\/en\/product\/sheeps-cheese-in-spicy-oil\/#primaryimage\"},\"image\":{\"@id\":\"https:\/\/www.reinodeleon.com\/en\/product\/sheeps-cheese-in-spicy-oil\/#primaryimage\"},\"thumbnailUrl\":\"https:\/\/www.reinodeleon.com\/wp-content\/uploads\/2022\/06\/Quesoenaceite_picante_nuevos500x500px_web.jpg\",\"datePublished\":\"2023-09-25T16:20:19+00:00\",\"dateModified\":\"2026-04-01T14:06:28+00:00\",\"description\":\"Discover our Diced Sheep Cheese in Oil with Spicy Sauce, an irresistible combination of sheep cheese with a touch of spice. Perfect for appetizers and gourmet cheese boards.\",\"breadcrumb\":{\"@id\":\"https:\/\/www.reinodeleon.com\/en\/product\/sheeps-cheese-in-spicy-oil\/#breadcrumb\"},\"inLanguage\":\"en-GB\",\"potentialAction\":[{\"@type\":\"ReadAction\",\"target\":[\"https:\/\/www.reinodeleon.com\/en\/product\/sheeps-cheese-in-spicy-oil\/\"]}]},{\"@type\":\"ImageObject\",\"inLanguage\":\"en-GB\",\"@id\":\"https:\/\/www.reinodeleon.com\/en\/product\/sheeps-cheese-in-spicy-oil\/#primaryimage\",\"url\":\"https:\/\/www.reinodeleon.com\/wp-content\/uploads\/2022\/06\/Quesoenaceite_picante_nuevos500x500px_web.jpg\",\"contentUrl\":\"https:\/\/www.reinodeleon.com\/wp-content\/uploads\/2022\/06\/Quesoenaceite_picante_nuevos500x500px_web.jpg\",\"width\":500,\"height\":500},{\"@type\":\"BreadcrumbList\",\"@id\":\"https:\/\/www.reinodeleon.com\/en\/product\/sheeps-cheese-in-spicy-oil\/#breadcrumb\",\"itemListElement\":[{\"@type\":\"ListItem\",\"position\":1,\"name\":\"Portada\",\"item\":\"https:\/\/www.reinodeleon.com\/\"},{\"@type\":\"ListItem\",\"position\":2,\"name\":\"Shop\",\"item\":\"https:\/\/www.reinodeleon.com\/en\/shop\/\"},{\"@type\":\"ListItem\",\"position\":3,\"name\":\"Sheep&#8217;s Cheese in Spicy Oil\"}]},{\"@type\":\"WebSite\",\"@id\":\"https:\/\/www.reinodeleon.com\/en\/#website\",\"url\":\"https:\/\/www.reinodeleon.com\/en\/\",\"name\":\"Reino de Le\u00f3n\",\"description\":\"Web de productos del reino de Le\u00f3n t\u00edpicos regionales\",\"potentialAction\":[{\"@type\":\"SearchAction\",\"target\":{\"@type\":\"EntryPoint\",\"urlTemplate\":\"https:\/\/www.reinodeleon.com\/en\/?s={search_term_string}\"},\"query-input\":{\"@type\":\"PropertyValueSpecification\",\"valueRequired\":true,\"valueName\":\"search_term_string\"}}],\"inLanguage\":\"en-GB\"}]}<\/script>\n<!-- \/ Yoast SEO plugin. -->","yoast_head_json":{"title":"Sheep's Cheese in Spicy Oil - Reino de Le\u00f3n","description":"Discover our Diced Sheep Cheese in Oil with Spicy Sauce, an irresistible combination of sheep cheese with a touch of spice. Perfect for appetizers and gourmet cheese boards.","robots":{"index":"index","follow":"follow","max-snippet":"max-snippet:-1","max-image-preview":"max-image-preview:large","max-video-preview":"max-video-preview:-1"},"canonical":"https:\/\/www.reinodeleon.com\/en\/product\/sheeps-cheese-in-spicy-oil\/","og_locale":"en_GB","og_type":"article","og_title":"Sheep's Cheese in Spicy Oil - Reino de Le\u00f3n","og_description":"Discover our Diced Sheep Cheese in Oil with Spicy Sauce, an irresistible combination of sheep cheese with a touch of spice. Perfect for appetizers and gourmet cheese boards.","og_url":"https:\/\/www.reinodeleon.com\/en\/product\/sheeps-cheese-in-spicy-oil\/","og_site_name":"Reino de Le\u00f3n","article_publisher":"https:\/\/www.facebook.com\/ReinodLeon","article_modified_time":"2026-04-01T14:06:28+00:00","og_image":[{"width":500,"height":500,"url":"https:\/\/www.reinodeleon.com\/wp-content\/uploads\/2022\/06\/Quesoenaceite_picante_nuevos500x500px_web.jpg","type":"image\/jpeg"}],"twitter_card":"summary_large_image","twitter_misc":{"Estimated reading time":"1 minute"},"schema":{"@context":"https:\/\/schema.org","@graph":[{"@type":"WebPage","@id":"https:\/\/www.reinodeleon.com\/en\/product\/sheeps-cheese-in-spicy-oil\/","url":"https:\/\/www.reinodeleon.com\/en\/product\/sheeps-cheese-in-spicy-oil\/","name":"Sheep's Cheese in Spicy Oil - Reino de Le\u00f3n","isPartOf":{"@id":"https:\/\/www.reinodeleon.com\/en\/#website"},"primaryImageOfPage":{"@id":"https:\/\/www.reinodeleon.com\/en\/product\/sheeps-cheese-in-spicy-oil\/#primaryimage"},"image":{"@id":"https:\/\/www.reinodeleon.com\/en\/product\/sheeps-cheese-in-spicy-oil\/#primaryimage"},"thumbnailUrl":"https:\/\/www.reinodeleon.com\/wp-content\/uploads\/2022\/06\/Quesoenaceite_picante_nuevos500x500px_web.jpg","datePublished":"2023-09-25T16:20:19+00:00","dateModified":"2026-04-01T14:06:28+00:00","description":"Discover our Diced Sheep Cheese in Oil with Spicy Sauce, an irresistible combination of sheep cheese with a touch of spice. Perfect for appetizers and gourmet cheese boards.","breadcrumb":{"@id":"https:\/\/www.reinodeleon.com\/en\/product\/sheeps-cheese-in-spicy-oil\/#breadcrumb"},"inLanguage":"en-GB","potentialAction":[{"@type":"ReadAction","target":["https:\/\/www.reinodeleon.com\/en\/product\/sheeps-cheese-in-spicy-oil\/"]}]},{"@type":"ImageObject","inLanguage":"en-GB","@id":"https:\/\/www.reinodeleon.com\/en\/product\/sheeps-cheese-in-spicy-oil\/#primaryimage","url":"https:\/\/www.reinodeleon.com\/wp-content\/uploads\/2022\/06\/Quesoenaceite_picante_nuevos500x500px_web.jpg","contentUrl":"https:\/\/www.reinodeleon.com\/wp-content\/uploads\/2022\/06\/Quesoenaceite_picante_nuevos500x500px_web.jpg","width":500,"height":500},{"@type":"BreadcrumbList","@id":"https:\/\/www.reinodeleon.com\/en\/product\/sheeps-cheese-in-spicy-oil\/#breadcrumb","itemListElement":[{"@type":"ListItem","position":1,"name":"Portada","item":"https:\/\/www.reinodeleon.com\/"},{"@type":"ListItem","position":2,"name":"Shop","item":"https:\/\/www.reinodeleon.com\/en\/shop\/"},{"@type":"ListItem","position":3,"name":"Sheep&#8217;s Cheese in Spicy Oil"}]},{"@type":"WebSite","@id":"https:\/\/www.reinodeleon.com\/en\/#website","url":"https:\/\/www.reinodeleon.com\/en\/","name":"Reino de Le\u00f3n","description":"Web de productos del reino de Le\u00f3n t\u00edpicos regionales","potentialAction":[{"@type":"SearchAction","target":{"@type":"EntryPoint","urlTemplate":"https:\/\/www.reinodeleon.com\/en\/?s={search_term_string}"},"query-input":{"@type":"PropertyValueSpecification","valueRequired":true,"valueName":"search_term_string"}}],"inLanguage":"en-GB"}]}},"_links":{"self":[{"href":"https:\/\/www.reinodeleon.com\/en\/wp-json\/wp\/v2\/product\/6353"}],"collection":[{"href":"https:\/\/www.reinodeleon.com\/en\/wp-json\/wp\/v2\/product"}],"about":[{"href":"https:\/\/www.reinodeleon.com\/en\/wp-json\/wp\/v2\/types\/product"}],"wp:featuredmedia":[{"embeddable":true,"href":"https:\/\/www.reinodeleon.com\/en\/wp-json\/wp\/v2\/media\/791"}],"wp:attachment":[{"href":"https:\/\/www.reinodeleon.com\/en\/wp-json\/wp\/v2\/media?parent=6353"}],"wp:term":[{"taxonomy":"product_brand","embeddable":true,"href":"https:\/\/www.reinodeleon.com\/en\/wp-json\/wp\/v2\/product_brand?post=6353"},{"taxonomy":"product_cat","embeddable":true,"href":"https:\/\/www.reinodeleon.com\/en\/wp-json\/wp\/v2\/product_cat?post=6353"},{"taxonomy":"product_tag","embeddable":true,"href":"https:\/\/www.reinodeleon.com\/en\/wp-json\/wp\/v2\/product_tag?post=6353"}],"curies":[{"name":"wp","href":"https:\/\/api.w.org\/{rel}","templated":true}]}}