{"id":6354,"date":"2023-09-25T18:25:42","date_gmt":"2023-09-25T16:25:42","guid":{"rendered":"https:\/\/www.reinodeleon.com\/?post_type=product&#038;p=6354"},"modified":"2025-01-24T10:33:03","modified_gmt":"2025-01-24T09:33:03","slug":"sheep-cheese-in-oil-with-garlic-parsley-and-cayenne","status":"publish","type":"product","link":"https:\/\/www.reinodeleon.com\/en\/product\/sheep-cheese-in-oil-with-garlic-parsley-and-cayenne\/","title":{"rendered":"Sheep Cheese in Oil with Garlic, Parsley and Cayenne."},"content":{"rendered":"<p>These cubes of sheep cheese are perfect to give us a tribute. It is a hand-cut cheese with a lot of care, packed with our best oils and mixed with a selection of spices that make it unique.<\/p>\n<p>Designed to be enjoyed alone or in the company of family or friends. Without complications. Just open and ready to taste.<\/p>\n<p>Ideal to take as an appetizer, in salads, in pasta dishes,&#8230; Don&#8217;t forget to use the oil itself to dress salads, fish, vegetables, etc.<\/p>\n<p><strong>Ingredients: <\/strong>Pasteurized Sheep Milk Cheese, Extra Virgin Olive Oil, Sunflower Oil, Garlic, Parsley, Cayenne and Salt.<\/p>\n<p><strong>Nutritional Information:<\/strong>(Average value per 100g) Energy value 1913\/457Kcal, Fat 39g of which saturated 28g, Carbohydrates 0,10g of which Sugars 0,1g, Protein 26g, Salt 2,1g<\/p>\n<p><strong>Format: <\/strong>Glass Jar 155 g Net Weight &#8211; 100 g Drained Weight.<\/p>\n<p><strong>Conservation:<\/strong> Between 4\u00ba and 8\u00ba C.<\/p>\n<p>Consume at room temperature.<\/p>\n<p><strong>Allergens:<\/strong> Contains Milk. Gluten free.<\/p>\n<p><strong>Health Registration Number:<\/strong> 26.019106-LE<\/p>","protected":false},"excerpt":{"rendered":"<p>Try our Sheep Cheese cubes in Oil with Garlic, Parsley and Cayenne. Sheep cheese cubes in oil infused with Mediterranean flavors, ideal to complement your dishes or enjoy alone.<\/p>\n<ul>\n<li><strong>Ingredients:<\/strong> Pasteurized Sheep&#8217;s MILK cheese, Extra Virgin Olive Oil, Sunflower Oil, Garlic, Parsley, Cayenne and Salt.<\/li>\n<li><strong>Net Weight<\/strong> 155 g<\/li>\n<li><strong>Drained Weight<\/strong> 100 g<\/li>\n<\/ul>\n<p>We use refrigerated shipping with Integra2 to ensure the highest quality.<\/p>","protected":false},"featured_media":801,"template":"","meta":{"_monsterinsights_skip_tracking":false,"_monsterinsights_sitenote_active":false,"_monsterinsights_sitenote_note":"","_monsterinsights_sitenote_category":0},"product_brand":[],"product_cat":[173],"product_tag":[],"class_list":{"0":"post-6354","1":"product","2":"type-product","3":"status-publish","4":"has-post-thumbnail","6":"product_cat-cheese","8":"first","9":"instock","10":"taxable","11":"shipping-taxable","12":"purchasable","13":"product-type-simple"},"yoast_head":"<!-- This site is optimized with the Yoast SEO plugin v25.6 - https:\/\/yoast.com\/wordpress\/plugins\/seo\/ -->\n<title>Sheep Cheese in Oil with Garlic, Parsley and Cayenne. - Reino de Le\u00f3n<\/title>\n<meta name=\"description\" content=\"Explore our Sheep Cheese Tacos in Oil with Garlic, Parsley and Cayenne, a delicious blend of intense flavors. Ideal to accompany your dishes with a unique Mediterranean touch.\" \/>\n<meta name=\"robots\" content=\"index, follow, max-snippet:-1, max-image-preview:large, max-video-preview:-1\" \/>\n<link rel=\"canonical\" href=\"https:\/\/www.reinodeleon.com\/en\/product\/sheep-cheese-in-oil-with-garlic-parsley-and-cayenne\/\" \/>\n<meta property=\"og:locale\" content=\"en_GB\" \/>\n<meta property=\"og:type\" content=\"article\" \/>\n<meta property=\"og:title\" content=\"Sheep Cheese in Oil with Garlic, Parsley and Cayenne. - Reino de Le\u00f3n\" \/>\n<meta property=\"og:description\" content=\"Explore our Sheep Cheese Tacos in Oil with Garlic, Parsley and Cayenne, a delicious blend of intense flavors. Ideal to accompany your dishes with a unique Mediterranean touch.\" \/>\n<meta property=\"og:url\" content=\"https:\/\/www.reinodeleon.com\/en\/product\/sheep-cheese-in-oil-with-garlic-parsley-and-cayenne\/\" \/>\n<meta property=\"og:site_name\" content=\"Reino de Le\u00f3n\" \/>\n<meta property=\"article:publisher\" content=\"https:\/\/www.facebook.com\/ReinodLeon\" \/>\n<meta property=\"article:modified_time\" content=\"2025-01-24T09:33:03+00:00\" \/>\n<meta property=\"og:image\" content=\"https:\/\/www.reinodeleon.com\/wp-content\/uploads\/2022\/06\/Quesoenaceite_perejil_nuevos500x500px_web.jpg\" \/>\n\t<meta property=\"og:image:width\" content=\"500\" \/>\n\t<meta property=\"og:image:height\" content=\"500\" \/>\n\t<meta property=\"og:image:type\" content=\"image\/jpeg\" \/>\n<meta name=\"twitter:card\" content=\"summary_large_image\" \/>\n<meta name=\"twitter:label1\" content=\"Estimated reading time\" \/>\n\t<meta name=\"twitter:data1\" content=\"1 minute\" \/>\n<script type=\"application\/ld+json\" class=\"yoast-schema-graph\">{\"@context\":\"https:\/\/schema.org\",\"@graph\":[{\"@type\":\"WebPage\",\"@id\":\"https:\/\/www.reinodeleon.com\/en\/product\/sheep-cheese-in-oil-with-garlic-parsley-and-cayenne\/\",\"url\":\"https:\/\/www.reinodeleon.com\/en\/product\/sheep-cheese-in-oil-with-garlic-parsley-and-cayenne\/\",\"name\":\"Sheep Cheese in Oil with Garlic, Parsley and Cayenne. - Reino de Le\u00f3n\",\"isPartOf\":{\"@id\":\"https:\/\/www.reinodeleon.com\/en\/#website\"},\"primaryImageOfPage\":{\"@id\":\"https:\/\/www.reinodeleon.com\/en\/product\/sheep-cheese-in-oil-with-garlic-parsley-and-cayenne\/#primaryimage\"},\"image\":{\"@id\":\"https:\/\/www.reinodeleon.com\/en\/product\/sheep-cheese-in-oil-with-garlic-parsley-and-cayenne\/#primaryimage\"},\"thumbnailUrl\":\"https:\/\/www.reinodeleon.com\/wp-content\/uploads\/2022\/06\/Quesoenaceite_perejil_nuevos500x500px_web.jpg\",\"datePublished\":\"2023-09-25T16:25:42+00:00\",\"dateModified\":\"2025-01-24T09:33:03+00:00\",\"description\":\"Explore our Sheep Cheese Tacos in Oil with Garlic, Parsley and Cayenne, a delicious blend of intense flavors. Ideal to accompany your dishes with a unique Mediterranean touch.\",\"breadcrumb\":{\"@id\":\"https:\/\/www.reinodeleon.com\/en\/product\/sheep-cheese-in-oil-with-garlic-parsley-and-cayenne\/#breadcrumb\"},\"inLanguage\":\"en-GB\",\"potentialAction\":[{\"@type\":\"ReadAction\",\"target\":[\"https:\/\/www.reinodeleon.com\/en\/product\/sheep-cheese-in-oil-with-garlic-parsley-and-cayenne\/\"]}]},{\"@type\":\"ImageObject\",\"inLanguage\":\"en-GB\",\"@id\":\"https:\/\/www.reinodeleon.com\/en\/product\/sheep-cheese-in-oil-with-garlic-parsley-and-cayenne\/#primaryimage\",\"url\":\"https:\/\/www.reinodeleon.com\/wp-content\/uploads\/2022\/06\/Quesoenaceite_perejil_nuevos500x500px_web.jpg\",\"contentUrl\":\"https:\/\/www.reinodeleon.com\/wp-content\/uploads\/2022\/06\/Quesoenaceite_perejil_nuevos500x500px_web.jpg\",\"width\":500,\"height\":500},{\"@type\":\"BreadcrumbList\",\"@id\":\"https:\/\/www.reinodeleon.com\/en\/product\/sheep-cheese-in-oil-with-garlic-parsley-and-cayenne\/#breadcrumb\",\"itemListElement\":[{\"@type\":\"ListItem\",\"position\":1,\"name\":\"Portada\",\"item\":\"https:\/\/www.reinodeleon.com\/\"},{\"@type\":\"ListItem\",\"position\":2,\"name\":\"Shop\",\"item\":\"https:\/\/www.reinodeleon.com\/en\/shop\/\"},{\"@type\":\"ListItem\",\"position\":3,\"name\":\"Sheep Cheese in Oil with Garlic, Parsley and Cayenne.\"}]},{\"@type\":\"WebSite\",\"@id\":\"https:\/\/www.reinodeleon.com\/en\/#website\",\"url\":\"https:\/\/www.reinodeleon.com\/en\/\",\"name\":\"Reino de Le\u00f3n\",\"description\":\"Web de productos del reino de Le\u00f3n t\u00edpicos regionales\",\"potentialAction\":[{\"@type\":\"SearchAction\",\"target\":{\"@type\":\"EntryPoint\",\"urlTemplate\":\"https:\/\/www.reinodeleon.com\/en\/?s={search_term_string}\"},\"query-input\":{\"@type\":\"PropertyValueSpecification\",\"valueRequired\":true,\"valueName\":\"search_term_string\"}}],\"inLanguage\":\"en-GB\"}]}<\/script>\n<!-- \/ Yoast SEO plugin. -->","yoast_head_json":{"title":"Sheep Cheese in Oil with Garlic, Parsley and Cayenne. - Reino de Le\u00f3n","description":"Explore our Sheep Cheese Tacos in Oil with Garlic, Parsley and Cayenne, a delicious blend of intense flavors. Ideal to accompany your dishes with a unique Mediterranean touch.","robots":{"index":"index","follow":"follow","max-snippet":"max-snippet:-1","max-image-preview":"max-image-preview:large","max-video-preview":"max-video-preview:-1"},"canonical":"https:\/\/www.reinodeleon.com\/en\/product\/sheep-cheese-in-oil-with-garlic-parsley-and-cayenne\/","og_locale":"en_GB","og_type":"article","og_title":"Sheep Cheese in Oil with Garlic, Parsley and Cayenne. - Reino de Le\u00f3n","og_description":"Explore our Sheep Cheese Tacos in Oil with Garlic, Parsley and Cayenne, a delicious blend of intense flavors. Ideal to accompany your dishes with a unique Mediterranean touch.","og_url":"https:\/\/www.reinodeleon.com\/en\/product\/sheep-cheese-in-oil-with-garlic-parsley-and-cayenne\/","og_site_name":"Reino de Le\u00f3n","article_publisher":"https:\/\/www.facebook.com\/ReinodLeon","article_modified_time":"2025-01-24T09:33:03+00:00","og_image":[{"width":500,"height":500,"url":"https:\/\/www.reinodeleon.com\/wp-content\/uploads\/2022\/06\/Quesoenaceite_perejil_nuevos500x500px_web.jpg","type":"image\/jpeg"}],"twitter_card":"summary_large_image","twitter_misc":{"Estimated reading time":"1 minute"},"schema":{"@context":"https:\/\/schema.org","@graph":[{"@type":"WebPage","@id":"https:\/\/www.reinodeleon.com\/en\/product\/sheep-cheese-in-oil-with-garlic-parsley-and-cayenne\/","url":"https:\/\/www.reinodeleon.com\/en\/product\/sheep-cheese-in-oil-with-garlic-parsley-and-cayenne\/","name":"Sheep Cheese in Oil with Garlic, Parsley and Cayenne. - Reino de Le\u00f3n","isPartOf":{"@id":"https:\/\/www.reinodeleon.com\/en\/#website"},"primaryImageOfPage":{"@id":"https:\/\/www.reinodeleon.com\/en\/product\/sheep-cheese-in-oil-with-garlic-parsley-and-cayenne\/#primaryimage"},"image":{"@id":"https:\/\/www.reinodeleon.com\/en\/product\/sheep-cheese-in-oil-with-garlic-parsley-and-cayenne\/#primaryimage"},"thumbnailUrl":"https:\/\/www.reinodeleon.com\/wp-content\/uploads\/2022\/06\/Quesoenaceite_perejil_nuevos500x500px_web.jpg","datePublished":"2023-09-25T16:25:42+00:00","dateModified":"2025-01-24T09:33:03+00:00","description":"Explore our Sheep Cheese Tacos in Oil with Garlic, Parsley and Cayenne, a delicious blend of intense flavors. Ideal to accompany your dishes with a unique Mediterranean touch.","breadcrumb":{"@id":"https:\/\/www.reinodeleon.com\/en\/product\/sheep-cheese-in-oil-with-garlic-parsley-and-cayenne\/#breadcrumb"},"inLanguage":"en-GB","potentialAction":[{"@type":"ReadAction","target":["https:\/\/www.reinodeleon.com\/en\/product\/sheep-cheese-in-oil-with-garlic-parsley-and-cayenne\/"]}]},{"@type":"ImageObject","inLanguage":"en-GB","@id":"https:\/\/www.reinodeleon.com\/en\/product\/sheep-cheese-in-oil-with-garlic-parsley-and-cayenne\/#primaryimage","url":"https:\/\/www.reinodeleon.com\/wp-content\/uploads\/2022\/06\/Quesoenaceite_perejil_nuevos500x500px_web.jpg","contentUrl":"https:\/\/www.reinodeleon.com\/wp-content\/uploads\/2022\/06\/Quesoenaceite_perejil_nuevos500x500px_web.jpg","width":500,"height":500},{"@type":"BreadcrumbList","@id":"https:\/\/www.reinodeleon.com\/en\/product\/sheep-cheese-in-oil-with-garlic-parsley-and-cayenne\/#breadcrumb","itemListElement":[{"@type":"ListItem","position":1,"name":"Portada","item":"https:\/\/www.reinodeleon.com\/"},{"@type":"ListItem","position":2,"name":"Shop","item":"https:\/\/www.reinodeleon.com\/en\/shop\/"},{"@type":"ListItem","position":3,"name":"Sheep Cheese in Oil with Garlic, Parsley and Cayenne."}]},{"@type":"WebSite","@id":"https:\/\/www.reinodeleon.com\/en\/#website","url":"https:\/\/www.reinodeleon.com\/en\/","name":"Reino de Le\u00f3n","description":"Web de productos del reino de Le\u00f3n t\u00edpicos regionales","potentialAction":[{"@type":"SearchAction","target":{"@type":"EntryPoint","urlTemplate":"https:\/\/www.reinodeleon.com\/en\/?s={search_term_string}"},"query-input":{"@type":"PropertyValueSpecification","valueRequired":true,"valueName":"search_term_string"}}],"inLanguage":"en-GB"}]}},"_links":{"self":[{"href":"https:\/\/www.reinodeleon.com\/en\/wp-json\/wp\/v2\/product\/6354"}],"collection":[{"href":"https:\/\/www.reinodeleon.com\/en\/wp-json\/wp\/v2\/product"}],"about":[{"href":"https:\/\/www.reinodeleon.com\/en\/wp-json\/wp\/v2\/types\/product"}],"wp:featuredmedia":[{"embeddable":true,"href":"https:\/\/www.reinodeleon.com\/en\/wp-json\/wp\/v2\/media\/801"}],"wp:attachment":[{"href":"https:\/\/www.reinodeleon.com\/en\/wp-json\/wp\/v2\/media?parent=6354"}],"wp:term":[{"taxonomy":"product_brand","embeddable":true,"href":"https:\/\/www.reinodeleon.com\/en\/wp-json\/wp\/v2\/product_brand?post=6354"},{"taxonomy":"product_cat","embeddable":true,"href":"https:\/\/www.reinodeleon.com\/en\/wp-json\/wp\/v2\/product_cat?post=6354"},{"taxonomy":"product_tag","embeddable":true,"href":"https:\/\/www.reinodeleon.com\/en\/wp-json\/wp\/v2\/product_tag?post=6354"}],"curies":[{"name":"wp","href":"https:\/\/api.w.org\/{rel}","templated":true}]}}