{"id":6360,"date":"2023-09-25T18:49:37","date_gmt":"2023-09-25T16:49:37","guid":{"rendered":"https:\/\/www.reinodeleon.com\/?post_type=product&#038;p=6360"},"modified":"2025-10-09T12:53:43","modified_gmt":"2025-10-09T10:53:43","slug":"cheese-and-serrano-ham-bites-20","status":"publish","type":"product","link":"https:\/\/www.reinodeleon.com\/en\/product\/cheese-and-serrano-ham-bites-20\/","title":{"rendered":"\u201cReino de Le\u00f3n\u201d Ewe\u2019s Milk Cheese and Serrano Ham Bites (20 pcs)"},"content":{"rendered":"<p><strong>INGREDIENTS:<\/strong> Pasteurized Sheep Milk Cheese with Ham (35%), Extra Virgin Olive Oil and Sunflower Oil.<\/p>\n<p><strong>NUTRITIONAL INFORMATION<\/strong> per 100 g, Energy Value: 1.580,71kJ\/378,16kcal, Fat: 29,4 g, of which saturated: 15,3 g, Carbohydrates: 4,11 g, of which sugars: &lt;0,5 g, Protein: 24,28 g, Salt: 4,61 g.<\/p>\n<p><strong>STORAGE:<\/strong> 0\u00ba-8\u00ba Celsius.<\/p>\n<p><strong>IDEAL CONSUMPTION:<\/strong> At room temperature.<\/p>\n<p><strong>ALLERGENS:<\/strong> Contains Milk. Gluten free.<\/p>\n<p><strong>HEALTH REGISTRATION NUMBER:<\/strong> 26.019106-LE<\/p>","protected":false},"excerpt":{"rendered":"<ul>\n<li>Ewe\u2019s milk Cheese with Serrano Jam\u00a0in Olive and Sunflower oil.<\/li>\n<li>Presentation in PP trays of 20 units.<\/li>\n<li>Without preservatives. Without Colorants. Gluten free.<\/li>\n<li>Net weight 510 g &#8211; Drained weight 380 g.<\/li>\n<li>We use refrigerated shipping with Integra2 to ensure the highest quality.<\/li>\n<\/ul>","protected":false},"featured_media":6125,"template":"","meta":{"_monsterinsights_skip_tracking":false,"_monsterinsights_sitenote_active":false,"_monsterinsights_sitenote_note":"","_monsterinsights_sitenote_category":0},"product_brand":[],"product_cat":[57],"product_tag":[],"class_list":{"0":"post-6360","1":"product","2":"type-product","3":"status-publish","4":"has-post-thumbnail","6":"product_cat-cheese-bites","8":"first","9":"instock","10":"taxable","11":"shipping-taxable","12":"purchasable","13":"product-type-simple"},"yoast_head":"<!-- This site is optimized with the Yoast SEO plugin v25.6 - https:\/\/yoast.com\/wordpress\/plugins\/seo\/ -->\n<title>\u201cReino de Le\u00f3n\u201d Ewe\u2019s Milk Cheese and Serrano Ham Bites (20 pcs)<\/title>\n<meta name=\"description\" content=\"Explore our sheep cheese skewers with ham in oil, a delicate combination of sheep cheese and ham, dipped in oil for an exceptional flavor.\" \/>\n<meta name=\"robots\" content=\"index, follow, max-snippet:-1, max-image-preview:large, max-video-preview:-1\" \/>\n<link rel=\"canonical\" href=\"https:\/\/www.reinodeleon.com\/en\/product\/cheese-and-serrano-ham-bites-20\/\" \/>\n<meta property=\"og:locale\" content=\"en_GB\" \/>\n<meta property=\"og:type\" content=\"article\" \/>\n<meta property=\"og:title\" content=\"\u201cReino de Le\u00f3n\u201d Ewe\u2019s Milk Cheese and Serrano Ham Bites (20 pcs)\" \/>\n<meta property=\"og:description\" content=\"Explore our sheep cheese skewers with ham in oil, a delicate combination of sheep cheese and ham, dipped in oil for an exceptional flavor.\" \/>\n<meta property=\"og:url\" content=\"https:\/\/www.reinodeleon.com\/en\/product\/cheese-and-serrano-ham-bites-20\/\" \/>\n<meta property=\"og:site_name\" content=\"Reino de Le\u00f3n\" \/>\n<meta property=\"article:publisher\" content=\"https:\/\/www.facebook.com\/ReinodLeon\" \/>\n<meta property=\"article:modified_time\" content=\"2025-10-09T10:53:43+00:00\" \/>\n<meta property=\"og:image\" content=\"https:\/\/www.reinodeleon.com\/wp-content\/uploads\/2023\/06\/Pinchos_queso_de_oveja_jamon_aceite_reinodeleon_20_web_v2.jpg\" \/>\n\t<meta property=\"og:image:width\" content=\"1066\" \/>\n\t<meta property=\"og:image:height\" content=\"1066\" \/>\n\t<meta property=\"og:image:type\" content=\"image\/jpeg\" \/>\n<meta name=\"twitter:card\" content=\"summary_large_image\" \/>\n<script type=\"application\/ld+json\" class=\"yoast-schema-graph\">{\"@context\":\"https:\/\/schema.org\",\"@graph\":[{\"@type\":\"WebPage\",\"@id\":\"https:\/\/www.reinodeleon.com\/en\/product\/cheese-and-serrano-ham-bites-20\/\",\"url\":\"https:\/\/www.reinodeleon.com\/en\/product\/cheese-and-serrano-ham-bites-20\/\",\"name\":\"\u201cReino de Le\u00f3n\u201d Ewe\u2019s Milk Cheese and Serrano Ham Bites (20 pcs)\",\"isPartOf\":{\"@id\":\"https:\/\/www.reinodeleon.com\/en\/#website\"},\"primaryImageOfPage\":{\"@id\":\"https:\/\/www.reinodeleon.com\/en\/product\/cheese-and-serrano-ham-bites-20\/#primaryimage\"},\"image\":{\"@id\":\"https:\/\/www.reinodeleon.com\/en\/product\/cheese-and-serrano-ham-bites-20\/#primaryimage\"},\"thumbnailUrl\":\"https:\/\/www.reinodeleon.com\/wp-content\/uploads\/2023\/06\/Pinchos_queso_de_oveja_jamon_aceite_reinodeleon_20_web_v2.jpg\",\"datePublished\":\"2023-09-25T16:49:37+00:00\",\"dateModified\":\"2025-10-09T10:53:43+00:00\",\"description\":\"Explore our sheep cheese skewers with ham in oil, a delicate combination of sheep cheese and ham, dipped in oil for an exceptional flavor.\",\"breadcrumb\":{\"@id\":\"https:\/\/www.reinodeleon.com\/en\/product\/cheese-and-serrano-ham-bites-20\/#breadcrumb\"},\"inLanguage\":\"en-GB\",\"potentialAction\":[{\"@type\":\"ReadAction\",\"target\":[\"https:\/\/www.reinodeleon.com\/en\/product\/cheese-and-serrano-ham-bites-20\/\"]}]},{\"@type\":\"ImageObject\",\"inLanguage\":\"en-GB\",\"@id\":\"https:\/\/www.reinodeleon.com\/en\/product\/cheese-and-serrano-ham-bites-20\/#primaryimage\",\"url\":\"https:\/\/www.reinodeleon.com\/wp-content\/uploads\/2023\/06\/Pinchos_queso_de_oveja_jamon_aceite_reinodeleon_20_web_v2.jpg\",\"contentUrl\":\"https:\/\/www.reinodeleon.com\/wp-content\/uploads\/2023\/06\/Pinchos_queso_de_oveja_jamon_aceite_reinodeleon_20_web_v2.jpg\",\"width\":1066,\"height\":1066,\"caption\":\"Pinchos_queso_de_oveja_jamon_aceite_reinodeleon_20_web_v2\"},{\"@type\":\"BreadcrumbList\",\"@id\":\"https:\/\/www.reinodeleon.com\/en\/product\/cheese-and-serrano-ham-bites-20\/#breadcrumb\",\"itemListElement\":[{\"@type\":\"ListItem\",\"position\":1,\"name\":\"Portada\",\"item\":\"https:\/\/www.reinodeleon.com\/\"},{\"@type\":\"ListItem\",\"position\":2,\"name\":\"Shop\",\"item\":\"https:\/\/www.reinodeleon.com\/en\/shop\/\"},{\"@type\":\"ListItem\",\"position\":3,\"name\":\"\u201cReino de Le\u00f3n\u201d Ewe\u2019s Milk Cheese and Serrano Ham Bites (20 pcs)\"}]},{\"@type\":\"WebSite\",\"@id\":\"https:\/\/www.reinodeleon.com\/en\/#website\",\"url\":\"https:\/\/www.reinodeleon.com\/en\/\",\"name\":\"Reino de Le\u00f3n\",\"description\":\"Web de productos del reino de Le\u00f3n t\u00edpicos regionales\",\"potentialAction\":[{\"@type\":\"SearchAction\",\"target\":{\"@type\":\"EntryPoint\",\"urlTemplate\":\"https:\/\/www.reinodeleon.com\/en\/?s={search_term_string}\"},\"query-input\":{\"@type\":\"PropertyValueSpecification\",\"valueRequired\":true,\"valueName\":\"search_term_string\"}}],\"inLanguage\":\"en-GB\"}]}<\/script>\n<!-- \/ Yoast SEO plugin. -->","yoast_head_json":{"title":"\u201cReino de Le\u00f3n\u201d Ewe\u2019s Milk Cheese and Serrano Ham Bites (20 pcs)","description":"Explore our sheep cheese skewers with ham in oil, a delicate combination of sheep cheese and ham, dipped in oil for an exceptional flavor.","robots":{"index":"index","follow":"follow","max-snippet":"max-snippet:-1","max-image-preview":"max-image-preview:large","max-video-preview":"max-video-preview:-1"},"canonical":"https:\/\/www.reinodeleon.com\/en\/product\/cheese-and-serrano-ham-bites-20\/","og_locale":"en_GB","og_type":"article","og_title":"\u201cReino de Le\u00f3n\u201d Ewe\u2019s Milk Cheese and Serrano Ham Bites (20 pcs)","og_description":"Explore our sheep cheese skewers with ham in oil, a delicate combination of sheep cheese and ham, dipped in oil for an exceptional flavor.","og_url":"https:\/\/www.reinodeleon.com\/en\/product\/cheese-and-serrano-ham-bites-20\/","og_site_name":"Reino de Le\u00f3n","article_publisher":"https:\/\/www.facebook.com\/ReinodLeon","article_modified_time":"2025-10-09T10:53:43+00:00","og_image":[{"width":1066,"height":1066,"url":"https:\/\/www.reinodeleon.com\/wp-content\/uploads\/2023\/06\/Pinchos_queso_de_oveja_jamon_aceite_reinodeleon_20_web_v2.jpg","type":"image\/jpeg"}],"twitter_card":"summary_large_image","schema":{"@context":"https:\/\/schema.org","@graph":[{"@type":"WebPage","@id":"https:\/\/www.reinodeleon.com\/en\/product\/cheese-and-serrano-ham-bites-20\/","url":"https:\/\/www.reinodeleon.com\/en\/product\/cheese-and-serrano-ham-bites-20\/","name":"\u201cReino de Le\u00f3n\u201d Ewe\u2019s Milk Cheese and Serrano Ham Bites (20 pcs)","isPartOf":{"@id":"https:\/\/www.reinodeleon.com\/en\/#website"},"primaryImageOfPage":{"@id":"https:\/\/www.reinodeleon.com\/en\/product\/cheese-and-serrano-ham-bites-20\/#primaryimage"},"image":{"@id":"https:\/\/www.reinodeleon.com\/en\/product\/cheese-and-serrano-ham-bites-20\/#primaryimage"},"thumbnailUrl":"https:\/\/www.reinodeleon.com\/wp-content\/uploads\/2023\/06\/Pinchos_queso_de_oveja_jamon_aceite_reinodeleon_20_web_v2.jpg","datePublished":"2023-09-25T16:49:37+00:00","dateModified":"2025-10-09T10:53:43+00:00","description":"Explore our sheep cheese skewers with ham in oil, a delicate combination of sheep cheese and ham, dipped in oil for an exceptional flavor.","breadcrumb":{"@id":"https:\/\/www.reinodeleon.com\/en\/product\/cheese-and-serrano-ham-bites-20\/#breadcrumb"},"inLanguage":"en-GB","potentialAction":[{"@type":"ReadAction","target":["https:\/\/www.reinodeleon.com\/en\/product\/cheese-and-serrano-ham-bites-20\/"]}]},{"@type":"ImageObject","inLanguage":"en-GB","@id":"https:\/\/www.reinodeleon.com\/en\/product\/cheese-and-serrano-ham-bites-20\/#primaryimage","url":"https:\/\/www.reinodeleon.com\/wp-content\/uploads\/2023\/06\/Pinchos_queso_de_oveja_jamon_aceite_reinodeleon_20_web_v2.jpg","contentUrl":"https:\/\/www.reinodeleon.com\/wp-content\/uploads\/2023\/06\/Pinchos_queso_de_oveja_jamon_aceite_reinodeleon_20_web_v2.jpg","width":1066,"height":1066,"caption":"Pinchos_queso_de_oveja_jamon_aceite_reinodeleon_20_web_v2"},{"@type":"BreadcrumbList","@id":"https:\/\/www.reinodeleon.com\/en\/product\/cheese-and-serrano-ham-bites-20\/#breadcrumb","itemListElement":[{"@type":"ListItem","position":1,"name":"Portada","item":"https:\/\/www.reinodeleon.com\/"},{"@type":"ListItem","position":2,"name":"Shop","item":"https:\/\/www.reinodeleon.com\/en\/shop\/"},{"@type":"ListItem","position":3,"name":"\u201cReino de Le\u00f3n\u201d Ewe\u2019s Milk Cheese and Serrano Ham Bites (20 pcs)"}]},{"@type":"WebSite","@id":"https:\/\/www.reinodeleon.com\/en\/#website","url":"https:\/\/www.reinodeleon.com\/en\/","name":"Reino de Le\u00f3n","description":"Web de productos del reino de Le\u00f3n t\u00edpicos regionales","potentialAction":[{"@type":"SearchAction","target":{"@type":"EntryPoint","urlTemplate":"https:\/\/www.reinodeleon.com\/en\/?s={search_term_string}"},"query-input":{"@type":"PropertyValueSpecification","valueRequired":true,"valueName":"search_term_string"}}],"inLanguage":"en-GB"}]}},"_links":{"self":[{"href":"https:\/\/www.reinodeleon.com\/en\/wp-json\/wp\/v2\/product\/6360"}],"collection":[{"href":"https:\/\/www.reinodeleon.com\/en\/wp-json\/wp\/v2\/product"}],"about":[{"href":"https:\/\/www.reinodeleon.com\/en\/wp-json\/wp\/v2\/types\/product"}],"wp:featuredmedia":[{"embeddable":true,"href":"https:\/\/www.reinodeleon.com\/en\/wp-json\/wp\/v2\/media\/6125"}],"wp:attachment":[{"href":"https:\/\/www.reinodeleon.com\/en\/wp-json\/wp\/v2\/media?parent=6360"}],"wp:term":[{"taxonomy":"product_brand","embeddable":true,"href":"https:\/\/www.reinodeleon.com\/en\/wp-json\/wp\/v2\/product_brand?post=6360"},{"taxonomy":"product_cat","embeddable":true,"href":"https:\/\/www.reinodeleon.com\/en\/wp-json\/wp\/v2\/product_cat?post=6360"},{"taxonomy":"product_tag","embeddable":true,"href":"https:\/\/www.reinodeleon.com\/en\/wp-json\/wp\/v2\/product_tag?post=6360"}],"curies":[{"name":"wp","href":"https:\/\/api.w.org\/{rel}","templated":true}]}}