{"id":6363,"date":"2023-09-25T19:04:27","date_gmt":"2023-09-25T17:04:27","guid":{"rendered":"https:\/\/www.reinodeleon.com\/?post_type=product&#038;p=6363"},"modified":"2025-10-09T12:34:08","modified_gmt":"2025-10-09T10:34:08","slug":"cheese-and-cecina-bites-20-2","status":"publish","type":"product","link":"https:\/\/www.reinodeleon.com\/en\/product\/cheese-and-cecina-bites-20-2\/","title":{"rendered":"\u201cReino de Le\u00f3n\u201d Ewe\u2019s Milk Cheese and Cecina Bites (120 pcs)"},"content":{"rendered":"<p><strong>INGREDIENTS:<\/strong> Pasteurized Sheep&#8217;s MILK Cheese with Beef Jerky (35%), Extra Virgin Olive Oil and Sunflower Oil.<\/p>\n<p><strong>NUTRITIONAL INFORMATION<\/strong> per 100 g, Energy Value: 1.731,02kJ\/414,12 kcal, Fats: 33,8 g, of which saturated: 15,8 g, Carbohydrates: 2,46 g, of which sugars: &lt;0,5 g, Proteins: 25,02 g, Salt: 0,91 g.<\/p>\n<p><strong>STORAGE:<\/strong> 0\u00ba-8\u00ba Celsius.<\/p>\n<p><strong>IDEAL CONSUMPTION:<\/strong> At room temperature.<\/p>\n<p><strong>ALLERGENS:<\/strong> Contains Milk. Gluten free.<\/p>\n<p><strong>HEALTH REGISTRATION NUMBER:<\/strong> 26.019106-LE<\/p>","protected":false},"excerpt":{"rendered":"<ul>\n<li>Skewered cubes of Sheep Cheese with Cecina de Vaca in Extra Virgin Olive Oil and Sunflower Oil.<\/li>\n<li>Presentation format PP bucket with 120 units.<\/li>\n<li>Without preservatives. Without Colorants. Gluten free.<\/li>\n<li>Net weight 3,5 kg &#8211; Drained weight 2,5 kg.<\/li>\n<li>We use refrigerated shipping with Integra2 to ensure the highest quality.<\/li>\n<\/ul>","protected":false},"featured_media":6174,"template":"","meta":{"_monsterinsights_skip_tracking":false,"_monsterinsights_sitenote_active":false,"_monsterinsights_sitenote_note":"","_monsterinsights_sitenote_category":0},"product_brand":[],"product_cat":[57],"product_tag":[],"class_list":{"0":"post-6363","1":"product","2":"type-product","3":"status-publish","4":"has-post-thumbnail","6":"product_cat-cheese-bites","8":"first","9":"instock","10":"taxable","11":"shipping-taxable","12":"purchasable","13":"product-type-simple"},"yoast_head":"<!-- This site is optimized with the Yoast SEO plugin v25.6 - https:\/\/yoast.com\/wordpress\/plugins\/seo\/ -->\n<title>\u201cReino de Le\u00f3n\u201d Ewe\u2019s Milk Cheese and Cecina Bites (120 pcs)<\/title>\n<meta name=\"description\" content=\"Try our sheep cheese skewers with jerky in oil, a unique combination of intense flavors. A perfect gourmet snack for any occasion.\" \/>\n<meta name=\"robots\" content=\"index, follow, max-snippet:-1, max-image-preview:large, max-video-preview:-1\" \/>\n<link rel=\"canonical\" href=\"https:\/\/www.reinodeleon.com\/en\/product\/cheese-and-cecina-bites-20-2\/\" \/>\n<meta property=\"og:locale\" content=\"en_GB\" \/>\n<meta property=\"og:type\" content=\"article\" \/>\n<meta property=\"og:title\" content=\"\u201cReino de Le\u00f3n\u201d Ewe\u2019s Milk Cheese and Cecina Bites (120 pcs)\" \/>\n<meta property=\"og:description\" content=\"Try our sheep cheese skewers with jerky in oil, a unique combination of intense flavors. A perfect gourmet snack for any occasion.\" \/>\n<meta property=\"og:url\" content=\"https:\/\/www.reinodeleon.com\/en\/product\/cheese-and-cecina-bites-20-2\/\" \/>\n<meta property=\"og:site_name\" content=\"Reino de Le\u00f3n\" \/>\n<meta property=\"article:publisher\" content=\"https:\/\/www.facebook.com\/ReinodLeon\" \/>\n<meta property=\"article:modified_time\" content=\"2025-10-09T10:34:08+00:00\" \/>\n<meta property=\"og:image\" content=\"https:\/\/www.reinodeleon.com\/wp-content\/uploads\/2023\/07\/cubo_120_pinchos_cecina.jpg\" \/>\n\t<meta property=\"og:image:width\" content=\"1024\" \/>\n\t<meta property=\"og:image:height\" content=\"1157\" \/>\n\t<meta property=\"og:image:type\" content=\"image\/jpeg\" \/>\n<meta name=\"twitter:card\" content=\"summary_large_image\" \/>\n<script type=\"application\/ld+json\" class=\"yoast-schema-graph\">{\"@context\":\"https:\/\/schema.org\",\"@graph\":[{\"@type\":\"WebPage\",\"@id\":\"https:\/\/www.reinodeleon.com\/en\/product\/cheese-and-cecina-bites-20-2\/\",\"url\":\"https:\/\/www.reinodeleon.com\/en\/product\/cheese-and-cecina-bites-20-2\/\",\"name\":\"\u201cReino de Le\u00f3n\u201d Ewe\u2019s Milk Cheese and Cecina Bites (120 pcs)\",\"isPartOf\":{\"@id\":\"https:\/\/www.reinodeleon.com\/en\/#website\"},\"primaryImageOfPage\":{\"@id\":\"https:\/\/www.reinodeleon.com\/en\/product\/cheese-and-cecina-bites-20-2\/#primaryimage\"},\"image\":{\"@id\":\"https:\/\/www.reinodeleon.com\/en\/product\/cheese-and-cecina-bites-20-2\/#primaryimage\"},\"thumbnailUrl\":\"https:\/\/www.reinodeleon.com\/wp-content\/uploads\/2023\/07\/cubo_120_pinchos_cecina.jpg\",\"datePublished\":\"2023-09-25T17:04:27+00:00\",\"dateModified\":\"2025-10-09T10:34:08+00:00\",\"description\":\"Try our sheep cheese skewers with jerky in oil, a unique combination of intense flavors. A perfect gourmet snack for any occasion.\",\"breadcrumb\":{\"@id\":\"https:\/\/www.reinodeleon.com\/en\/product\/cheese-and-cecina-bites-20-2\/#breadcrumb\"},\"inLanguage\":\"en-GB\",\"potentialAction\":[{\"@type\":\"ReadAction\",\"target\":[\"https:\/\/www.reinodeleon.com\/en\/product\/cheese-and-cecina-bites-20-2\/\"]}]},{\"@type\":\"ImageObject\",\"inLanguage\":\"en-GB\",\"@id\":\"https:\/\/www.reinodeleon.com\/en\/product\/cheese-and-cecina-bites-20-2\/#primaryimage\",\"url\":\"https:\/\/www.reinodeleon.com\/wp-content\/uploads\/2023\/07\/cubo_120_pinchos_cecina.jpg\",\"contentUrl\":\"https:\/\/www.reinodeleon.com\/wp-content\/uploads\/2023\/07\/cubo_120_pinchos_cecina.jpg\",\"width\":1024,\"height\":1157},{\"@type\":\"BreadcrumbList\",\"@id\":\"https:\/\/www.reinodeleon.com\/en\/product\/cheese-and-cecina-bites-20-2\/#breadcrumb\",\"itemListElement\":[{\"@type\":\"ListItem\",\"position\":1,\"name\":\"Portada\",\"item\":\"https:\/\/www.reinodeleon.com\/\"},{\"@type\":\"ListItem\",\"position\":2,\"name\":\"Shop\",\"item\":\"https:\/\/www.reinodeleon.com\/en\/shop\/\"},{\"@type\":\"ListItem\",\"position\":3,\"name\":\"\u201cReino de Le\u00f3n\u201d Ewe\u2019s Milk Cheese and Cecina Bites (120 pcs)\"}]},{\"@type\":\"WebSite\",\"@id\":\"https:\/\/www.reinodeleon.com\/en\/#website\",\"url\":\"https:\/\/www.reinodeleon.com\/en\/\",\"name\":\"Reino de Le\u00f3n\",\"description\":\"Web de productos del reino de Le\u00f3n t\u00edpicos regionales\",\"potentialAction\":[{\"@type\":\"SearchAction\",\"target\":{\"@type\":\"EntryPoint\",\"urlTemplate\":\"https:\/\/www.reinodeleon.com\/en\/?s={search_term_string}\"},\"query-input\":{\"@type\":\"PropertyValueSpecification\",\"valueRequired\":true,\"valueName\":\"search_term_string\"}}],\"inLanguage\":\"en-GB\"}]}<\/script>\n<!-- \/ Yoast SEO plugin. -->","yoast_head_json":{"title":"\u201cReino de Le\u00f3n\u201d Ewe\u2019s Milk Cheese and Cecina Bites (120 pcs)","description":"Try our sheep cheese skewers with jerky in oil, a unique combination of intense flavors. A perfect gourmet snack for any occasion.","robots":{"index":"index","follow":"follow","max-snippet":"max-snippet:-1","max-image-preview":"max-image-preview:large","max-video-preview":"max-video-preview:-1"},"canonical":"https:\/\/www.reinodeleon.com\/en\/product\/cheese-and-cecina-bites-20-2\/","og_locale":"en_GB","og_type":"article","og_title":"\u201cReino de Le\u00f3n\u201d Ewe\u2019s Milk Cheese and Cecina Bites (120 pcs)","og_description":"Try our sheep cheese skewers with jerky in oil, a unique combination of intense flavors. A perfect gourmet snack for any occasion.","og_url":"https:\/\/www.reinodeleon.com\/en\/product\/cheese-and-cecina-bites-20-2\/","og_site_name":"Reino de Le\u00f3n","article_publisher":"https:\/\/www.facebook.com\/ReinodLeon","article_modified_time":"2025-10-09T10:34:08+00:00","og_image":[{"width":1024,"height":1157,"url":"https:\/\/www.reinodeleon.com\/wp-content\/uploads\/2023\/07\/cubo_120_pinchos_cecina.jpg","type":"image\/jpeg"}],"twitter_card":"summary_large_image","schema":{"@context":"https:\/\/schema.org","@graph":[{"@type":"WebPage","@id":"https:\/\/www.reinodeleon.com\/en\/product\/cheese-and-cecina-bites-20-2\/","url":"https:\/\/www.reinodeleon.com\/en\/product\/cheese-and-cecina-bites-20-2\/","name":"\u201cReino de Le\u00f3n\u201d Ewe\u2019s Milk Cheese and Cecina Bites (120 pcs)","isPartOf":{"@id":"https:\/\/www.reinodeleon.com\/en\/#website"},"primaryImageOfPage":{"@id":"https:\/\/www.reinodeleon.com\/en\/product\/cheese-and-cecina-bites-20-2\/#primaryimage"},"image":{"@id":"https:\/\/www.reinodeleon.com\/en\/product\/cheese-and-cecina-bites-20-2\/#primaryimage"},"thumbnailUrl":"https:\/\/www.reinodeleon.com\/wp-content\/uploads\/2023\/07\/cubo_120_pinchos_cecina.jpg","datePublished":"2023-09-25T17:04:27+00:00","dateModified":"2025-10-09T10:34:08+00:00","description":"Try our sheep cheese skewers with jerky in oil, a unique combination of intense flavors. A perfect gourmet snack for any occasion.","breadcrumb":{"@id":"https:\/\/www.reinodeleon.com\/en\/product\/cheese-and-cecina-bites-20-2\/#breadcrumb"},"inLanguage":"en-GB","potentialAction":[{"@type":"ReadAction","target":["https:\/\/www.reinodeleon.com\/en\/product\/cheese-and-cecina-bites-20-2\/"]}]},{"@type":"ImageObject","inLanguage":"en-GB","@id":"https:\/\/www.reinodeleon.com\/en\/product\/cheese-and-cecina-bites-20-2\/#primaryimage","url":"https:\/\/www.reinodeleon.com\/wp-content\/uploads\/2023\/07\/cubo_120_pinchos_cecina.jpg","contentUrl":"https:\/\/www.reinodeleon.com\/wp-content\/uploads\/2023\/07\/cubo_120_pinchos_cecina.jpg","width":1024,"height":1157},{"@type":"BreadcrumbList","@id":"https:\/\/www.reinodeleon.com\/en\/product\/cheese-and-cecina-bites-20-2\/#breadcrumb","itemListElement":[{"@type":"ListItem","position":1,"name":"Portada","item":"https:\/\/www.reinodeleon.com\/"},{"@type":"ListItem","position":2,"name":"Shop","item":"https:\/\/www.reinodeleon.com\/en\/shop\/"},{"@type":"ListItem","position":3,"name":"\u201cReino de Le\u00f3n\u201d Ewe\u2019s Milk Cheese and Cecina Bites (120 pcs)"}]},{"@type":"WebSite","@id":"https:\/\/www.reinodeleon.com\/en\/#website","url":"https:\/\/www.reinodeleon.com\/en\/","name":"Reino de Le\u00f3n","description":"Web de productos del reino de Le\u00f3n t\u00edpicos regionales","potentialAction":[{"@type":"SearchAction","target":{"@type":"EntryPoint","urlTemplate":"https:\/\/www.reinodeleon.com\/en\/?s={search_term_string}"},"query-input":{"@type":"PropertyValueSpecification","valueRequired":true,"valueName":"search_term_string"}}],"inLanguage":"en-GB"}]}},"_links":{"self":[{"href":"https:\/\/www.reinodeleon.com\/en\/wp-json\/wp\/v2\/product\/6363"}],"collection":[{"href":"https:\/\/www.reinodeleon.com\/en\/wp-json\/wp\/v2\/product"}],"about":[{"href":"https:\/\/www.reinodeleon.com\/en\/wp-json\/wp\/v2\/types\/product"}],"wp:featuredmedia":[{"embeddable":true,"href":"https:\/\/www.reinodeleon.com\/en\/wp-json\/wp\/v2\/media\/6174"}],"wp:attachment":[{"href":"https:\/\/www.reinodeleon.com\/en\/wp-json\/wp\/v2\/media?parent=6363"}],"wp:term":[{"taxonomy":"product_brand","embeddable":true,"href":"https:\/\/www.reinodeleon.com\/en\/wp-json\/wp\/v2\/product_brand?post=6363"},{"taxonomy":"product_cat","embeddable":true,"href":"https:\/\/www.reinodeleon.com\/en\/wp-json\/wp\/v2\/product_cat?post=6363"},{"taxonomy":"product_tag","embeddable":true,"href":"https:\/\/www.reinodeleon.com\/en\/wp-json\/wp\/v2\/product_tag?post=6363"}],"curies":[{"name":"wp","href":"https:\/\/api.w.org\/{rel}","templated":true}]}}