{"id":6765,"date":"2024-06-26T11:45:47","date_gmt":"2024-06-26T09:45:47","guid":{"rendered":"https:\/\/www.reinodeleon.com\/?post_type=product&#038;p=6765"},"modified":"2026-01-26T13:52:21","modified_gmt":"2026-01-26T12:52:21","slug":"cheese-skewers-el-andaluz-yellow","status":"publish","type":"product","link":"https:\/\/www.reinodeleon.com\/en\/product\/cheese-skewers-el-andaluz-yellow\/","title":{"rendered":"\u201cReino de Le\u00f3n\u201d El Andaluz cheese skewers (20 pcs) Yellow"},"content":{"rendered":"<p class=\"p1\"><b>INGREDIENTS:<\/b> Pasteurized Cow&#8217;s MILK Cheese, Sheep, Chilli, Salt, Garlic, with Pitted Black Olive (Flavor Enhancers (E-621-E-627-E631) Spice Blend, preservatives (E202-E211), acidulant (E-330), color stabilizer (E-579) and antioxidant (E-300)), and Yellow Pepper (water, sugar, vinegar, salt, antioxidants: ascorbic acid, calcium chloride). In Extra Virgin Olive Oil and Sunflower Oil.<\/p>\n<p class=\"p1\"><b>NUTRITIONAL INFORMATION<\/b> per 100 g, Energy Value: 1.166,46kJ\/281 kcal, Fats: 22,47 g, of which saturated: 9,34g, Carbohydrates: 4,72g, of which sugars:<span class=\"Apple-converted-space\">\u00a0 <\/span>1,01g, Proteins: 14,97g, Salt: 0,98g.<\/p>\n<p><strong>STORAGE:<\/strong> 0\u00ba-8\u00ba Celsius.<\/p>\n<p><strong>IDEAL CONSUMPTION:<\/strong> At room temperature.<\/p>\n<p><strong>ALLERGENS:<\/strong> Contains Milk. Gluten free.<\/p>\n<p><strong>HEALTH REGISTRATION NUMBER:<\/strong> 26.019106-LE<\/p>","protected":false},"excerpt":{"rendered":"<p class=\"p1\">New El Andaluz Pinchos: a delicious combination of spicy cheese, black olive, and yellow pepper. Perfect for a flavorful bite! This product has been awarded the prestigious 2024 V Gama Product Prize by the Diputaci\u00f3n de Le\u00f3n, recognizing its quality and excellence.<\/p>\n<ul>\n<li>Presentation in PP trays of 20 units.<\/li>\n<li>Net weight 510 g &#8211; Drained weight 280 g.<\/li>\n<li>We use refrigerated shipping with Integra2 to ensure the highest quality.<\/li>\n<\/ul>","protected":false},"featured_media":7476,"template":"","meta":{"_monsterinsights_skip_tracking":false,"_monsterinsights_sitenote_active":false,"_monsterinsights_sitenote_note":"","_monsterinsights_sitenote_category":0},"product_brand":[],"product_cat":[57],"product_tag":[],"class_list":{"0":"post-6765","1":"product","2":"type-product","3":"status-publish","4":"has-post-thumbnail","6":"product_cat-cheese-bites","8":"first","9":"instock","10":"taxable","11":"shipping-taxable","12":"purchasable","13":"product-type-simple"},"yoast_head":"<!-- This site is optimized with the Yoast SEO plugin v25.6 - https:\/\/yoast.com\/wordpress\/plugins\/seo\/ -->\n<title>\u201cReino de Le\u00f3n\u201d El Andaluz cheese skewers (20 pcs) Yellow - Reino de Le\u00f3n<\/title>\n<meta name=\"description\" content=\"Enjoy the exquisite Pinchos El Andaluz: a perfect combination of spicy cheese, black olives and yellow pepper, an explosion of flavor in every bite!\" \/>\n<meta name=\"robots\" content=\"index, follow, max-snippet:-1, max-image-preview:large, max-video-preview:-1\" \/>\n<link rel=\"canonical\" href=\"https:\/\/www.reinodeleon.com\/en\/product\/cheese-skewers-el-andaluz-yellow\/\" \/>\n<meta property=\"og:locale\" content=\"en_GB\" \/>\n<meta property=\"og:type\" content=\"article\" \/>\n<meta property=\"og:title\" content=\"\u201cReino de Le\u00f3n\u201d El Andaluz cheese skewers (20 pcs) Yellow - Reino de Le\u00f3n\" \/>\n<meta property=\"og:description\" content=\"Enjoy the exquisite Pinchos El Andaluz: a perfect combination of spicy cheese, black olives and yellow pepper, an explosion of flavor in every bite!\" \/>\n<meta property=\"og:url\" content=\"https:\/\/www.reinodeleon.com\/en\/product\/cheese-skewers-el-andaluz-yellow\/\" \/>\n<meta property=\"og:site_name\" content=\"Reino de Le\u00f3n\" \/>\n<meta property=\"article:publisher\" content=\"https:\/\/www.facebook.com\/ReinodLeon\" \/>\n<meta property=\"article:modified_time\" content=\"2026-01-26T12:52:21+00:00\" \/>\n<meta property=\"og:image\" content=\"https:\/\/www.reinodeleon.com\/wp-content\/uploads\/2024\/06\/nuevos_pinchos_amarillo_premeio2024-1-scaled.jpg\" \/>\n\t<meta property=\"og:image:width\" content=\"2560\" \/>\n\t<meta property=\"og:image:height\" content=\"2407\" \/>\n\t<meta property=\"og:image:type\" content=\"image\/jpeg\" \/>\n<meta name=\"twitter:card\" content=\"summary_large_image\" \/>\n<script type=\"application\/ld+json\" class=\"yoast-schema-graph\">{\"@context\":\"https:\/\/schema.org\",\"@graph\":[{\"@type\":\"WebPage\",\"@id\":\"https:\/\/www.reinodeleon.com\/en\/product\/cheese-skewers-el-andaluz-yellow\/\",\"url\":\"https:\/\/www.reinodeleon.com\/en\/product\/cheese-skewers-el-andaluz-yellow\/\",\"name\":\"\u201cReino de Le\u00f3n\u201d El Andaluz cheese skewers (20 pcs) Yellow - Reino de Le\u00f3n\",\"isPartOf\":{\"@id\":\"https:\/\/www.reinodeleon.com\/en\/#website\"},\"primaryImageOfPage\":{\"@id\":\"https:\/\/www.reinodeleon.com\/en\/product\/cheese-skewers-el-andaluz-yellow\/#primaryimage\"},\"image\":{\"@id\":\"https:\/\/www.reinodeleon.com\/en\/product\/cheese-skewers-el-andaluz-yellow\/#primaryimage\"},\"thumbnailUrl\":\"https:\/\/www.reinodeleon.com\/wp-content\/uploads\/2024\/06\/nuevos_pinchos_amarillo_premeio2024-1-scaled.jpg\",\"datePublished\":\"2024-06-26T09:45:47+00:00\",\"dateModified\":\"2026-01-26T12:52:21+00:00\",\"description\":\"Enjoy the exquisite Pinchos El Andaluz: a perfect combination of spicy cheese, black olives and yellow pepper, an explosion of flavor in every bite!\",\"breadcrumb\":{\"@id\":\"https:\/\/www.reinodeleon.com\/en\/product\/cheese-skewers-el-andaluz-yellow\/#breadcrumb\"},\"inLanguage\":\"en-GB\",\"potentialAction\":[{\"@type\":\"ReadAction\",\"target\":[\"https:\/\/www.reinodeleon.com\/en\/product\/cheese-skewers-el-andaluz-yellow\/\"]}]},{\"@type\":\"ImageObject\",\"inLanguage\":\"en-GB\",\"@id\":\"https:\/\/www.reinodeleon.com\/en\/product\/cheese-skewers-el-andaluz-yellow\/#primaryimage\",\"url\":\"https:\/\/www.reinodeleon.com\/wp-content\/uploads\/2024\/06\/nuevos_pinchos_amarillo_premeio2024-1-scaled.jpg\",\"contentUrl\":\"https:\/\/www.reinodeleon.com\/wp-content\/uploads\/2024\/06\/nuevos_pinchos_amarillo_premeio2024-1-scaled.jpg\",\"width\":2560,\"height\":2407},{\"@type\":\"BreadcrumbList\",\"@id\":\"https:\/\/www.reinodeleon.com\/en\/product\/cheese-skewers-el-andaluz-yellow\/#breadcrumb\",\"itemListElement\":[{\"@type\":\"ListItem\",\"position\":1,\"name\":\"Portada\",\"item\":\"https:\/\/www.reinodeleon.com\/\"},{\"@type\":\"ListItem\",\"position\":2,\"name\":\"Shop\",\"item\":\"https:\/\/www.reinodeleon.com\/en\/shop\/\"},{\"@type\":\"ListItem\",\"position\":3,\"name\":\"\u201cReino de Le\u00f3n\u201d El Andaluz cheese skewers (20 pcs) Yellow\"}]},{\"@type\":\"WebSite\",\"@id\":\"https:\/\/www.reinodeleon.com\/en\/#website\",\"url\":\"https:\/\/www.reinodeleon.com\/en\/\",\"name\":\"Reino de Le\u00f3n\",\"description\":\"Web de productos del reino de Le\u00f3n t\u00edpicos regionales\",\"potentialAction\":[{\"@type\":\"SearchAction\",\"target\":{\"@type\":\"EntryPoint\",\"urlTemplate\":\"https:\/\/www.reinodeleon.com\/en\/?s={search_term_string}\"},\"query-input\":{\"@type\":\"PropertyValueSpecification\",\"valueRequired\":true,\"valueName\":\"search_term_string\"}}],\"inLanguage\":\"en-GB\"}]}<\/script>\n<!-- \/ Yoast SEO plugin. -->","yoast_head_json":{"title":"\u201cReino de Le\u00f3n\u201d El Andaluz cheese skewers (20 pcs) Yellow - Reino de Le\u00f3n","description":"Enjoy the exquisite Pinchos El Andaluz: a perfect combination of spicy cheese, black olives and yellow pepper, an explosion of flavor in every bite!","robots":{"index":"index","follow":"follow","max-snippet":"max-snippet:-1","max-image-preview":"max-image-preview:large","max-video-preview":"max-video-preview:-1"},"canonical":"https:\/\/www.reinodeleon.com\/en\/product\/cheese-skewers-el-andaluz-yellow\/","og_locale":"en_GB","og_type":"article","og_title":"\u201cReino de Le\u00f3n\u201d El Andaluz cheese skewers (20 pcs) Yellow - Reino de Le\u00f3n","og_description":"Enjoy the exquisite Pinchos El Andaluz: a perfect combination of spicy cheese, black olives and yellow pepper, an explosion of flavor in every bite!","og_url":"https:\/\/www.reinodeleon.com\/en\/product\/cheese-skewers-el-andaluz-yellow\/","og_site_name":"Reino de Le\u00f3n","article_publisher":"https:\/\/www.facebook.com\/ReinodLeon","article_modified_time":"2026-01-26T12:52:21+00:00","og_image":[{"width":2560,"height":2407,"url":"https:\/\/www.reinodeleon.com\/wp-content\/uploads\/2024\/06\/nuevos_pinchos_amarillo_premeio2024-1-scaled.jpg","type":"image\/jpeg"}],"twitter_card":"summary_large_image","schema":{"@context":"https:\/\/schema.org","@graph":[{"@type":"WebPage","@id":"https:\/\/www.reinodeleon.com\/en\/product\/cheese-skewers-el-andaluz-yellow\/","url":"https:\/\/www.reinodeleon.com\/en\/product\/cheese-skewers-el-andaluz-yellow\/","name":"\u201cReino de Le\u00f3n\u201d El Andaluz cheese skewers (20 pcs) Yellow - Reino de Le\u00f3n","isPartOf":{"@id":"https:\/\/www.reinodeleon.com\/en\/#website"},"primaryImageOfPage":{"@id":"https:\/\/www.reinodeleon.com\/en\/product\/cheese-skewers-el-andaluz-yellow\/#primaryimage"},"image":{"@id":"https:\/\/www.reinodeleon.com\/en\/product\/cheese-skewers-el-andaluz-yellow\/#primaryimage"},"thumbnailUrl":"https:\/\/www.reinodeleon.com\/wp-content\/uploads\/2024\/06\/nuevos_pinchos_amarillo_premeio2024-1-scaled.jpg","datePublished":"2024-06-26T09:45:47+00:00","dateModified":"2026-01-26T12:52:21+00:00","description":"Enjoy the exquisite Pinchos El Andaluz: a perfect combination of spicy cheese, black olives and yellow pepper, an explosion of flavor in every bite!","breadcrumb":{"@id":"https:\/\/www.reinodeleon.com\/en\/product\/cheese-skewers-el-andaluz-yellow\/#breadcrumb"},"inLanguage":"en-GB","potentialAction":[{"@type":"ReadAction","target":["https:\/\/www.reinodeleon.com\/en\/product\/cheese-skewers-el-andaluz-yellow\/"]}]},{"@type":"ImageObject","inLanguage":"en-GB","@id":"https:\/\/www.reinodeleon.com\/en\/product\/cheese-skewers-el-andaluz-yellow\/#primaryimage","url":"https:\/\/www.reinodeleon.com\/wp-content\/uploads\/2024\/06\/nuevos_pinchos_amarillo_premeio2024-1-scaled.jpg","contentUrl":"https:\/\/www.reinodeleon.com\/wp-content\/uploads\/2024\/06\/nuevos_pinchos_amarillo_premeio2024-1-scaled.jpg","width":2560,"height":2407},{"@type":"BreadcrumbList","@id":"https:\/\/www.reinodeleon.com\/en\/product\/cheese-skewers-el-andaluz-yellow\/#breadcrumb","itemListElement":[{"@type":"ListItem","position":1,"name":"Portada","item":"https:\/\/www.reinodeleon.com\/"},{"@type":"ListItem","position":2,"name":"Shop","item":"https:\/\/www.reinodeleon.com\/en\/shop\/"},{"@type":"ListItem","position":3,"name":"\u201cReino de Le\u00f3n\u201d El Andaluz cheese skewers (20 pcs) Yellow"}]},{"@type":"WebSite","@id":"https:\/\/www.reinodeleon.com\/en\/#website","url":"https:\/\/www.reinodeleon.com\/en\/","name":"Reino de Le\u00f3n","description":"Web de productos del reino de Le\u00f3n t\u00edpicos regionales","potentialAction":[{"@type":"SearchAction","target":{"@type":"EntryPoint","urlTemplate":"https:\/\/www.reinodeleon.com\/en\/?s={search_term_string}"},"query-input":{"@type":"PropertyValueSpecification","valueRequired":true,"valueName":"search_term_string"}}],"inLanguage":"en-GB"}]}},"_links":{"self":[{"href":"https:\/\/www.reinodeleon.com\/en\/wp-json\/wp\/v2\/product\/6765"}],"collection":[{"href":"https:\/\/www.reinodeleon.com\/en\/wp-json\/wp\/v2\/product"}],"about":[{"href":"https:\/\/www.reinodeleon.com\/en\/wp-json\/wp\/v2\/types\/product"}],"wp:featuredmedia":[{"embeddable":true,"href":"https:\/\/www.reinodeleon.com\/en\/wp-json\/wp\/v2\/media\/7476"}],"wp:attachment":[{"href":"https:\/\/www.reinodeleon.com\/en\/wp-json\/wp\/v2\/media?parent=6765"}],"wp:term":[{"taxonomy":"product_brand","embeddable":true,"href":"https:\/\/www.reinodeleon.com\/en\/wp-json\/wp\/v2\/product_brand?post=6765"},{"taxonomy":"product_cat","embeddable":true,"href":"https:\/\/www.reinodeleon.com\/en\/wp-json\/wp\/v2\/product_cat?post=6765"},{"taxonomy":"product_tag","embeddable":true,"href":"https:\/\/www.reinodeleon.com\/en\/wp-json\/wp\/v2\/product_tag?post=6765"}],"curies":[{"name":"wp","href":"https:\/\/api.w.org\/{rel}","templated":true}]}}